{"id":266385,"date":"2023-08-09T09:31:26","date_gmt":"2023-08-09T09:31:26","guid":{"rendered":"https:\/\/www.lmetb.ie\/?page_id=266385"},"modified":"2025-04-02T19:51:31","modified_gmt":"2025-04-02T19:51:31","slug":"further-education-training-2","status":"publish","type":"page","link":"https:\/\/www.lmetb.ie\/ga\/further-education-training\/further-education-training-2\/","title":{"rendered":"LMETB FET Staff Directory"},"content":{"rendered":"","protected":true},"excerpt":{"rendered":"","protected":true},"author":1,"featured_media":0,"parent":137,"menu_order":0,"comment_status":"closed","ping_status":"closed","template":"","meta":{"_acf_changed":false,"_et_pb_use_builder":"on","_et_pb_old_content":"<!-- wp:divi\/placeholder \/-->","_et_gb_content_width":"","footnotes":""},"class_list":["post-266385","page","type-page","status-publish","post-password-required","hentry"],"acf":[],"yoast_head":"<!-- This site is optimized with the Yoast SEO plugin v26.1 - https:\/\/yoast.com\/wordpress\/plugins\/seo\/ -->\n<title>LMETB FET Staff Directory - Louth &amp; Meath Education and Training Board<\/title>\n<meta name=\"description\" content=\"LMETB FET Staff Directory\" \/>\n<meta name=\"robots\" content=\"index, follow, max-snippet:-1, max-image-preview:large, max-video-preview:-1\" \/>\n<link rel=\"canonical\" href=\"https:\/\/www.lmetb.ie\/ga\/further-education-training\/further-education-training-2\/\" \/>\n<meta property=\"og:locale\" content=\"ga_IE\" \/>\n<meta property=\"og:type\" content=\"article\" \/>\n<meta property=\"og:title\" content=\"LMETB FET Staff Directory - Louth &amp; Meath Education and Training Board\" \/>\n<meta property=\"og:description\" content=\"LMETB FET Staff Directory\" \/>\n<meta property=\"og:url\" content=\"https:\/\/www.lmetb.ie\/ga\/further-education-training\/further-education-training-2\/\" \/>\n<meta property=\"og:site_name\" content=\"Louth &amp; Meath Education and Training Board\" \/>\n<meta property=\"article:modified_time\" content=\"2025-04-02T19:51:31+00:00\" \/>\n<meta name=\"twitter:card\" content=\"summary_large_image\" \/>\n<meta name=\"twitter:label1\" content=\"Est. reading time\" \/>\n\t<meta name=\"twitter:data1\" content=\"55 minutes\" \/>\n<script type=\"application\/ld+json\" class=\"yoast-schema-graph\">{\"@context\":\"https:\/\/schema.org\",\"@graph\":[{\"@type\":\"WebPage\",\"@id\":\"https:\/\/www.lmetb.ie\/ga\/further-education-training\/further-education-training-2\/\",\"url\":\"https:\/\/www.lmetb.ie\/ga\/further-education-training\/further-education-training-2\/\",\"name\":\"LMETB FET Staff Directory - Louth &amp; Meath Education and Training Board\",\"isPartOf\":{\"@id\":\"https:\/\/www.lmetb.ie\/ga\/#website\"},\"datePublished\":\"2023-08-09T09:31:26+00:00\",\"dateModified\":\"2025-04-02T19:51:31+00:00\",\"breadcrumb\":{\"@id\":\"https:\/\/www.lmetb.ie\/ga\/further-education-training\/further-education-training-2\/#breadcrumb\"},\"inLanguage\":\"ga-IE\"},{\"@type\":\"WebSite\",\"@id\":\"https:\/\/www.lmetb.ie\/ga\/#website\",\"url\":\"https:\/\/www.lmetb.ie\/ga\/\",\"name\":\"Louth & Meath Education and Training Board\",\"description\":\"Bord Oideachas agus Oili\u00fana L\u00fa agus na M\u00ed\",\"publisher\":{\"@id\":\"https:\/\/www.lmetb.ie\/ga\/#organization\"},\"potentialAction\":[{\"@type\":\"SearchAction\",\"target\":{\"@type\":\"EntryPoint\",\"urlTemplate\":\"https:\/\/www.lmetb.ie\/ga\/?s={search_term_string}\"},\"query-input\":{\"@type\":\"PropertyValueSpecification\",\"valueRequired\":true,\"valueName\":\"search_term_string\"}}],\"inLanguage\":\"ga-IE\"},{\"@type\":\"Organization\",\"@id\":\"https:\/\/www.lmetb.ie\/ga\/#organization\",\"name\":\"Louth & Meath Education and Training Board\",\"url\":\"https:\/\/www.lmetb.ie\/ga\/\",\"logo\":{\"@type\":\"ImageObject\",\"inLanguage\":\"ga-IE\",\"@id\":\"https:\/\/www.lmetb.ie\/ga\/#\/schema\/logo\/image\/\",\"url\":\"https:\/\/www.lmetb.ie\/wp-content\/uploads\/2021\/06\/partnerLogo_2.jpg\",\"contentUrl\":\"https:\/\/www.lmetb.ie\/wp-content\/uploads\/2021\/06\/partnerLogo_2.jpg\",\"width\":300,\"height\":150,\"caption\":\"Louth & Meath Education and Training Board\"},\"image\":{\"@id\":\"https:\/\/www.lmetb.ie\/ga\/#\/schema\/logo\/image\/\"}}]}<\/script>\n<!-- \/ Yoast SEO plugin. -->","yoast_head_json":{"title":"LMETB FET Staff Directory - Louth &amp; Meath Education and Training Board","description":"LMETB FET Staff Directory","robots":{"index":"index","follow":"follow","max-snippet":"max-snippet:-1","max-image-preview":"max-image-preview:large","max-video-preview":"max-video-preview:-1"},"canonical":"https:\/\/www.lmetb.ie\/ga\/further-education-training\/further-education-training-2\/","og_locale":"ga_IE","og_type":"article","og_title":"LMETB FET Staff Directory - Louth &amp; Meath Education and Training Board","og_description":"LMETB FET Staff Directory","og_url":"https:\/\/www.lmetb.ie\/ga\/further-education-training\/further-education-training-2\/","og_site_name":"Louth &amp; Meath Education and Training Board","article_modified_time":"2025-04-02T19:51:31+00:00","twitter_card":"summary_large_image","twitter_misc":{"Est. reading time":"55 minutes"},"schema":{"@context":"https:\/\/schema.org","@graph":[{"@type":"WebPage","@id":"https:\/\/www.lmetb.ie\/ga\/further-education-training\/further-education-training-2\/","url":"https:\/\/www.lmetb.ie\/ga\/further-education-training\/further-education-training-2\/","name":"LMETB FET Staff Directory - Louth &amp; Meath Education and Training Board","isPartOf":{"@id":"https:\/\/www.lmetb.ie\/ga\/#website"},"datePublished":"2023-08-09T09:31:26+00:00","dateModified":"2025-04-02T19:51:31+00:00","breadcrumb":{"@id":"https:\/\/www.lmetb.ie\/ga\/further-education-training\/further-education-training-2\/#breadcrumb"},"inLanguage":"ga-IE"},{"@type":"WebSite","@id":"https:\/\/www.lmetb.ie\/ga\/#website","url":"https:\/\/www.lmetb.ie\/ga\/","name":"Louth & Meath Education and Training Board","description":"Bord Oideachas agus Oili\u00fana L\u00fa agus na M\u00ed","publisher":{"@id":"https:\/\/www.lmetb.ie\/ga\/#organization"},"potentialAction":[{"@type":"SearchAction","target":{"@type":"EntryPoint","urlTemplate":"https:\/\/www.lmetb.ie\/ga\/?s={search_term_string}"},"query-input":{"@type":"PropertyValueSpecification","valueRequired":true,"valueName":"search_term_string"}}],"inLanguage":"ga-IE"},{"@type":"Organization","@id":"https:\/\/www.lmetb.ie\/ga\/#organization","name":"Louth & Meath Education and Training Board","url":"https:\/\/www.lmetb.ie\/ga\/","logo":{"@type":"ImageObject","inLanguage":"ga-IE","@id":"https:\/\/www.lmetb.ie\/ga\/#\/schema\/logo\/image\/","url":"https:\/\/www.lmetb.ie\/wp-content\/uploads\/2021\/06\/partnerLogo_2.jpg","contentUrl":"https:\/\/www.lmetb.ie\/wp-content\/uploads\/2021\/06\/partnerLogo_2.jpg","width":300,"height":150,"caption":"Louth & Meath Education and Training Board"},"image":{"@id":"https:\/\/www.lmetb.ie\/ga\/#\/schema\/logo\/image\/"}}]}},"_links":{"self":[{"href":"https:\/\/www.lmetb.ie\/ga\/wp-json\/wp\/v2\/pages\/266385","targetHints":{"allow":["GET"]}}],"collection":[{"href":"https:\/\/www.lmetb.ie\/ga\/wp-json\/wp\/v2\/pages"}],"about":[{"href":"https:\/\/www.lmetb.ie\/ga\/wp-json\/wp\/v2\/types\/page"}],"author":[{"embeddable":true,"href":"https:\/\/www.lmetb.ie\/ga\/wp-json\/wp\/v2\/users\/1"}],"replies":[{"embeddable":true,"href":"https:\/\/www.lmetb.ie\/ga\/wp-json\/wp\/v2\/comments?post=266385"}],"version-history":[{"count":40,"href":"https:\/\/www.lmetb.ie\/ga\/wp-json\/wp\/v2\/pages\/266385\/revisions"}],"predecessor-version":[{"id":269550,"href":"https:\/\/www.lmetb.ie\/ga\/wp-json\/wp\/v2\/pages\/266385\/revisions\/269550"}],"up":[{"embeddable":true,"href":"https:\/\/www.lmetb.ie\/ga\/wp-json\/wp\/v2\/pages\/137"}],"wp:attachment":[{"href":"https:\/\/www.lmetb.ie\/ga\/wp-json\/wp\/v2\/media?parent=266385"}],"curies":[{"name":"wp","href":"https:\/\/api.w.org\/{rel}","templated":true}]}}