{"id":245706,"date":"2021-12-01T22:31:00","date_gmt":"2021-12-01T22:31:50","guid":{"rendered":"https:\/\/lmetb.dev.webcore.cloud\/corporate\/publications\/view-publications\/financial-publications\/prompt-payment-returns\/"},"modified":"2022-03-08T10:33:23","modified_gmt":"2022-03-08T10:33:23","slug":"tuairisceain-um-iocaiocht-phras","status":"publish","type":"page","link":"https:\/\/www.lmetb.ie\/ga\/corparaideach\/foilseachain\/feach-ar-fhoilseachain\/foilseachain-airgeadais\/tuairisceain-um-iocaiocht-phras\/","title":{"rendered":"Tuairisce\u00e1in um \u00cdoca\u00edocht Phras"},"content":{"rendered":"<p>[et_pb_section fb_built=&#8221;1&#8243; fullwidth=&#8221;on&#8221; custom_padding_last_edited=&#8221;on|tablet&#8221; _builder_version=&#8221;4.10.7&#8243; _module_preset=&#8221;default&#8221; background_color=&#8221;#2B338C&#8221; custom_padding=&#8221;|0px||0px|false|false&#8221; custom_padding_tablet=&#8221;&#8221; custom_padding_phone=&#8221;|0px||0px|false|false&#8221; bottom_divider_style=&#8221;triangle&#8221; bottom_divider_color=&#8221;#FFFFFF&#8221; bottom_divider_height=&#8221;50px&#8221; bottom_divider_height_tablet=&#8221;40px&#8221; bottom_divider_height_phone=&#8221;30px&#8221; bottom_divider_height_last_edited=&#8221;on|phone&#8221; da_disable_devices=&#8221;off|off|off&#8221; global_colors_info=&#8221;{}&#8221; da_is_popup=&#8221;off&#8221; da_exit_intent=&#8221;off&#8221; da_has_close=&#8221;on&#8221; da_alt_close=&#8221;off&#8221; da_dark_close=&#8221;off&#8221; da_not_modal=&#8221;on&#8221; da_is_singular=&#8221;off&#8221; da_with_loader=&#8221;off&#8221; da_has_shadow=&#8221;on&#8221;][et_pb_fullwidth_header title=&#8221;@ET-DC@eyJkeW5hbWljIjp0cnVlLCJjb250ZW50IjoicG9zdF90aXRsZSIsInNldHRpbmdzIjp7ImJlZm9yZSI6IiIsImFmdGVyIjoiIn19@&#8221; subhead=&#8221;Publications&#8221; text_orientation=&#8221;center&#8221; button_one_url=&#8221;back()&#8221; background_overlay_color=&#8221;rgba(12,39,63,0.9)&#8221; _builder_version=&#8221;4.13.0&#8243; _dynamic_attributes=&#8221;title&#8221; _module_preset=&#8221;default&#8221; title_font=&#8221;Montserrat||||||||&#8221; title_text_align=&#8221;center&#8221; title_text_color=&#8221;#ffffff&#8221; title_font_size=&#8221;64px&#8221; title_line_height=&#8221;1.2em&#8221; content_font=&#8221;Montserrat||||||||&#8221; content_font_size=&#8221;32px&#8221; content_line_height=&#8221;1.4em&#8221; subhead_font=&#8221;Geometria Regular|300|||||||&#8221; subhead_text_color=&#8221;#FFFFFF&#8221; subhead_font_size=&#8221;32px&#8221; subhead_line_height=&#8221;1.1em&#8221; background_enable_color=&#8221;off&#8221; background_image=&#8221;https:\/\/www.lmetb.ie\/wp-content\/uploads\/2021\/09\/corp_publications.jpg&#8221; parallax=&#8221;on&#8221; parallax_method=&#8221;on&#8221; custom_button_one=&#8221;on&#8221; button_one_text_size=&#8221;20px&#8221; button_one_text_color=&#8221;#FFFFFF&#8221; button_one_bg_color=&#8221;#A81010&#8243; button_one_bg_use_color_gradient=&#8221;on&#8221; button_one_bg_color_gradient_start=&#8221;#fc1010&#8243; button_one_bg_color_gradient_end=&#8221;#a81010&#8243; button_one_border_width=&#8221;0px&#8221; button_one_border_color=&#8221;#FFFFFF&#8221; button_one_border_radius=&#8221;8px&#8221; button_one_font=&#8221;Geometria ExtraBold||||||||&#8221; button_one_icon=&#8221;&#x44;||divi||400&#8243; button_one_icon_placement=&#8221;left&#8221; button_one_on_hover=&#8221;off&#8221; button_one_custom_margin=&#8221;45px|||15px|false|false&#8221; button_one_custom_padding=&#8221;12px|30px|12px|45px|false|false&#8221; custom_button_two=&#8221;on&#8221; button_two_text_size=&#8221;17px&#8221; button_two_font=&#8221;TT Norms Light||||||||&#8221; button_two_icon=&#8221;&#x49;||divi||400&#8243; button_two_on_hover=&#8221;off&#8221; button_two_custom_margin=&#8221;45px||||false|false&#8221; button_two_custom_padding=&#8221;|30px||16px|false|false&#8221; vertical_offset=&#8221;50%&#8221; width=&#8221;100%&#8221; module_alignment=&#8221;center&#8221; min_height=&#8221;530px&#8221; height=&#8221;530px&#8221; max_height=&#8221;530px&#8221; title_font_size_tablet=&#8221;45px&#8221; title_font_size_phone=&#8221;32px&#8221; title_font_size_last_edited=&#8221;on|desktop&#8221; content_font_size_tablet=&#8221;28px&#8221; content_font_size_phone=&#8221;17px&#8221; content_font_size_last_edited=&#8221;on|desktop&#8221; subhead_font_size_tablet=&#8221;28px&#8221; subhead_font_size_phone=&#8221;17px&#8221; subhead_font_size_last_edited=&#8221;on|phone&#8221; button_one_text_size_tablet=&#8221;&#8221; button_one_text_size_phone=&#8221;16px&#8221; button_one_text_size_last_edited=&#8221;on|phone&#8221; custom_css_main_element=&#8221;||&#8221; custom_css_title=&#8221;padding-bottom: 30px;&#8221; title_text_shadow_style=&#8221;preset3&#8243; subhead_text_shadow_style=&#8221;preset3&#8243; box_shadow_style_button_one=&#8221;preset3&#8243; global_colors_info=&#8221;{%22gcid-d3b67029-a63e-4d42-80dd-1eed13d1d216%22:%91%22background_overlay_color%22,%22background_overlay_color%22,%22background_overlay_color%22,%22background_overlay_color%22%93}&#8221; button_one_custom_margin__hover_enabled=&#8221;on|hover&#8221; button_two_custom_margin__hover_enabled=&#8221;on|desktop&#8221; custom_margin__hover_enabled=&#8221;off|desktop&#8221; custom_css_header_container_last_edited=&#8221;on|desktop&#8221; custom_css_header_container_tablet=&#8221;margin-top: 40px;&#8221; custom_css_header_container_phone=&#8221;margin-top: 40px;&#8221; button_one_border_radius__hover=&#8221;8px&#8221; button_one_border_radius__hover_enabled=&#8221;on|hover&#8221; button_one_bg_color__hover_enabled=&#8221;on|hover&#8221; button_one_border_color__hover=&#8221;#FFFFFF&#8221; button_one_border_color__hover_enabled=&#8221;on|hover&#8221; button_one_bg_color_gradient_start__hover=&#8221;#f3ab34&#8243; button_one_bg_use_color_gradient__hover=&#8221;on&#8221; button_one_bg_color_gradient_end__hover=&#8221;#f25800&#8243; custom_css_title_tablet=&#8221;margin-top: 50px;||padding-bottom: 30px;&#8221; custom_css_title_last_edited=&#8221;on|phone&#8221; button_one_custom_margin__hover=&#8221;45px|||15px|false|false&#8221; button_two_custom_margin__hover=&#8221;45px||||false|false&#8221; button_one_bg_color__hover=&#8221;#A81010&#8243; custom_css_title_phone=&#8221;margin-top: 50px;||padding-bottom: 30px;&#8221;][\/et_pb_fullwidth_header][\/et_pb_section][et_pb_section fb_built=&#8221;1&#8243; _builder_version=&#8221;4.10.7&#8243; _module_preset=&#8221;default&#8221; custom_margin=&#8221;||||false|false&#8221; custom_padding=&#8221;50px||25px||false|false&#8221; da_disable_devices=&#8221;off|off|off&#8221; locked=&#8221;off&#8221; global_colors_info=&#8221;{}&#8221; da_is_popup=&#8221;off&#8221; da_exit_intent=&#8221;off&#8221; da_has_close=&#8221;on&#8221; da_alt_close=&#8221;off&#8221; da_dark_close=&#8221;off&#8221; da_not_modal=&#8221;on&#8221; da_is_singular=&#8221;off&#8221; da_with_loader=&#8221;off&#8221; da_has_shadow=&#8221;on&#8221;][et_pb_row _builder_version=&#8221;4.10.7&#8243; _module_preset=&#8221;default&#8221; custom_margin=&#8221;0px||||false|false&#8221; custom_padding=&#8221;0px||0px||false|false&#8221; global_colors_info=&#8221;{}&#8221;][et_pb_column type=&#8221;4_4&#8243; _builder_version=&#8221;4.10.7&#8243; _module_preset=&#8221;default&#8221; global_colors_info=&#8221;{}&#8221;][lwp_divi_breadcrumbs font_icon=&#8221;%%20%%&#8221; use_before_icon=&#8221;off&#8221; link_color=&#8221;#1C3041&#8243; separator_color=&#8221;#1C3041&#8243; current_text_color=&#8221;#880D1E&#8221; _builder_version=&#8221;4.10.7&#8243; _module_preset=&#8221;default&#8221; module_font=&#8221;Geometria Bold||||||||&#8221; module_font_size=&#8221;18px&#8221; module_line_height=&#8221;1.6em&#8221; text_orientation=&#8221;left&#8221; custom_margin=&#8221;||0px||false|false&#8221; custom_padding=&#8221;0px||0px||false|false&#8221; animation_style=&#8221;fade&#8221; global_colors_info=&#8221;{}&#8221;][\/lwp_divi_breadcrumbs][et_pb_divider color=&#8221;#1C3041&#8243; _builder_version=&#8221;4.10.7&#8243; _module_preset=&#8221;default&#8221; custom_margin=&#8221;-20px||||false|false&#8221; global_colors_info=&#8221;{}&#8221;][\/et_pb_divider][\/et_pb_column][\/et_pb_row][et_pb_row _builder_version=&#8221;4.10.7&#8243; _module_preset=&#8221;default&#8221; global_colors_info=&#8221;{}&#8221;][et_pb_column type=&#8221;4_4&#8243; _builder_version=&#8221;4.10.7&#8243; _module_preset=&#8221;default&#8221; global_colors_info=&#8221;{}&#8221;][et_pb_blog_extras post_type=&#8221;publications&#8221; posts_number=&#8221;30&#8243; include_categories=&#8221;35&#8243; blog_layout=&#8221;block_extended&#8221; show_thumbnail=&#8221;off&#8221; show_more=&#8221;off&#8221; show_author=&#8221;off&#8221; show_categories=&#8221;off&#8221; show_comments=&#8221;off&#8221; no_results_text=&#8221;T\u00e1 br\u00f3n orm! N\u00edl aon fhoilseach\u00e1in ar f\u00e1il i do rogha.&#8221; show_load_more=&#8221;on&#8221; load_more_text=&#8221;F\u00e9ach n\u00edos m\u00f3&#8221; show_less_text=&#8221;F\u00e9ach n\u00edos l\u00fa&#8221; content_color=&#8221;#FFFFFF&#8221; show_thumbnail_mobile=&#8221;off&#8221; masonry_columns_tablet=&#8221;2&#8243; masonry_columns_phone=&#8221;1&#8243; masonry_columns_last_edited=&#8221;on|tablet&#8221; _builder_version=&#8221;4.14.8&#8243; _module_preset=&#8221;default&#8221; filterable_category_font=&#8221;Geometria ExtraBold||||||||&#8221; header_font=&#8221;Geometria Bold||||||||&#8221; header_text_color=&#8221;#FFFFFF&#8221; header_font_size=&#8221;21px&#8221; header_line_height=&#8221;1.2em&#8221; meta_font=&#8221;Geometria Regular||||||||&#8221; meta_text_color=&#8221;#FFFFFF&#8221; meta_font_size=&#8221;15px&#8221; background_color=&#8221;rgba(28,48,65,0.8)&#8221; background_image=&#8221;https:\/\/www.lmetb.ie\/wp-content\/uploads\/2021\/10\/box_bg_abstract.jpg&#8221; background_blend=&#8221;multiply&#8221; custom_ajax_pagination=&#8221;on&#8221; ajax_pagination_text_size=&#8221;18px&#8221; ajax_pagination_text_color=&#8221;#FFFFFF&#8221; ajax_pagination_bg_use_color_gradient=&#8221;on&#8221; ajax_pagination_bg_color_gradient_start=&#8221;#880d1e&#8221; ajax_pagination_bg_color_gradient_end=&#8221;#af001a&#8221; ajax_pagination_border_width=&#8221;0px&#8221; ajax_pagination_border_radius=&#8221;5px&#8221; ajax_pagination_font=&#8221;Geometria Bold||||||||&#8221; ajax_pagination_custom_padding=&#8221;10px||8px||false|false&#8221; hover_enabled=&#8221;0&#8243; header_font_size_tablet=&#8221;&#8221; header_font_size_phone=&#8221;17px&#8221; header_font_size_last_edited=&#8221;on|phone&#8221; custom_css_title=&#8221;margin-top: -35px;&#8221; border_radii=&#8221;on|8px|8px|8px|8px&#8221; global_colors_info=&#8221;{}&#8221; background_color__hover=&#8221;#1C3041&#8243; background_enable_color__hover=&#8221;on&#8221; background_size__hover=&#8221;cover&#8221; custom_css_title_tablet=&#8221;margin-top: 0;&#8221; custom_css_title_last_edited=&#8221;on|phone&#8221; custom_css_title_phone=&#8221;margin-top: 0;&#8221; background__hover_enabled=&#8221;off|hover&#8221; sticky_enabled=&#8221;0&#8243; post_order_by=&#8221;title&#8221;][\/et_pb_blog_extras][\/et_pb_column][\/et_pb_row][\/et_pb_section]<\/p>\n","protected":false},"excerpt":{"rendered":"<div class=\"et_pb_module lwp_divi_breadcrumbs lwp_divi_breadcrumbs_0 et_animated\">\n\t\t\t\t\n\t\t\t\t\n\t\t\t\t\n\t\t\t\t\n\t\t\t\t\n\t\t\t\t\n\t\t\t\t<div class=\"et_pb_module_inner\">\n\t\t\t\t\t<div class=\"lwp-breadcrumbs\"> <span class=\"before\"><\/span> <span vocab=\"https:\/\/schema.org\/\" typeof=\"BreadcrumbList\"><span property=\"itemListElement\" typeof=\"ListItem\"><a property=\"item\" typeof=\"WebPage\" href=\"https:\/\/www.lmetb.ie\/ga\/\" class=\"home\"><span property=\"name\">Home<\/span><\/a><meta property=\"position\" content=\"1\"><\/span> <span class=\"separator et-pb-icon\">&#x35;<\/span> <\/span><\/div>\n\t\t\t\t<\/div>\n\t\t\t<\/div>\n","protected":false},"author":1,"featured_media":0,"parent":245701,"menu_order":3,"comment_status":"closed","ping_status":"closed","template":"","meta":{"_acf_changed":false,"_et_pb_use_builder":"on","_et_pb_old_content":"","_et_gb_content_width":"","footnotes":""},"class_list":["post-245706","page","type-page","status-publish","hentry"],"acf":[],"yoast_head":"<!-- This site is optimized with the Yoast SEO plugin v26.1 - https:\/\/yoast.com\/wordpress\/plugins\/seo\/ -->\n<title>Tuairisce\u00e1in um \u00cdoca\u00edocht Phras - Louth &amp; Meath Education and Training Board<\/title>\n<meta name=\"description\" content=\"Tuairisce\u00e1in um \u00cdoca\u00edocht Phras\" \/>\n<meta name=\"robots\" content=\"index, follow, max-snippet:-1, max-image-preview:large, max-video-preview:-1\" \/>\n<link rel=\"canonical\" href=\"https:\/\/www.lmetb.ie\/ga\/corparaideach\/foilseachain\/feach-ar-fhoilseachain\/foilseachain-airgeadais\/tuairisceain-um-iocaiocht-phras\/\" \/>\n<meta property=\"og:locale\" content=\"ga_IE\" \/>\n<meta property=\"og:type\" content=\"article\" \/>\n<meta property=\"og:title\" content=\"Tuairisce\u00e1in um \u00cdoca\u00edocht Phras - Louth &amp; Meath Education and Training Board\" \/>\n<meta property=\"og:description\" content=\"Tuairisce\u00e1in um \u00cdoca\u00edocht Phras\" \/>\n<meta property=\"og:url\" content=\"https:\/\/www.lmetb.ie\/ga\/corparaideach\/foilseachain\/feach-ar-fhoilseachain\/foilseachain-airgeadais\/tuairisceain-um-iocaiocht-phras\/\" \/>\n<meta property=\"og:site_name\" content=\"Louth &amp; Meath Education and Training Board\" \/>\n<meta property=\"article:modified_time\" content=\"2022-03-08T10:33:23+00:00\" \/>\n<meta name=\"twitter:card\" content=\"summary_large_image\" \/>\n<meta name=\"twitter:label1\" content=\"Est. reading time\" \/>\n\t<meta name=\"twitter:data1\" content=\"6 minutes\" \/>\n<script type=\"application\/ld+json\" class=\"yoast-schema-graph\">{\"@context\":\"https:\/\/schema.org\",\"@graph\":[{\"@type\":\"WebPage\",\"@id\":\"https:\/\/www.lmetb.ie\/ga\/corparaideach\/foilseachain\/feach-ar-fhoilseachain\/foilseachain-airgeadais\/tuairisceain-um-iocaiocht-phras\/\",\"url\":\"https:\/\/www.lmetb.ie\/ga\/corparaideach\/foilseachain\/feach-ar-fhoilseachain\/foilseachain-airgeadais\/tuairisceain-um-iocaiocht-phras\/\",\"name\":\"Tuairisce\u00e1in um \u00cdoca\u00edocht Phras - Louth &amp; Meath Education and Training Board\",\"isPartOf\":{\"@id\":\"https:\/\/www.lmetb.ie\/ga\/#website\"},\"datePublished\":\"2021-12-01T22:31:50+00:00\",\"dateModified\":\"2022-03-08T10:33:23+00:00\",\"description\":\"Tuairisce\u00e1in um \u00cdoca\u00edocht Phras\",\"breadcrumb\":{\"@id\":\"https:\/\/www.lmetb.ie\/ga\/corparaideach\/foilseachain\/feach-ar-fhoilseachain\/foilseachain-airgeadais\/tuairisceain-um-iocaiocht-phras\/#breadcrumb\"},\"inLanguage\":\"ga-IE\",\"potentialAction\":[{\"@type\":\"ReadAction\",\"target\":[\"https:\/\/www.lmetb.ie\/ga\/corparaideach\/foilseachain\/feach-ar-fhoilseachain\/foilseachain-airgeadais\/tuairisceain-um-iocaiocht-phras\/\"]}]},{\"@type\":\"BreadcrumbList\",\"@id\":\"https:\/\/www.lmetb.ie\/ga\/corparaideach\/foilseachain\/feach-ar-fhoilseachain\/foilseachain-airgeadais\/tuairisceain-um-iocaiocht-phras\/#breadcrumb\",\"itemListElement\":[{\"@type\":\"ListItem\",\"position\":1,\"name\":\"Home\",\"item\":\"https:\/\/www.lmetb.ie\/ga\/\"},{\"@type\":\"ListItem\",\"position\":2,\"name\":\"Corpar\u00e1ideach\",\"item\":\"https:\/\/www.lmetb.ie\/ga\/corparaideach\/\"},{\"@type\":\"ListItem\",\"position\":3,\"name\":\"Foilseach\u00e1in\",\"item\":\"https:\/\/www.lmetb.ie\/ga\/corparaideach\/foilseachain\/\"},{\"@type\":\"ListItem\",\"position\":4,\"name\":\"F\u00e9ach ar Fhoilseach\u00e1in\",\"item\":\"https:\/\/www.lmetb.ie\/ga\/corporate\/publications\/view-publications\/\"},{\"@type\":\"ListItem\",\"position\":5,\"name\":\"Foilseach\u00e1in Airgeadais\",\"item\":\"https:\/\/www.lmetb.ie\/ga\/corporate\/publications\/view-publications\/financial\/\"},{\"@type\":\"ListItem\",\"position\":6,\"name\":\"Tuairisce\u00e1in um \u00cdoca\u00edocht Phras\"}]},{\"@type\":\"WebSite\",\"@id\":\"https:\/\/www.lmetb.ie\/ga\/#website\",\"url\":\"https:\/\/www.lmetb.ie\/ga\/\",\"name\":\"Louth & Meath Education and Training Board\",\"description\":\"Bord Oideachas agus Oili\u00fana L\u00fa agus na M\u00ed\",\"publisher\":{\"@id\":\"https:\/\/www.lmetb.ie\/ga\/#organization\"},\"potentialAction\":[{\"@type\":\"SearchAction\",\"target\":{\"@type\":\"EntryPoint\",\"urlTemplate\":\"https:\/\/www.lmetb.ie\/ga\/?s={search_term_string}\"},\"query-input\":{\"@type\":\"PropertyValueSpecification\",\"valueRequired\":true,\"valueName\":\"search_term_string\"}}],\"inLanguage\":\"ga-IE\"},{\"@type\":\"Organization\",\"@id\":\"https:\/\/www.lmetb.ie\/ga\/#organization\",\"name\":\"Louth & Meath Education and Training Board\",\"url\":\"https:\/\/www.lmetb.ie\/ga\/\",\"logo\":{\"@type\":\"ImageObject\",\"inLanguage\":\"ga-IE\",\"@id\":\"https:\/\/www.lmetb.ie\/ga\/#\/schema\/logo\/image\/\",\"url\":\"https:\/\/www.lmetb.ie\/wp-content\/uploads\/2021\/06\/partnerLogo_2.jpg\",\"contentUrl\":\"https:\/\/www.lmetb.ie\/wp-content\/uploads\/2021\/06\/partnerLogo_2.jpg\",\"width\":300,\"height\":150,\"caption\":\"Louth & Meath Education and Training Board\"},\"image\":{\"@id\":\"https:\/\/www.lmetb.ie\/ga\/#\/schema\/logo\/image\/\"}}]}<\/script>\n<!-- \/ Yoast SEO plugin. -->","yoast_head_json":{"title":"Tuairisce\u00e1in um \u00cdoca\u00edocht Phras - Louth &amp; Meath Education and Training Board","description":"Tuairisce\u00e1in um \u00cdoca\u00edocht Phras","robots":{"index":"index","follow":"follow","max-snippet":"max-snippet:-1","max-image-preview":"max-image-preview:large","max-video-preview":"max-video-preview:-1"},"canonical":"https:\/\/www.lmetb.ie\/ga\/corparaideach\/foilseachain\/feach-ar-fhoilseachain\/foilseachain-airgeadais\/tuairisceain-um-iocaiocht-phras\/","og_locale":"ga_IE","og_type":"article","og_title":"Tuairisce\u00e1in um \u00cdoca\u00edocht Phras - Louth &amp; Meath Education and Training Board","og_description":"Tuairisce\u00e1in um \u00cdoca\u00edocht Phras","og_url":"https:\/\/www.lmetb.ie\/ga\/corparaideach\/foilseachain\/feach-ar-fhoilseachain\/foilseachain-airgeadais\/tuairisceain-um-iocaiocht-phras\/","og_site_name":"Louth &amp; Meath Education and Training Board","article_modified_time":"2022-03-08T10:33:23+00:00","twitter_card":"summary_large_image","twitter_misc":{"Est. reading time":"6 minutes"},"schema":{"@context":"https:\/\/schema.org","@graph":[{"@type":"WebPage","@id":"https:\/\/www.lmetb.ie\/ga\/corparaideach\/foilseachain\/feach-ar-fhoilseachain\/foilseachain-airgeadais\/tuairisceain-um-iocaiocht-phras\/","url":"https:\/\/www.lmetb.ie\/ga\/corparaideach\/foilseachain\/feach-ar-fhoilseachain\/foilseachain-airgeadais\/tuairisceain-um-iocaiocht-phras\/","name":"Tuairisce\u00e1in um \u00cdoca\u00edocht Phras - Louth &amp; Meath Education and Training Board","isPartOf":{"@id":"https:\/\/www.lmetb.ie\/ga\/#website"},"datePublished":"2021-12-01T22:31:50+00:00","dateModified":"2022-03-08T10:33:23+00:00","description":"Tuairisce\u00e1in um \u00cdoca\u00edocht Phras","breadcrumb":{"@id":"https:\/\/www.lmetb.ie\/ga\/corparaideach\/foilseachain\/feach-ar-fhoilseachain\/foilseachain-airgeadais\/tuairisceain-um-iocaiocht-phras\/#breadcrumb"},"inLanguage":"ga-IE","potentialAction":[{"@type":"ReadAction","target":["https:\/\/www.lmetb.ie\/ga\/corparaideach\/foilseachain\/feach-ar-fhoilseachain\/foilseachain-airgeadais\/tuairisceain-um-iocaiocht-phras\/"]}]},{"@type":"BreadcrumbList","@id":"https:\/\/www.lmetb.ie\/ga\/corparaideach\/foilseachain\/feach-ar-fhoilseachain\/foilseachain-airgeadais\/tuairisceain-um-iocaiocht-phras\/#breadcrumb","itemListElement":[{"@type":"ListItem","position":1,"name":"Home","item":"https:\/\/www.lmetb.ie\/ga\/"},{"@type":"ListItem","position":2,"name":"Corpar\u00e1ideach","item":"https:\/\/www.lmetb.ie\/ga\/corparaideach\/"},{"@type":"ListItem","position":3,"name":"Foilseach\u00e1in","item":"https:\/\/www.lmetb.ie\/ga\/corparaideach\/foilseachain\/"},{"@type":"ListItem","position":4,"name":"F\u00e9ach ar Fhoilseach\u00e1in","item":"https:\/\/www.lmetb.ie\/ga\/corporate\/publications\/view-publications\/"},{"@type":"ListItem","position":5,"name":"Foilseach\u00e1in Airgeadais","item":"https:\/\/www.lmetb.ie\/ga\/corporate\/publications\/view-publications\/financial\/"},{"@type":"ListItem","position":6,"name":"Tuairisce\u00e1in um \u00cdoca\u00edocht Phras"}]},{"@type":"WebSite","@id":"https:\/\/www.lmetb.ie\/ga\/#website","url":"https:\/\/www.lmetb.ie\/ga\/","name":"Louth & Meath Education and Training Board","description":"Bord Oideachas agus Oili\u00fana L\u00fa agus na M\u00ed","publisher":{"@id":"https:\/\/www.lmetb.ie\/ga\/#organization"},"potentialAction":[{"@type":"SearchAction","target":{"@type":"EntryPoint","urlTemplate":"https:\/\/www.lmetb.ie\/ga\/?s={search_term_string}"},"query-input":{"@type":"PropertyValueSpecification","valueRequired":true,"valueName":"search_term_string"}}],"inLanguage":"ga-IE"},{"@type":"Organization","@id":"https:\/\/www.lmetb.ie\/ga\/#organization","name":"Louth & Meath Education and Training Board","url":"https:\/\/www.lmetb.ie\/ga\/","logo":{"@type":"ImageObject","inLanguage":"ga-IE","@id":"https:\/\/www.lmetb.ie\/ga\/#\/schema\/logo\/image\/","url":"https:\/\/www.lmetb.ie\/wp-content\/uploads\/2021\/06\/partnerLogo_2.jpg","contentUrl":"https:\/\/www.lmetb.ie\/wp-content\/uploads\/2021\/06\/partnerLogo_2.jpg","width":300,"height":150,"caption":"Louth & Meath Education and Training Board"},"image":{"@id":"https:\/\/www.lmetb.ie\/ga\/#\/schema\/logo\/image\/"}}]}},"_links":{"self":[{"href":"https:\/\/www.lmetb.ie\/ga\/wp-json\/wp\/v2\/pages\/245706","targetHints":{"allow":["GET"]}}],"collection":[{"href":"https:\/\/www.lmetb.ie\/ga\/wp-json\/wp\/v2\/pages"}],"about":[{"href":"https:\/\/www.lmetb.ie\/ga\/wp-json\/wp\/v2\/types\/page"}],"author":[{"embeddable":true,"href":"https:\/\/www.lmetb.ie\/ga\/wp-json\/wp\/v2\/users\/1"}],"replies":[{"embeddable":true,"href":"https:\/\/www.lmetb.ie\/ga\/wp-json\/wp\/v2\/comments?post=245706"}],"version-history":[{"count":4,"href":"https:\/\/www.lmetb.ie\/ga\/wp-json\/wp\/v2\/pages\/245706\/revisions"}],"predecessor-version":[{"id":263634,"href":"https:\/\/www.lmetb.ie\/ga\/wp-json\/wp\/v2\/pages\/245706\/revisions\/263634"}],"up":[{"embeddable":true,"href":"https:\/\/www.lmetb.ie\/ga\/wp-json\/wp\/v2\/pages\/245701"}],"wp:attachment":[{"href":"https:\/\/www.lmetb.ie\/ga\/wp-json\/wp\/v2\/media?parent=245706"}],"curies":[{"name":"wp","href":"https:\/\/api.w.org\/{rel}","templated":true}]}}