{"id":245689,"date":"2021-12-01T22:27:00","date_gmt":"2021-12-01T22:27:18","guid":{"rendered":"https:\/\/lmetb.dev.webcore.cloud\/further-education-training\/qqi-inaugural-review-of-qa\/provider-profile\/"},"modified":"2022-01-06T17:06:18","modified_gmt":"2022-01-06T17:06:18","slug":"proifil-an-tsolathrai","status":"publish","type":"page","link":"https:\/\/www.lmetb.ie\/ga\/breisoideachas-oiliuint\/athbhreithniu-tionscnaimh-dcce-ar-dc\/proifil-an-tsolathrai\/","title":{"rendered":"Pr\u00f3if\u00edl an tSol\u00e1thra\u00ed"},"content":{"rendered":"<p>[et_pb_section fb_built=&#8221;1&#8243; fullwidth=&#8221;on&#8221; custom_padding_last_edited=&#8221;on|tablet&#8221; _builder_version=&#8221;4.10.7&#8243; _module_preset=&#8221;default&#8221; background_color=&#8221;#2B338C&#8221; custom_padding=&#8221;|0px||0px|false|false&#8221; custom_padding_tablet=&#8221;&#8221; custom_padding_phone=&#8221;|0px||0px|false|false&#8221; bottom_divider_style=&#8221;triangle&#8221; bottom_divider_color=&#8221;#FFFFFF&#8221; bottom_divider_height=&#8221;50px&#8221; bottom_divider_height_tablet=&#8221;40px&#8221; bottom_divider_height_phone=&#8221;30px&#8221; bottom_divider_height_last_edited=&#8221;on|phone&#8221; da_disable_devices=&#8221;off|off|off&#8221; global_colors_info=&#8221;{}&#8221; da_is_popup=&#8221;off&#8221; da_exit_intent=&#8221;off&#8221; da_has_close=&#8221;on&#8221; da_alt_close=&#8221;off&#8221; da_dark_close=&#8221;off&#8221; da_not_modal=&#8221;on&#8221; da_is_singular=&#8221;off&#8221; da_with_loader=&#8221;off&#8221; da_has_shadow=&#8221;on&#8221;][et_pb_fullwidth_header title=&#8221;@ET-DC@eyJkeW5hbWljIjp0cnVlLCJjb250ZW50IjoicG9zdF90aXRsZSIsInNldHRpbmdzIjp7ImJlZm9yZSI6IiIsImFmdGVyIjoiIn19@&#8221; subhead=&#8221;Athbhreithni\u00fa Tionscnaimh DCC\u00c9 ar DC&#8221; text_orientation=&#8221;center&#8221; button_one_url=&#8221;back()&#8221; background_overlay_color=&#8221;rgba(255,76,0,0.8)&#8221; _builder_version=&#8221;4.14.1&#8243; _dynamic_attributes=&#8221;title&#8221; _module_preset=&#8221;default&#8221; title_font=&#8221;Montserrat||||||||&#8221; title_text_align=&#8221;center&#8221; title_text_color=&#8221;#ffffff&#8221; title_font_size=&#8221;64px&#8221; title_line_height=&#8221;1.2em&#8221; content_font=&#8221;Montserrat||||||||&#8221; content_font_size=&#8221;32px&#8221; content_line_height=&#8221;1.4em&#8221; subhead_font=&#8221;Geometria Regular|300|||||||&#8221; subhead_text_color=&#8221;#FFFFFF&#8221; subhead_font_size=&#8221;32px&#8221; subhead_line_height=&#8221;1.1em&#8221; background_enable_color=&#8221;off&#8221; background_image=&#8221;https:\/\/www.lmetb.ie\/wp-content\/uploads\/2021\/09\/stock_gamedesign.jpg&#8221; parallax=&#8221;on&#8221; parallax_method=&#8221;on&#8221; custom_button_one=&#8221;on&#8221; button_one_text_size=&#8221;20px&#8221; button_one_text_color=&#8221;#FFFFFF&#8221; button_one_bg_color=&#8221;#A81010&#8243; button_one_bg_use_color_gradient=&#8221;on&#8221; button_one_bg_color_gradient_start=&#8221;#fc1010&#8243; button_one_bg_color_gradient_end=&#8221;#a81010&#8243; button_one_border_width=&#8221;0px&#8221; button_one_border_color=&#8221;#FFFFFF&#8221; button_one_border_radius=&#8221;8px&#8221; button_one_font=&#8221;Geometria ExtraBold||||||||&#8221; button_one_icon=&#8221;&#x44;||divi||400&#8243; button_one_icon_placement=&#8221;left&#8221; button_one_on_hover=&#8221;off&#8221; button_one_custom_margin=&#8221;45px|||15px|false|false&#8221; button_one_custom_padding=&#8221;12px|30px|12px|45px|false|false&#8221; custom_button_two=&#8221;on&#8221; button_two_text_size=&#8221;17px&#8221; button_two_font=&#8221;TT Norms Light||||||||&#8221; button_two_icon=&#8221;&#x49;||divi||400&#8243; button_two_on_hover=&#8221;off&#8221; button_two_custom_margin=&#8221;45px||||false|false&#8221; button_two_custom_padding=&#8221;|30px||16px|false|false&#8221; vertical_offset=&#8221;50%&#8221; width=&#8221;100%&#8221; module_alignment=&#8221;center&#8221; min_height=&#8221;530px&#8221; height=&#8221;530px&#8221; max_height=&#8221;530px&#8221; title_font_size_tablet=&#8221;45px&#8221; title_font_size_phone=&#8221;32px&#8221; title_font_size_last_edited=&#8221;on|desktop&#8221; content_font_size_tablet=&#8221;28px&#8221; content_font_size_phone=&#8221;17px&#8221; content_font_size_last_edited=&#8221;on|desktop&#8221; subhead_font_size_tablet=&#8221;28px&#8221; subhead_font_size_phone=&#8221;17px&#8221; subhead_font_size_last_edited=&#8221;on|phone&#8221; button_one_text_size_tablet=&#8221;&#8221; button_one_text_size_phone=&#8221;16px&#8221; button_one_text_size_last_edited=&#8221;on|phone&#8221; custom_css_main_element=&#8221;||&#8221; custom_css_title=&#8221;padding-bottom: 30px;&#8221; title_text_shadow_style=&#8221;preset3&#8243; subhead_text_shadow_style=&#8221;preset3&#8243; box_shadow_style_button_one=&#8221;preset3&#8243; global_colors_info=&#8221;{%22gcid-d3b67029-a63e-4d42-80dd-1eed13d1d216%22:%91%22background_overlay_color%22,%22background_overlay_color%22,%22background_overlay_color%22,%22background_overlay_color%22,%22background_overlay_color%22,%22background_overlay_color%22,%22background_overlay_color%22%93}&#8221; button_one_custom_margin__hover_enabled=&#8221;on|hover&#8221; button_two_custom_margin__hover_enabled=&#8221;on|desktop&#8221; custom_margin__hover_enabled=&#8221;off|desktop&#8221; custom_css_header_container_last_edited=&#8221;on|desktop&#8221; custom_css_header_container_tablet=&#8221;margin-top: 40px;&#8221; custom_css_header_container_phone=&#8221;margin-top: 40px;&#8221; button_one_border_radius__hover=&#8221;8px&#8221; button_one_border_radius__hover_enabled=&#8221;on|hover&#8221; button_one_bg_color__hover_enabled=&#8221;on|hover&#8221; button_one_border_color__hover=&#8221;#FFFFFF&#8221; button_one_border_color__hover_enabled=&#8221;on|hover&#8221; button_one_bg_color_gradient_start__hover=&#8221;#f3ab34&#8243; button_one_bg_use_color_gradient__hover=&#8221;on&#8221; button_one_bg_color_gradient_end__hover=&#8221;#f25800&#8243; custom_css_title_tablet=&#8221;margin-top: 50px;||padding-bottom: 30px;&#8221; custom_css_title_last_edited=&#8221;on|phone&#8221; button_one_custom_margin__hover=&#8221;45px|||15px|false|false&#8221; button_two_custom_margin__hover=&#8221;45px||||false|false&#8221; button_one_bg_color__hover=&#8221;#A81010&#8243; custom_css_title_phone=&#8221;margin-top: 50px;||padding-bottom: 30px;&#8221;][\/et_pb_fullwidth_header][\/et_pb_section][et_pb_section fb_built=&#8221;1&#8243; _builder_version=&#8221;4.8.2&#8243; _module_preset=&#8221;default&#8221; custom_margin=&#8221;0px||||false|false&#8221; custom_padding=&#8221;50px||50px||false|false&#8221; da_disable_devices=&#8221;off|off|off&#8221; global_colors_info=&#8221;{}&#8221; da_is_popup=&#8221;off&#8221; da_exit_intent=&#8221;off&#8221; da_has_close=&#8221;on&#8221; da_alt_close=&#8221;off&#8221; da_dark_close=&#8221;off&#8221; da_not_modal=&#8221;on&#8221; da_is_singular=&#8221;off&#8221; da_with_loader=&#8221;off&#8221; da_has_shadow=&#8221;on&#8221;][et_pb_row _builder_version=&#8221;4.10.7&#8243; _module_preset=&#8221;default&#8221; custom_margin=&#8221;0px||||false|false&#8221; custom_padding=&#8221;0px||0px||false|false&#8221; global_colors_info=&#8221;{}&#8221;][et_pb_column type=&#8221;4_4&#8243; _builder_version=&#8221;4.10.7&#8243; _module_preset=&#8221;default&#8221; global_colors_info=&#8221;{}&#8221;][lwp_divi_breadcrumbs font_icon=&#8221;%%20%%&#8221; use_before_icon=&#8221;off&#8221; link_color=&#8221;#1C3041&#8243; separator_color=&#8221;#1C3041&#8243; current_text_color=&#8221;#880D1E&#8221; _builder_version=&#8221;4.10.7&#8243; _module_preset=&#8221;default&#8221; module_font=&#8221;Geometria Bold||||||||&#8221; module_font_size=&#8221;18px&#8221; module_line_height=&#8221;1.6em&#8221; text_orientation=&#8221;left&#8221; custom_margin=&#8221;||0px||false|false&#8221; custom_padding=&#8221;0px||0px||false|false&#8221; animation_style=&#8221;fade&#8221; global_colors_info=&#8221;{}&#8221;][\/lwp_divi_breadcrumbs][et_pb_divider color=&#8221;#1C3041&#8243; _builder_version=&#8221;4.10.7&#8243; _module_preset=&#8221;default&#8221; custom_margin=&#8221;-20px||||false|false&#8221; global_colors_info=&#8221;{}&#8221;][\/et_pb_divider][\/et_pb_column][\/et_pb_row][et_pb_row make_equal=&#8221;on&#8221; custom_padding_last_edited=&#8221;on|phone&#8221; module_class=&#8221;custom_row&#8221; _builder_version=&#8221;4.11.2&#8243; _module_preset=&#8221;default&#8221; custom_margin=&#8221;25px||||false|false&#8221; custom_padding=&#8221;9px||50px||false|false&#8221; custom_padding_tablet=&#8221;&#8221; custom_padding_phone=&#8221;0px||||false|false&#8221; global_colors_info=&#8221;{}&#8221;][et_pb_column type=&#8221;4_4&#8243; module_class=&#8221;second-on-mobile&#8221; _builder_version=&#8221;4.8.2&#8243; _module_preset=&#8221;default&#8221; custom_css_main_element=&#8221;margin: auto;&#8221; global_colors_info=&#8221;{}&#8221;][et_pb_text ul_type=&#8221;square&#8221; ul_item_indent=&#8221;45px&#8221; module_class=&#8221;textbox&#8221; _builder_version=&#8221;4.14.1&#8243; _module_preset=&#8221;default&#8221; text_font=&#8221;Geometria Regular||||||||&#8221; text_font_size=&#8221;18px&#8221; text_line_height=&#8221;1.6em&#8221; ul_font=&#8221;Geometria Bold||||||||&#8221; ul_text_color=&#8221;#A81010&#8243; header_font=&#8221;Geometria Bold||||||||&#8221; header_text_align=&#8221;center&#8221; header_text_color=&#8221;#A81010&#8243; header_font_size=&#8221;28px&#8221; header_line_height=&#8221;1.4em&#8221; header_2_font=&#8221;Geometria ExtraBold||||||||&#8221; header_2_text_color=&#8221;#A81010&#8243; header_2_line_height=&#8221;1.1em&#8221; animation_style=&#8221;fade&#8221; animation_direction=&#8221;left&#8221; text_font_size_tablet=&#8221;&#8221; text_font_size_phone=&#8221;16px&#8221; text_font_size_last_edited=&#8221;on|tablet&#8221; global_colors_info=&#8221;{}&#8221;]<\/p>\n<p>Mar chuid d\u00e1 ullmh\u00fach\u00e1n d&#8217;Athbhreithni\u00fa Tionscnaimh an DCC\u00c9 ar DC, ceangla\u00edtear ar BOOLM pr\u00f3if\u00edl sol\u00e1thra\u00ed a chur faoi bhr\u00e1id an DCC\u00c9, ag leagan amach an \u00e1bhair seo a leanas:<\/p>\n<ul>\n<li>C\u00falra BOOLM<\/li>\n<li>Misean, Luachanna, F\u00f3cas Strait\u00e9iseach agus Pr\u00edomhth\u00e1scair\u00ed Feidhm\u00edochta<\/li>\n<li>Strucht\u00fair Rialachais agus Bhainist\u00edochta<\/li>\n<li>Cur Chuige i leith C\u00e1il\u00edochta<\/li>\n<li>Pr\u00f3if\u00edl R\u00e9igi\u00fanach<\/li>\n<li>Pr\u00f3if\u00edl Sol\u00e1thair<\/li>\n<li>Pr\u00f3if\u00edl na bhFoghlaimeoir\u00ed<\/li>\n<li>Pr\u00f3if\u00edl Foirne<\/li>\n<li>Comhoibri\u00fa agus Comhph\u00e1irt\u00edochta\u00ed<\/li>\n<\/ul>\n<p>\u00a0T\u00e1 Pr\u00f3if\u00edl Sol\u00e1thra\u00ed BOOLM ar f\u00e1il le feice\u00e1il <a href=\"https:\/\/www.lmetb.ie\/wp-content\/uploads\/2022\/01\/LMETB-Provider-Profile-FINAL.pdf\"><strong>anseo<\/strong><\/a>.<\/p>\n<p>&nbsp;<\/p>\n<p>[\/et_pb_text][\/et_pb_column][\/et_pb_row][\/et_pb_section][et_pb_section fb_built=&#8221;1&#8243; _builder_version=&#8221;4.8.2&#8243; _module_preset=&#8221;default&#8221; background_color=&#8221;#eaeaea&#8221; custom_padding=&#8221;60px|||||&#8221; da_disable_devices=&#8221;off|off|off&#8221; global_colors_info=&#8221;{}&#8221; da_is_popup=&#8221;off&#8221; da_exit_intent=&#8221;off&#8221; da_has_close=&#8221;on&#8221; da_alt_close=&#8221;off&#8221; da_dark_close=&#8221;off&#8221; da_not_modal=&#8221;on&#8221; da_is_singular=&#8221;off&#8221; da_with_loader=&#8221;off&#8221; da_has_shadow=&#8221;on&#8221;][et_pb_row _builder_version=&#8221;4.8.2&#8243; _module_preset=&#8221;default&#8221; z_index=&#8221;9999&#8243; custom_padding=&#8221;0px||0px||false|false&#8221; global_colors_info=&#8221;{}&#8221;][et_pb_column type=&#8221;4_4&#8243; _builder_version=&#8221;4.8.2&#8243; _module_preset=&#8221;default&#8221; global_colors_info=&#8221;{}&#8221;][et_pb_image src=&#8221;https:\/\/www.lmetb.ie\/wp-content\/uploads\/2021\/06\/vert_div.png&#8221; title_text=&#8221;vert_div&#8221; align=&#8221;center&#8221; _builder_version=&#8221;4.8.2&#8243; _module_preset=&#8221;default&#8221; z_index=&#8221;9999&#8243; custom_margin=&#8221;-111px||||false|false&#8221; custom_margin_tablet=&#8221;-112px||||false|false&#8221; custom_margin_phone=&#8221;&#8221; custom_margin_last_edited=&#8221;on|phone&#8221; animation_style=&#8221;slide&#8221; animation_direction=&#8221;bottom&#8221; global_colors_info=&#8221;{}&#8221; custom_css_main_element_last_edited=&#8221;on|desktop&#8221;][\/et_pb_image][et_pb_text _builder_version=&#8221;4.11.2&#8243; _module_preset=&#8221;default&#8221; text_font=&#8221;Geometria Regular||||||||&#8221; text_font_size=&#8221;18px&#8221; header_font=&#8221;Montserrat|800|||||||&#8221; header_text_align=&#8221;center&#8221; header_font_size=&#8221;45px&#8221; header_line_height=&#8221;1.2em&#8221; text_orientation=&#8221;center&#8221; custom_padding=&#8221;||0px||false|false&#8221; animation_style=&#8221;slide&#8221; animation_direction=&#8221;bottom&#8221; text_font_size_tablet=&#8221;&#8221; text_font_size_phone=&#8221;17px&#8221; text_font_size_last_edited=&#8221;on|phone&#8221; header_font_size_tablet=&#8221;40px&#8221; header_font_size_phone=&#8221;35px&#8221; header_font_size_last_edited=&#8221;on|phone&#8221; global_colors_info=&#8221;{}&#8221;]<\/p>\n<h1>Le haghaidh tuilleadh eolais<\/h1>\n<p>[\/et_pb_text][et_pb_image src=&#8221;https:\/\/www.lmetb.ie\/wp-content\/uploads\/2021\/06\/hor_div_red.png&#8221; title_text=&#8221;hor_div_red&#8221; align=&#8221;center&#8221; _builder_version=&#8221;4.8.2&#8243; _module_preset=&#8221;default&#8221; global_colors_info=&#8221;{}&#8221;][\/et_pb_image][\/et_pb_column][\/et_pb_row][et_pb_row column_structure=&#8221;1_3,1_3,1_3&#8243; use_custom_gutter=&#8221;on&#8221; gutter_width=&#8221;4&#8243; make_equal=&#8221;on&#8221; _builder_version=&#8221;4.14.1&#8243; _module_preset=&#8221;default&#8221; custom_margin=&#8221;25px||||false|false&#8221; custom_margin_tablet=&#8221;0px||||false|false&#8221; custom_margin_phone=&#8221;0px||||false|false&#8221; custom_margin_last_edited=&#8221;on|tablet&#8221; locked=&#8221;off&#8221; global_colors_info=&#8221;{}&#8221;][et_pb_column type=&#8221;1_3&#8243; _builder_version=&#8221;4.8.2&#8243; _module_preset=&#8221;default&#8221; animation_style=&#8221;bounce&#8221; global_colors_info=&#8221;{}&#8221;][\/et_pb_column][et_pb_column type=&#8221;1_3&#8243; _builder_version=&#8221;4.8.2&#8243; _module_preset=&#8221;default&#8221; animation_style=&#8221;bounce&#8221; animation_delay=&#8221;250ms&#8221; global_colors_info=&#8221;{}&#8221;][et_pb_blurb title=&#8221;FET Quality Assurance Office&#8221; use_icon=&#8221;on&#8221; font_icon=&#8221;&#xe010;||divi||400&#8243; icon_color=&#8221;#FFFFFF&#8221; image_icon_background_color=&#8221;#a81010&#8243; image_icon_width=&#8221;72px&#8221; _builder_version=&#8221;4.13.0&#8243; _module_preset=&#8221;default&#8221; header_font=&#8221;Geometria ExtraBold||||||||&#8221; header_text_align=&#8221;center&#8221; header_text_color=&#8221;#A81010&#8243; header_font_size=&#8221;21px&#8221; header_line_height=&#8221;1.2em&#8221; body_font=&#8221;Geometria Regular||||||||&#8221; body_text_align=&#8221;center&#8221; image_icon_custom_padding=&#8221;25px|25px|25px|25px|false|false&#8221; custom_margin=&#8221;||25px||false|false&#8221; custom_padding=&#8221;||2px|||&#8221; custom_css_blurb_title=&#8221;padding-bottom: 25px;&#8221; border_radii_image=&#8221;on|100%|100%|100%|100%&#8221; icon_font_size=&#8221;72px&#8221; use_circle=&#8221;on&#8221; locked=&#8221;off&#8221; global_colors_info=&#8221;{}&#8221; image_icon_background_color__sticky_enabled=&#8221;#a81010&#8243; image_icon_background_color__sticky=&#8221;#a81010&#8243;]<\/p>\n<p><span>FET Centre, Chapel St, Dundalk,<\/span><br \/><span>Co. Louth,\u00a0A91 C7D8<\/span><strong><\/strong><\/p>\n<p><strong>Contact:<\/strong> <span>Angela Cahill<\/span><br \/><strong>Tel:<\/strong> <span>087 123 5572<\/span><br \/><strong>Email: <a href=\"mailto:qualityassurance@lmetb.ie\">qualityassurance@lmetb.ie<\/a><\/strong><strong><\/strong><\/p>\n<p>[\/et_pb_blurb][\/et_pb_column][et_pb_column type=&#8221;1_3&#8243; _builder_version=&#8221;4.8.2&#8243; _module_preset=&#8221;default&#8221; animation_style=&#8221;bounce&#8221; animation_delay=&#8221;500ms&#8221; global_colors_info=&#8221;{}&#8221;][\/et_pb_column][\/et_pb_row][\/et_pb_section]<\/p>\n","protected":false},"excerpt":{"rendered":"<p><div class=\"et_pb_module lwp_divi_breadcrumbs lwp_divi_breadcrumbs_0 et_animated\">\n\t\t\t\t\n\t\t\t\t\n\t\t\t\t\n\t\t\t\t\n\t\t\t\t\n\t\t\t\t\n\t\t\t\t<div class=\"et_pb_module_inner\">\n\t\t\t\t\t<div class=\"lwp-breadcrumbs\"> <span class=\"before\"><\/span> <span vocab=\"https:\/\/schema.org\/\" typeof=\"BreadcrumbList\"><span property=\"itemListElement\" typeof=\"ListItem\"><a property=\"item\" typeof=\"WebPage\" href=\"https:\/\/www.lmetb.ie\/ga\/\" class=\"home\"><span property=\"name\">Home<\/span><\/a><meta property=\"position\" content=\"1\"><\/span> <span class=\"separator et-pb-icon\">&#x35;<\/span> <\/span><\/div>\n\t\t\t\t<\/div>\n\t\t\t<\/div>Mar chuid d\u00e1 ullmh\u00fach\u00e1n d&#8217;Athbhreithni\u00fa Tionscnaimh an DCC\u00c9 ar DC, ceangla\u00edtear ar BOOLM pr\u00f3if\u00edl sol\u00e1thra\u00ed a chur faoi bhr\u00e1id an DCC\u00c9, ag leagan amach an \u00e1bhair seo a leanas: C\u00falra BOOLM Misean, Luachanna, F\u00f3cas Strait\u00e9iseach agus Pr\u00edomhth\u00e1scair\u00ed Feidhm\u00edochta Strucht\u00fair&hellip; <a class=\"continue\" href=\"https:\/\/www.lmetb.ie\/ga\/breisoideachas-oiliuint\/athbhreithniu-tionscnaimh-dcce-ar-dc\/proifil-an-tsolathrai\/\">Continue Reading<span> Pr\u00f3if\u00edl an tSol\u00e1thra\u00ed<\/span><\/a><\/p>\n","protected":false},"author":1,"featured_media":0,"parent":245687,"menu_order":1,"comment_status":"closed","ping_status":"closed","template":"","meta":{"_acf_changed":false,"_et_pb_use_builder":"on","_et_pb_old_content":"","_et_gb_content_width":"","footnotes":""},"class_list":["post-245689","page","type-page","status-publish","hentry"],"acf":[],"yoast_head":"<!-- This site is optimized with the Yoast SEO plugin v26.1 - https:\/\/yoast.com\/wordpress\/plugins\/seo\/ -->\n<title>Pr\u00f3if\u00edl an tSol\u00e1thra\u00ed - Louth &amp; Meath Education and Training Board<\/title>\n<meta name=\"description\" content=\"Pr\u00f3if\u00edl an tSol\u00e1thra\u00ed\" \/>\n<meta name=\"robots\" content=\"index, follow, max-snippet:-1, max-image-preview:large, max-video-preview:-1\" \/>\n<link rel=\"canonical\" href=\"https:\/\/www.lmetb.ie\/ga\/breisoideachas-oiliuint\/athbhreithniu-tionscnaimh-dcce-ar-dc\/proifil-an-tsolathrai\/\" \/>\n<meta property=\"og:locale\" content=\"ga_IE\" \/>\n<meta property=\"og:type\" content=\"article\" \/>\n<meta property=\"og:title\" content=\"Pr\u00f3if\u00edl an tSol\u00e1thra\u00ed - Louth &amp; Meath Education and Training Board\" \/>\n<meta property=\"og:description\" content=\"Pr\u00f3if\u00edl an tSol\u00e1thra\u00ed\" \/>\n<meta property=\"og:url\" content=\"https:\/\/www.lmetb.ie\/ga\/breisoideachas-oiliuint\/athbhreithniu-tionscnaimh-dcce-ar-dc\/proifil-an-tsolathrai\/\" \/>\n<meta property=\"og:site_name\" content=\"Louth &amp; Meath Education and Training Board\" \/>\n<meta property=\"article:modified_time\" content=\"2022-01-06T17:06:18+00:00\" \/>\n<meta name=\"twitter:card\" content=\"summary_large_image\" \/>\n<meta name=\"twitter:label1\" content=\"Est. reading time\" \/>\n\t<meta name=\"twitter:data1\" content=\"8 minutes\" \/>\n<script type=\"application\/ld+json\" class=\"yoast-schema-graph\">{\"@context\":\"https:\/\/schema.org\",\"@graph\":[{\"@type\":\"WebPage\",\"@id\":\"https:\/\/www.lmetb.ie\/ga\/breisoideachas-oiliuint\/athbhreithniu-tionscnaimh-dcce-ar-dc\/proifil-an-tsolathrai\/\",\"url\":\"https:\/\/www.lmetb.ie\/ga\/breisoideachas-oiliuint\/athbhreithniu-tionscnaimh-dcce-ar-dc\/proifil-an-tsolathrai\/\",\"name\":\"Pr\u00f3if\u00edl an tSol\u00e1thra\u00ed - Louth &amp; Meath Education and Training Board\",\"isPartOf\":{\"@id\":\"https:\/\/www.lmetb.ie\/ga\/#website\"},\"datePublished\":\"2021-12-01T22:27:18+00:00\",\"dateModified\":\"2022-01-06T17:06:18+00:00\",\"description\":\"Pr\u00f3if\u00edl an tSol\u00e1thra\u00ed\",\"breadcrumb\":{\"@id\":\"https:\/\/www.lmetb.ie\/ga\/breisoideachas-oiliuint\/athbhreithniu-tionscnaimh-dcce-ar-dc\/proifil-an-tsolathrai\/#breadcrumb\"},\"inLanguage\":\"ga-IE\",\"potentialAction\":[{\"@type\":\"ReadAction\",\"target\":[\"https:\/\/www.lmetb.ie\/ga\/breisoideachas-oiliuint\/athbhreithniu-tionscnaimh-dcce-ar-dc\/proifil-an-tsolathrai\/\"]}]},{\"@type\":\"BreadcrumbList\",\"@id\":\"https:\/\/www.lmetb.ie\/ga\/breisoideachas-oiliuint\/athbhreithniu-tionscnaimh-dcce-ar-dc\/proifil-an-tsolathrai\/#breadcrumb\",\"itemListElement\":[{\"@type\":\"ListItem\",\"position\":1,\"name\":\"Home\",\"item\":\"https:\/\/www.lmetb.ie\/ga\/\"},{\"@type\":\"ListItem\",\"position\":2,\"name\":\"Breisoideachas &#038; Oili\u00faint\",\"item\":\"https:\/\/www.lmetb.ie\/ga\/further-education-training\/\"},{\"@type\":\"ListItem\",\"position\":3,\"name\":\"Athbhreithni\u00fa Tionscnaimh DCC\u00c9 ar DC\",\"item\":\"https:\/\/www.lmetb.ie\/ga\/further-education-training\/qqi-inaugural-review-of-qa-in-lmetb\/\"},{\"@type\":\"ListItem\",\"position\":4,\"name\":\"Pr\u00f3if\u00edl an tSol\u00e1thra\u00ed\"}]},{\"@type\":\"WebSite\",\"@id\":\"https:\/\/www.lmetb.ie\/ga\/#website\",\"url\":\"https:\/\/www.lmetb.ie\/ga\/\",\"name\":\"Louth & Meath Education and Training Board\",\"description\":\"Bord Oideachas agus Oili\u00fana L\u00fa agus na M\u00ed\",\"publisher\":{\"@id\":\"https:\/\/www.lmetb.ie\/ga\/#organization\"},\"potentialAction\":[{\"@type\":\"SearchAction\",\"target\":{\"@type\":\"EntryPoint\",\"urlTemplate\":\"https:\/\/www.lmetb.ie\/ga\/?s={search_term_string}\"},\"query-input\":{\"@type\":\"PropertyValueSpecification\",\"valueRequired\":true,\"valueName\":\"search_term_string\"}}],\"inLanguage\":\"ga-IE\"},{\"@type\":\"Organization\",\"@id\":\"https:\/\/www.lmetb.ie\/ga\/#organization\",\"name\":\"Louth & Meath Education and Training Board\",\"url\":\"https:\/\/www.lmetb.ie\/ga\/\",\"logo\":{\"@type\":\"ImageObject\",\"inLanguage\":\"ga-IE\",\"@id\":\"https:\/\/www.lmetb.ie\/ga\/#\/schema\/logo\/image\/\",\"url\":\"https:\/\/www.lmetb.ie\/wp-content\/uploads\/2021\/06\/partnerLogo_2.jpg\",\"contentUrl\":\"https:\/\/www.lmetb.ie\/wp-content\/uploads\/2021\/06\/partnerLogo_2.jpg\",\"width\":300,\"height\":150,\"caption\":\"Louth & Meath Education and Training Board\"},\"image\":{\"@id\":\"https:\/\/www.lmetb.ie\/ga\/#\/schema\/logo\/image\/\"}}]}<\/script>\n<!-- \/ Yoast SEO plugin. -->","yoast_head_json":{"title":"Pr\u00f3if\u00edl an tSol\u00e1thra\u00ed - Louth &amp; Meath Education and Training Board","description":"Pr\u00f3if\u00edl an tSol\u00e1thra\u00ed","robots":{"index":"index","follow":"follow","max-snippet":"max-snippet:-1","max-image-preview":"max-image-preview:large","max-video-preview":"max-video-preview:-1"},"canonical":"https:\/\/www.lmetb.ie\/ga\/breisoideachas-oiliuint\/athbhreithniu-tionscnaimh-dcce-ar-dc\/proifil-an-tsolathrai\/","og_locale":"ga_IE","og_type":"article","og_title":"Pr\u00f3if\u00edl an tSol\u00e1thra\u00ed - Louth &amp; Meath Education and Training Board","og_description":"Pr\u00f3if\u00edl an tSol\u00e1thra\u00ed","og_url":"https:\/\/www.lmetb.ie\/ga\/breisoideachas-oiliuint\/athbhreithniu-tionscnaimh-dcce-ar-dc\/proifil-an-tsolathrai\/","og_site_name":"Louth &amp; Meath Education and Training Board","article_modified_time":"2022-01-06T17:06:18+00:00","twitter_card":"summary_large_image","twitter_misc":{"Est. reading time":"8 minutes"},"schema":{"@context":"https:\/\/schema.org","@graph":[{"@type":"WebPage","@id":"https:\/\/www.lmetb.ie\/ga\/breisoideachas-oiliuint\/athbhreithniu-tionscnaimh-dcce-ar-dc\/proifil-an-tsolathrai\/","url":"https:\/\/www.lmetb.ie\/ga\/breisoideachas-oiliuint\/athbhreithniu-tionscnaimh-dcce-ar-dc\/proifil-an-tsolathrai\/","name":"Pr\u00f3if\u00edl an tSol\u00e1thra\u00ed - Louth &amp; Meath Education and Training Board","isPartOf":{"@id":"https:\/\/www.lmetb.ie\/ga\/#website"},"datePublished":"2021-12-01T22:27:18+00:00","dateModified":"2022-01-06T17:06:18+00:00","description":"Pr\u00f3if\u00edl an tSol\u00e1thra\u00ed","breadcrumb":{"@id":"https:\/\/www.lmetb.ie\/ga\/breisoideachas-oiliuint\/athbhreithniu-tionscnaimh-dcce-ar-dc\/proifil-an-tsolathrai\/#breadcrumb"},"inLanguage":"ga-IE","potentialAction":[{"@type":"ReadAction","target":["https:\/\/www.lmetb.ie\/ga\/breisoideachas-oiliuint\/athbhreithniu-tionscnaimh-dcce-ar-dc\/proifil-an-tsolathrai\/"]}]},{"@type":"BreadcrumbList","@id":"https:\/\/www.lmetb.ie\/ga\/breisoideachas-oiliuint\/athbhreithniu-tionscnaimh-dcce-ar-dc\/proifil-an-tsolathrai\/#breadcrumb","itemListElement":[{"@type":"ListItem","position":1,"name":"Home","item":"https:\/\/www.lmetb.ie\/ga\/"},{"@type":"ListItem","position":2,"name":"Breisoideachas &#038; Oili\u00faint","item":"https:\/\/www.lmetb.ie\/ga\/further-education-training\/"},{"@type":"ListItem","position":3,"name":"Athbhreithni\u00fa Tionscnaimh DCC\u00c9 ar DC","item":"https:\/\/www.lmetb.ie\/ga\/further-education-training\/qqi-inaugural-review-of-qa-in-lmetb\/"},{"@type":"ListItem","position":4,"name":"Pr\u00f3if\u00edl an tSol\u00e1thra\u00ed"}]},{"@type":"WebSite","@id":"https:\/\/www.lmetb.ie\/ga\/#website","url":"https:\/\/www.lmetb.ie\/ga\/","name":"Louth & Meath Education and Training Board","description":"Bord Oideachas agus Oili\u00fana L\u00fa agus na M\u00ed","publisher":{"@id":"https:\/\/www.lmetb.ie\/ga\/#organization"},"potentialAction":[{"@type":"SearchAction","target":{"@type":"EntryPoint","urlTemplate":"https:\/\/www.lmetb.ie\/ga\/?s={search_term_string}"},"query-input":{"@type":"PropertyValueSpecification","valueRequired":true,"valueName":"search_term_string"}}],"inLanguage":"ga-IE"},{"@type":"Organization","@id":"https:\/\/www.lmetb.ie\/ga\/#organization","name":"Louth & Meath Education and Training Board","url":"https:\/\/www.lmetb.ie\/ga\/","logo":{"@type":"ImageObject","inLanguage":"ga-IE","@id":"https:\/\/www.lmetb.ie\/ga\/#\/schema\/logo\/image\/","url":"https:\/\/www.lmetb.ie\/wp-content\/uploads\/2021\/06\/partnerLogo_2.jpg","contentUrl":"https:\/\/www.lmetb.ie\/wp-content\/uploads\/2021\/06\/partnerLogo_2.jpg","width":300,"height":150,"caption":"Louth & Meath Education and Training Board"},"image":{"@id":"https:\/\/www.lmetb.ie\/ga\/#\/schema\/logo\/image\/"}}]}},"_links":{"self":[{"href":"https:\/\/www.lmetb.ie\/ga\/wp-json\/wp\/v2\/pages\/245689","targetHints":{"allow":["GET"]}}],"collection":[{"href":"https:\/\/www.lmetb.ie\/ga\/wp-json\/wp\/v2\/pages"}],"about":[{"href":"https:\/\/www.lmetb.ie\/ga\/wp-json\/wp\/v2\/types\/page"}],"author":[{"embeddable":true,"href":"https:\/\/www.lmetb.ie\/ga\/wp-json\/wp\/v2\/users\/1"}],"replies":[{"embeddable":true,"href":"https:\/\/www.lmetb.ie\/ga\/wp-json\/wp\/v2\/comments?post=245689"}],"version-history":[{"count":4,"href":"https:\/\/www.lmetb.ie\/ga\/wp-json\/wp\/v2\/pages\/245689\/revisions"}],"predecessor-version":[{"id":263255,"href":"https:\/\/www.lmetb.ie\/ga\/wp-json\/wp\/v2\/pages\/245689\/revisions\/263255"}],"up":[{"embeddable":true,"href":"https:\/\/www.lmetb.ie\/ga\/wp-json\/wp\/v2\/pages\/245687"}],"wp:attachment":[{"href":"https:\/\/www.lmetb.ie\/ga\/wp-json\/wp\/v2\/media?parent=245689"}],"curies":[{"name":"wp","href":"https:\/\/api.w.org\/{rel}","templated":true}]}}