{"id":245059,"date":"2021-11-30T19:01:00","date_gmt":"2021-11-30T19:01:18","guid":{"rendered":"https:\/\/lmetb.dev.webcore.cloud\/schools\/boards-of-management\/"},"modified":"2021-12-01T17:33:09","modified_gmt":"2021-12-01T17:33:09","slug":"boird-bhainistiochta","status":"publish","type":"page","link":"https:\/\/www.lmetb.ie\/ga\/scoileanna\/boird-bhainistiochta\/","title":{"rendered":"Boird Bhainist\u00edochta"},"content":{"rendered":"<p>[et_pb_section fb_built=&#8221;1&#8243; fullwidth=&#8221;on&#8221; custom_padding_last_edited=&#8221;on|tablet&#8221; _builder_version=&#8221;4.10.7&#8243; _module_preset=&#8221;default&#8221; background_color=&#8221;#2B338C&#8221; custom_padding=&#8221;|0px||0px|false|false&#8221; custom_padding_tablet=&#8221;&#8221; custom_padding_phone=&#8221;|0px||0px|false|false&#8221; bottom_divider_style=&#8221;triangle&#8221; bottom_divider_color=&#8221;#FFFFFF&#8221; bottom_divider_height=&#8221;50px&#8221; bottom_divider_height_tablet=&#8221;40px&#8221; bottom_divider_height_phone=&#8221;30px&#8221; bottom_divider_height_last_edited=&#8221;on|phone&#8221; da_disable_devices=&#8221;off|off|off&#8221; global_colors_info=&#8221;{}&#8221; da_is_popup=&#8221;off&#8221; da_exit_intent=&#8221;off&#8221; da_has_close=&#8221;on&#8221; da_alt_close=&#8221;off&#8221; da_dark_close=&#8221;off&#8221; da_not_modal=&#8221;on&#8221; da_is_singular=&#8221;off&#8221; da_with_loader=&#8221;off&#8221; da_has_shadow=&#8221;on&#8221;][et_pb_fullwidth_header title=&#8221;@ET-DC@eyJkeW5hbWljIjp0cnVlLCJjb250ZW50IjoicG9zdF90aXRsZSIsInNldHRpbmdzIjp7ImJlZm9yZSI6IiIsImFmdGVyIjoiIn19@&#8221; subhead=&#8221;Scoileanna&#8221; text_orientation=&#8221;center&#8221; button_one_url=&#8221;back()&#8221; background_overlay_color=&#8221;rgba(0,75,155,0.8)&#8221; _builder_version=&#8221;4.14.1&#8243; _dynamic_attributes=&#8221;title&#8221; _module_preset=&#8221;default&#8221; title_font=&#8221;Montserrat||||||||&#8221; title_text_align=&#8221;center&#8221; title_text_color=&#8221;#ffffff&#8221; title_font_size=&#8221;62px&#8221; title_line_height=&#8221;1.3em&#8221; content_font=&#8221;Montserrat||||||||&#8221; content_font_size=&#8221;32px&#8221; content_line_height=&#8221;1.4em&#8221; subhead_font=&#8221;Geometria Regular|300|||||||&#8221; subhead_text_color=&#8221;#FFFFFF&#8221; subhead_font_size=&#8221;32px&#8221; subhead_line_height=&#8221;1.1em&#8221; background_enable_color=&#8221;off&#8221; background_image=&#8221;https:\/\/www.lmetb.ie\/wp-content\/uploads\/2021\/09\/schools_hero3.jpg&#8221; parallax=&#8221;on&#8221; custom_button_one=&#8221;on&#8221; button_one_text_size=&#8221;20px&#8221; button_one_text_color=&#8221;#FFFFFF&#8221; button_one_bg_color=&#8221;#A81010&#8243; button_one_bg_use_color_gradient=&#8221;on&#8221; button_one_bg_color_gradient_start=&#8221;#fc1010&#8243; button_one_bg_color_gradient_end=&#8221;#a81010&#8243; button_one_border_width=&#8221;0px&#8221; button_one_border_color=&#8221;#FFFFFF&#8221; button_one_border_radius=&#8221;8px&#8221; button_one_font=&#8221;Geometria ExtraBold||||||||&#8221; button_one_icon=&#8221;&#x44;||divi||400&#8243; button_one_icon_placement=&#8221;left&#8221; button_one_on_hover=&#8221;off&#8221; button_one_custom_margin=&#8221;45px|||15px|false|false&#8221; button_one_custom_padding=&#8221;12px|30px|12px|45px|false|false&#8221; custom_button_two=&#8221;on&#8221; button_two_text_size=&#8221;17px&#8221; button_two_font=&#8221;TT Norms Light||||||||&#8221; button_two_icon=&#8221;&#x49;||divi||400&#8243; button_two_on_hover=&#8221;off&#8221; button_two_custom_margin=&#8221;45px||||false|false&#8221; button_two_custom_padding=&#8221;|30px||16px|false|false&#8221; vertical_offset=&#8221;50%&#8221; width=&#8221;100%&#8221; module_alignment=&#8221;center&#8221; min_height=&#8221;530px&#8221; height=&#8221;530px&#8221; max_height=&#8221;530px&#8221; custom_margin_tablet=&#8221;&#8221; custom_margin_phone=&#8221;||||false|false&#8221; custom_margin_last_edited=&#8221;on|phone&#8221; hover_enabled=&#8221;0&#8243; title_font_size_tablet=&#8221;54px&#8221; title_font_size_phone=&#8221;32px&#8221; title_font_size_last_edited=&#8221;on|desktop&#8221; content_font_size_tablet=&#8221;28px&#8221; content_font_size_phone=&#8221;17px&#8221; content_font_size_last_edited=&#8221;on|desktop&#8221; subhead_font_size_tablet=&#8221;28px&#8221; subhead_font_size_phone=&#8221;17px&#8221; subhead_font_size_last_edited=&#8221;on|phone&#8221; button_one_text_size_tablet=&#8221;&#8221; button_one_text_size_phone=&#8221;16px&#8221; button_one_text_size_last_edited=&#8221;on|phone&#8221; custom_css_main_element=&#8221;||&#8221; custom_css_title=&#8221;padding-bottom: 30px;&#8221; title_text_shadow_style=&#8221;preset3&#8243; subhead_text_shadow_style=&#8221;preset3&#8243; box_shadow_style_button_one=&#8221;preset3&#8243; global_colors_info=&#8221;{%22gcid-d3b67029-a63e-4d42-80dd-1eed13d1d216%22:%91%22background_overlay_color%22,%22background_overlay_color%22%93}&#8221; button_one_custom_margin__hover_enabled=&#8221;on|hover&#8221; button_two_custom_margin__hover_enabled=&#8221;on|desktop&#8221; custom_margin__hover_enabled=&#8221;off|desktop&#8221; custom_css_header_container_last_edited=&#8221;on|phone&#8221; button_one_border_radius__hover=&#8221;8px&#8221; button_one_border_radius__hover_enabled=&#8221;on|hover&#8221; button_one_bg_color__hover_enabled=&#8221;on|hover&#8221; button_one_border_color__hover=&#8221;#FFFFFF&#8221; button_one_border_color__hover_enabled=&#8221;on|hover&#8221; button_one_bg_color_gradient_start__hover=&#8221;#f3ab34&#8243; button_one_bg_use_color_gradient__hover=&#8221;on&#8221; button_one_bg_color_gradient_end__hover=&#8221;#f25800&#8243; custom_css_title_last_edited=&#8221;on|tablet&#8221; custom_css_title_phone=&#8221;margin-top: 40px;&#8221; button_one_custom_margin__hover=&#8221;45px|||15px|false|false&#8221; button_two_custom_margin__hover=&#8221;45px||||false|false&#8221; custom_css_header_container_phone=&#8221;margin-top: 40px;&#8221; button_one_bg_color__hover=&#8221;#A81010&#8243; custom_css_title_tablet=&#8221;padding-bottom: 30px;&#8221; sticky_enabled=&#8221;0&#8243;][\/et_pb_fullwidth_header][\/et_pb_section][et_pb_section fb_built=&#8221;1&#8243; _builder_version=&#8221;4.8.2&#8243; _module_preset=&#8221;default&#8221; custom_margin=&#8221;0px||||false|false&#8221; custom_padding=&#8221;50px||50px||false|false&#8221; da_disable_devices=&#8221;off|off|off&#8221; global_colors_info=&#8221;{}&#8221; da_is_popup=&#8221;off&#8221; da_exit_intent=&#8221;off&#8221; da_has_close=&#8221;on&#8221; da_alt_close=&#8221;off&#8221; da_dark_close=&#8221;off&#8221; da_not_modal=&#8221;on&#8221; da_is_singular=&#8221;off&#8221; da_with_loader=&#8221;off&#8221; da_has_shadow=&#8221;on&#8221;][et_pb_row _builder_version=&#8221;4.10.7&#8243; _module_preset=&#8221;default&#8221; custom_margin=&#8221;0px||||false|false&#8221; custom_padding=&#8221;0px||0px||false|false&#8221; global_colors_info=&#8221;{}&#8221;][et_pb_column type=&#8221;4_4&#8243; _builder_version=&#8221;4.10.7&#8243; _module_preset=&#8221;default&#8221; global_colors_info=&#8221;{}&#8221;][lwp_divi_breadcrumbs font_icon=&#8221;%%20%%&#8221; use_before_icon=&#8221;off&#8221; link_color=&#8221;#1C3041&#8243; separator_color=&#8221;#1C3041&#8243; current_text_color=&#8221;#880D1E&#8221; _builder_version=&#8221;4.10.7&#8243; _module_preset=&#8221;default&#8221; module_font=&#8221;Geometria Bold||||||||&#8221; module_font_size=&#8221;18px&#8221; module_line_height=&#8221;1.6em&#8221; text_orientation=&#8221;left&#8221; custom_margin=&#8221;||0px||false|false&#8221; custom_padding=&#8221;0px||0px||false|false&#8221; animation_style=&#8221;fade&#8221; global_colors_info=&#8221;{}&#8221;][\/lwp_divi_breadcrumbs][et_pb_divider color=&#8221;#1C3041&#8243; _builder_version=&#8221;4.10.7&#8243; _module_preset=&#8221;default&#8221; custom_margin=&#8221;-20px||||false|false&#8221; global_colors_info=&#8221;{}&#8221;][\/et_pb_divider][\/et_pb_column][\/et_pb_row][et_pb_row make_equal=&#8221;on&#8221; custom_padding_last_edited=&#8221;on|phone&#8221; module_class=&#8221;custom_row&#8221; _builder_version=&#8221;4.10.7&#8243; _module_preset=&#8221;default&#8221; custom_margin=&#8221;25px||||false|false&#8221; custom_padding=&#8221;9px||50px||false|false&#8221; custom_padding_tablet=&#8221;&#8221; custom_padding_phone=&#8221;0px||||false|false&#8221; global_colors_info=&#8221;{}&#8221;][et_pb_column type=&#8221;4_4&#8243; module_class=&#8221;second-on-mobile&#8221; _builder_version=&#8221;4.8.2&#8243; _module_preset=&#8221;default&#8221; custom_css_main_element=&#8221;margin: auto;&#8221; global_colors_info=&#8221;{}&#8221;][et_pb_text ul_type=&#8221;square&#8221; ul_item_indent=&#8221;45px&#8221; module_class=&#8221;textbox&#8221; _builder_version=&#8221;4.14.1&#8243; _module_preset=&#8221;default&#8221; text_font=&#8221;Geometria Regular||||||||&#8221; text_font_size=&#8221;18px&#8221; text_line_height=&#8221;1.6em&#8221; link_font=&#8221;Geometria Regular||||||||&#8221; link_text_color=&#8221;#000000&#8243; ul_font=&#8221;Geometria Regular||||||||&#8221; ul_text_color=&#8221;#000000&#8243; header_font=&#8221;Geometria Bold||||||||&#8221; header_text_align=&#8221;left&#8221; header_text_color=&#8221;#A81010&#8243; header_font_size=&#8221;28px&#8221; header_line_height=&#8221;1.4em&#8221; header_2_font=&#8221;Geometria ExtraBold||||||||&#8221; header_2_text_color=&#8221;#A81010&#8243; header_2_line_height=&#8221;1.2em&#8221; animation_style=&#8221;fade&#8221; animation_direction=&#8221;left&#8221; text_font_size_tablet=&#8221;&#8221; text_font_size_phone=&#8221;16px&#8221; text_font_size_last_edited=&#8221;on|tablet&#8221; global_colors_info=&#8221;{}&#8221; link_text_color__hover=&#8221;#880D1E&#8221; link_text_color__hover_enabled=&#8221;on|hover&#8221;]<\/p>\n<h2>Cad a dh\u00e9anann an Bord Bainist\u00edochta?<\/h2>\n<p>Faoi Alt 15(1) d&#8217;Acht Oideachais 1998, t\u00e1 s\u00e9 de dhualgas ar an mBord Bainist\u00edochta an scoil a bhainisti\u00fa thar ceann agus i gcomhar leis an bp\u00e1tr\u00fan (Bord Oideachais agus Oili\u00fana L\u00fa agus na M\u00ed (BOOLM)) agus ar mhaithe le scol\u00e1ir\u00ed agus lena dtuismitheoir\u00ed agus oideachas cu\u00ed a shol\u00e1thar n\u00f3 a chur faoi deara go gcuirfear oideachas cu\u00ed ar f\u00e1il do gach scol\u00e1ire. T\u00e1 an pr\u00edomhoide freagrach as bainist\u00edocht laeth\u00fail na scoile agus t\u00e1 s\u00e9 freagrach don Bhord Bainist\u00edochta\/BOO.<\/p>\n<p>Agus a fheidhmeanna \u00e1 gcomhl\u00edonadh aige, d\u00e9anfaidh an Bord Bainist\u00edochta an m\u00e9id seo a leanas:<\/p>\n<ul>\n<li>An plean oideachais a fhaomhadh laistigh d&#8217;acmhainn\u00ed ceadaithe gach bliain<\/li>\n<li>Gn\u00edomh\u00fa de r\u00e9ir pholasaithe an Aire agus an BOO<\/li>\n<li>Seasamh le spiorad saini\u00fail na scoile<\/li>\n<li>Dul i gcomhairle leis an bp\u00e1tr\u00fan agus \u00e9 a choinne\u00e1il ar an eolas faoi chinnt\u00ed agus molta\u00ed<\/li>\n<li>Polasa\u00ed na scoile maidir le glacadh isteach, rannph\u00e1irt\u00edocht, d\u00edbirt agus fionra\u00ed a fhoilsi\u00fa<\/li>\n<li>Aird a thabhairt ar phr\u00edomhoid\u00ed agus ar riachtanais socha\u00ed dhaonlathach<\/li>\n<li>Aird a thabhairt ar \u00fas\u00e1id \u00e9ifeacht\u00fail acmhainn\u00ed<\/li>\n<li>\u00das\u00e1id a bhaint as acmhainn\u00ed a shol\u00e1thra\u00edtear chun sol\u00e1thar r\u00e9as\u00fanta a dh\u00e9anamh do scol\u00e1ir\u00ed faoi mh\u00edchumas n\u00f3 do riachtanais speisialta oideachais eile<\/li>\n<li>I gcomhairle leis an bPr\u00edomhoide agus faoi r\u00e9ir rialach\u00e1n a bheith freagrach as miondeisi\u00fach\u00e1in a dh\u00e9anamh agus as leabhair, st\u00e1isean\u00f3ireacht, trosc\u00e1n agus \u00e1bhair eile a roghn\u00fa agus a athshol\u00e1thar. F\u00e9adfaidh an Bord a bhfeidhmeanna a tharmligean ina leith seo don Phr\u00edomhoide faoi r\u00e9ir cib\u00e9 coinn\u00edollacha is cu\u00ed leo<\/li>\n<li>C\u00f3d Iompair a ullmh\u00fa do Scol\u00e1ir\u00ed<\/li>\n<\/ul>\n<p><span><\/span><\/p>\n<p><span><\/span><\/p>\n<h2>C\u00e9 chomh minic is a bhuaileann an Bord Bainist\u00edochta le ch\u00e9ile?<\/h2>\n<p>Ceangla\u00edtear ar an mBord Bainist\u00edochta teacht le ch\u00e9ile c\u00faig huaire ar a laghad le linn na scoilbhliana.<\/p>\n<p><span><\/span><\/p>\n<p><span><\/span><\/p>\n<h2>An mb\u00edonn ainmnithe ag gn\u00edomh\u00fa mar ionadaithe?<\/h2>\n<p>N\u00ed bh\u00edonn, ainmn\u00edtear iad ar an mbord chun a chinnti\u00fa go mb\u00edonn an bord oscailte do thuairim\u00ed \u00f3 gach earn\u00e1il de phobal na scoile, n\u00ed chun gn\u00edomh\u00fa mar ionadaithe. Ba ch\u00f3ir go l\u00e9ireodh cinnt\u00ed a dh\u00e9anann an bord tuairim\u00ed na gcomhalta\u00ed boird at\u00e1 ainmnithe ag tuismitheoir\u00ed, baill foirne, an p\u00e1tr\u00fan agus an pobal i gcoitinne laistigh den scoilcheantar. T\u00e1 freagracht sh\u00e1raitheach ar chomhalta\u00ed boird gn\u00edomh\u00fa go heitici\u00fail agus ar mhaithe le leas na scoile agus a cuid scol\u00e1ir\u00ed i gc\u00f3na\u00ed. D\u00e9anann an bord a chinnt\u00ed i dteannta a ch\u00e9ile, t\u00e1 comhalta\u00ed faoi cheangal ag cinnteoireacht chomhchoiteann agus t\u00e1 an bord freagrach don ph\u00e1tr\u00fan as a chinnt\u00ed.<\/p>\n<p><span><\/span><\/p>\n<h2>R\u00fandacht<\/h2>\n<p>Teasta\u00edonn r\u00fandacht i leith ghn\u00f3 boird bhainist\u00edochta agus n\u00ed fh\u00e9adfar aon nochtadh poibl\u00ed ar ghn\u00f3 boird a dh\u00e9anamh gan \u00fadar\u00e1s an bhoird sin. Mar dhea-chleachtas, f\u00e9adfaidh bord cinneadh a dh\u00e9anamh tuairisc chomhaontaithe ar chruinnithe boird a eisi\u00faint do thuismitheoir\u00ed agus d&#8217;fhoireann na scoile \/ an chol\u00e1iste.<\/p>\n<p>&nbsp;<\/p>\n<h2>Cumars\u00e1id \u00f3n mBord Bainist\u00edochta<\/h2>\n<p>Is \u00e9 R\u00fana\u00ed an Bhoird, arb \u00e9 an Pr\u00edomhoide, a dh\u00e9anann an chumars\u00e1id ar fad thar ceann an Bhoird Bhainist\u00edochta. Ba ch\u00f3ir fiosruithe a fhaigheann comhalta\u00ed boird aonair maidir le c\u00farsa\u00ed Boird a tharchur chuig an bPr\u00edomhoide.<\/p>\n<p><span><\/span><\/p>\n<p><span><\/span><\/p>\n<h2>Conas is f\u00e9idir liom teagmh\u00e1il a dh\u00e9anamh leis an mBord Bainist\u00edochta?<\/h2>\n<p>T\u00e1 gach comhfhreagras leis an mBord Bainist\u00edochta le seoladh chuig R\u00fana\u00ed an Bhoird, arb \u00e9 an Pr\u00edomhoide \u00e9. N\u00ed sheolfar comhfhreagras don Bhord chuig comhalta\u00ed aonair an Bhoird.<\/p>\n<p>&nbsp;<\/p>\n<h2>M\u00e1 t\u00e1 gear\u00e1n agam faoin scoil, an f\u00e9idir liom an gear\u00e1n sin a sheoladh chuig an mBord Bainist\u00edochta?<\/h2>\n<p>D&#8217;fh\u00e9adfadh do ghear\u00e1n teacht ar aird an bhoird sa deireadh. Mar sin f\u00e9in, d\u00e9ile\u00e1iltear le gach gear\u00e1n de r\u00e9ir n\u00f3s imeachta gear\u00e1n na scoile. T\u00e1 n\u00f3s imeachta gear\u00e1n ag gach scoil at\u00e1 ar f\u00e1il \u00f3n rann\u00e1n polasaithe ar shu\u00edomh gr\u00e9as\u00e1in na scoile. Forbra\u00edodh an beartas seo chun a chinnti\u00fa go nd\u00e9ile\u00e1iltear le gach gear\u00e1n ar bhealach c\u00f3ir agus \u00e9ifeacht\u00fail. Ba ch\u00f3ir gach gear\u00e1n a sheoladh chuig m\u00fainteoir ranga do linbh ar an gc\u00e9ad dul s\u00edos.<\/p>\n<p>[\/et_pb_text][\/et_pb_column][\/et_pb_row][\/et_pb_section]<\/p>\n","protected":false},"excerpt":{"rendered":"<p><div class=\"et_pb_module lwp_divi_breadcrumbs lwp_divi_breadcrumbs_0 et_animated\">\n\t\t\t\t\n\t\t\t\t\n\t\t\t\t\n\t\t\t\t\n\t\t\t\t\n\t\t\t\t\n\t\t\t\t<div class=\"et_pb_module_inner\">\n\t\t\t\t\t<div class=\"lwp-breadcrumbs\"> <span class=\"before\"><\/span> <span vocab=\"https:\/\/schema.org\/\" typeof=\"BreadcrumbList\"><span property=\"itemListElement\" typeof=\"ListItem\"><a property=\"item\" typeof=\"WebPage\" href=\"https:\/\/www.lmetb.ie\/ga\/\" class=\"home\"><span property=\"name\">Home<\/span><\/a><meta property=\"position\" content=\"1\"><\/span> <span class=\"separator et-pb-icon\">&#x35;<\/span> <\/span><\/div>\n\t\t\t\t<\/div>\n\t\t\t<\/div>Cad a dh\u00e9anann an Bord Bainist\u00edochta? Faoi Alt 15(1) d&#8217;Acht Oideachais 1998, t\u00e1 s\u00e9 de dhualgas ar an mBord Bainist\u00edochta an scoil a bhainisti\u00fa thar ceann agus i gcomhar leis an bp\u00e1tr\u00fan (Bord Oideachais agus Oili\u00fana L\u00fa agus na&hellip; <a class=\"continue\" href=\"https:\/\/www.lmetb.ie\/ga\/scoileanna\/boird-bhainistiochta\/\">Continue Reading<span> Boird Bhainist\u00edochta<\/span><\/a><\/p>\n","protected":false},"author":1,"featured_media":0,"parent":245054,"menu_order":6,"comment_status":"closed","ping_status":"closed","template":"","meta":{"_acf_changed":false,"_et_pb_use_builder":"on","_et_pb_old_content":"","_et_gb_content_width":"","footnotes":""},"class_list":["post-245059","page","type-page","status-publish","hentry"],"acf":[],"yoast_head":"<!-- This site is optimized with the Yoast SEO plugin v26.1 - https:\/\/yoast.com\/wordpress\/plugins\/seo\/ -->\n<title>Boird Bhainist\u00edochta - Louth &amp; Meath Education and Training Board<\/title>\n<meta name=\"description\" content=\"Boird Bhainist\u00edochta\" \/>\n<meta name=\"robots\" content=\"index, follow, max-snippet:-1, max-image-preview:large, max-video-preview:-1\" \/>\n<link rel=\"canonical\" href=\"https:\/\/www.lmetb.ie\/ga\/scoileanna\/boird-bhainistiochta\/\" \/>\n<meta property=\"og:locale\" content=\"ga_IE\" \/>\n<meta property=\"og:type\" content=\"article\" \/>\n<meta property=\"og:title\" content=\"Boird Bhainist\u00edochta - Louth &amp; Meath Education and Training Board\" \/>\n<meta property=\"og:description\" content=\"Boird Bhainist\u00edochta\" \/>\n<meta property=\"og:url\" content=\"https:\/\/www.lmetb.ie\/ga\/scoileanna\/boird-bhainistiochta\/\" \/>\n<meta property=\"og:site_name\" content=\"Louth &amp; Meath Education and Training Board\" \/>\n<meta property=\"article:modified_time\" content=\"2021-12-01T17:33:09+00:00\" \/>\n<meta name=\"twitter:card\" content=\"summary_large_image\" \/>\n<meta name=\"twitter:label1\" content=\"Est. reading time\" \/>\n\t<meta name=\"twitter:data1\" content=\"9 minutes\" \/>\n<script type=\"application\/ld+json\" class=\"yoast-schema-graph\">{\"@context\":\"https:\/\/schema.org\",\"@graph\":[{\"@type\":\"WebPage\",\"@id\":\"https:\/\/www.lmetb.ie\/ga\/scoileanna\/boird-bhainistiochta\/\",\"url\":\"https:\/\/www.lmetb.ie\/ga\/scoileanna\/boird-bhainistiochta\/\",\"name\":\"Boird Bhainist\u00edochta - Louth &amp; Meath Education and Training Board\",\"isPartOf\":{\"@id\":\"https:\/\/www.lmetb.ie\/ga\/#website\"},\"datePublished\":\"2021-11-30T19:01:18+00:00\",\"dateModified\":\"2021-12-01T17:33:09+00:00\",\"description\":\"Boird Bhainist\u00edochta\",\"breadcrumb\":{\"@id\":\"https:\/\/www.lmetb.ie\/ga\/scoileanna\/boird-bhainistiochta\/#breadcrumb\"},\"inLanguage\":\"ga-IE\",\"potentialAction\":[{\"@type\":\"ReadAction\",\"target\":[\"https:\/\/www.lmetb.ie\/ga\/scoileanna\/boird-bhainistiochta\/\"]}]},{\"@type\":\"BreadcrumbList\",\"@id\":\"https:\/\/www.lmetb.ie\/ga\/scoileanna\/boird-bhainistiochta\/#breadcrumb\",\"itemListElement\":[{\"@type\":\"ListItem\",\"position\":1,\"name\":\"Home\",\"item\":\"https:\/\/www.lmetb.ie\/ga\/\"},{\"@type\":\"ListItem\",\"position\":2,\"name\":\"Scoileanna\",\"item\":\"https:\/\/www.lmetb.ie\/ga\/schools\/\"},{\"@type\":\"ListItem\",\"position\":3,\"name\":\"Boird Bhainist\u00edochta\"}]},{\"@type\":\"WebSite\",\"@id\":\"https:\/\/www.lmetb.ie\/ga\/#website\",\"url\":\"https:\/\/www.lmetb.ie\/ga\/\",\"name\":\"Louth & Meath Education and Training Board\",\"description\":\"Bord Oideachas agus Oili\u00fana L\u00fa agus na M\u00ed\",\"publisher\":{\"@id\":\"https:\/\/www.lmetb.ie\/ga\/#organization\"},\"potentialAction\":[{\"@type\":\"SearchAction\",\"target\":{\"@type\":\"EntryPoint\",\"urlTemplate\":\"https:\/\/www.lmetb.ie\/ga\/?s={search_term_string}\"},\"query-input\":{\"@type\":\"PropertyValueSpecification\",\"valueRequired\":true,\"valueName\":\"search_term_string\"}}],\"inLanguage\":\"ga-IE\"},{\"@type\":\"Organization\",\"@id\":\"https:\/\/www.lmetb.ie\/ga\/#organization\",\"name\":\"Louth & Meath Education and Training Board\",\"url\":\"https:\/\/www.lmetb.ie\/ga\/\",\"logo\":{\"@type\":\"ImageObject\",\"inLanguage\":\"ga-IE\",\"@id\":\"https:\/\/www.lmetb.ie\/ga\/#\/schema\/logo\/image\/\",\"url\":\"https:\/\/www.lmetb.ie\/wp-content\/uploads\/2021\/06\/partnerLogo_2.jpg\",\"contentUrl\":\"https:\/\/www.lmetb.ie\/wp-content\/uploads\/2021\/06\/partnerLogo_2.jpg\",\"width\":300,\"height\":150,\"caption\":\"Louth & Meath Education and Training Board\"},\"image\":{\"@id\":\"https:\/\/www.lmetb.ie\/ga\/#\/schema\/logo\/image\/\"}}]}<\/script>\n<!-- \/ Yoast SEO plugin. -->","yoast_head_json":{"title":"Boird Bhainist\u00edochta - Louth &amp; Meath Education and Training Board","description":"Boird Bhainist\u00edochta","robots":{"index":"index","follow":"follow","max-snippet":"max-snippet:-1","max-image-preview":"max-image-preview:large","max-video-preview":"max-video-preview:-1"},"canonical":"https:\/\/www.lmetb.ie\/ga\/scoileanna\/boird-bhainistiochta\/","og_locale":"ga_IE","og_type":"article","og_title":"Boird Bhainist\u00edochta - Louth &amp; Meath Education and Training Board","og_description":"Boird Bhainist\u00edochta","og_url":"https:\/\/www.lmetb.ie\/ga\/scoileanna\/boird-bhainistiochta\/","og_site_name":"Louth &amp; Meath Education and Training Board","article_modified_time":"2021-12-01T17:33:09+00:00","twitter_card":"summary_large_image","twitter_misc":{"Est. reading time":"9 minutes"},"schema":{"@context":"https:\/\/schema.org","@graph":[{"@type":"WebPage","@id":"https:\/\/www.lmetb.ie\/ga\/scoileanna\/boird-bhainistiochta\/","url":"https:\/\/www.lmetb.ie\/ga\/scoileanna\/boird-bhainistiochta\/","name":"Boird Bhainist\u00edochta - Louth &amp; Meath Education and Training Board","isPartOf":{"@id":"https:\/\/www.lmetb.ie\/ga\/#website"},"datePublished":"2021-11-30T19:01:18+00:00","dateModified":"2021-12-01T17:33:09+00:00","description":"Boird Bhainist\u00edochta","breadcrumb":{"@id":"https:\/\/www.lmetb.ie\/ga\/scoileanna\/boird-bhainistiochta\/#breadcrumb"},"inLanguage":"ga-IE","potentialAction":[{"@type":"ReadAction","target":["https:\/\/www.lmetb.ie\/ga\/scoileanna\/boird-bhainistiochta\/"]}]},{"@type":"BreadcrumbList","@id":"https:\/\/www.lmetb.ie\/ga\/scoileanna\/boird-bhainistiochta\/#breadcrumb","itemListElement":[{"@type":"ListItem","position":1,"name":"Home","item":"https:\/\/www.lmetb.ie\/ga\/"},{"@type":"ListItem","position":2,"name":"Scoileanna","item":"https:\/\/www.lmetb.ie\/ga\/schools\/"},{"@type":"ListItem","position":3,"name":"Boird Bhainist\u00edochta"}]},{"@type":"WebSite","@id":"https:\/\/www.lmetb.ie\/ga\/#website","url":"https:\/\/www.lmetb.ie\/ga\/","name":"Louth & Meath Education and Training Board","description":"Bord Oideachas agus Oili\u00fana L\u00fa agus na M\u00ed","publisher":{"@id":"https:\/\/www.lmetb.ie\/ga\/#organization"},"potentialAction":[{"@type":"SearchAction","target":{"@type":"EntryPoint","urlTemplate":"https:\/\/www.lmetb.ie\/ga\/?s={search_term_string}"},"query-input":{"@type":"PropertyValueSpecification","valueRequired":true,"valueName":"search_term_string"}}],"inLanguage":"ga-IE"},{"@type":"Organization","@id":"https:\/\/www.lmetb.ie\/ga\/#organization","name":"Louth & Meath Education and Training Board","url":"https:\/\/www.lmetb.ie\/ga\/","logo":{"@type":"ImageObject","inLanguage":"ga-IE","@id":"https:\/\/www.lmetb.ie\/ga\/#\/schema\/logo\/image\/","url":"https:\/\/www.lmetb.ie\/wp-content\/uploads\/2021\/06\/partnerLogo_2.jpg","contentUrl":"https:\/\/www.lmetb.ie\/wp-content\/uploads\/2021\/06\/partnerLogo_2.jpg","width":300,"height":150,"caption":"Louth & Meath Education and Training Board"},"image":{"@id":"https:\/\/www.lmetb.ie\/ga\/#\/schema\/logo\/image\/"}}]}},"_links":{"self":[{"href":"https:\/\/www.lmetb.ie\/ga\/wp-json\/wp\/v2\/pages\/245059","targetHints":{"allow":["GET"]}}],"collection":[{"href":"https:\/\/www.lmetb.ie\/ga\/wp-json\/wp\/v2\/pages"}],"about":[{"href":"https:\/\/www.lmetb.ie\/ga\/wp-json\/wp\/v2\/types\/page"}],"author":[{"embeddable":true,"href":"https:\/\/www.lmetb.ie\/ga\/wp-json\/wp\/v2\/users\/1"}],"replies":[{"embeddable":true,"href":"https:\/\/www.lmetb.ie\/ga\/wp-json\/wp\/v2\/comments?post=245059"}],"version-history":[{"count":7,"href":"https:\/\/www.lmetb.ie\/ga\/wp-json\/wp\/v2\/pages\/245059\/revisions"}],"predecessor-version":[{"id":245625,"href":"https:\/\/www.lmetb.ie\/ga\/wp-json\/wp\/v2\/pages\/245059\/revisions\/245625"}],"up":[{"embeddable":true,"href":"https:\/\/www.lmetb.ie\/ga\/wp-json\/wp\/v2\/pages\/245054"}],"wp:attachment":[{"href":"https:\/\/www.lmetb.ie\/ga\/wp-json\/wp\/v2\/media?parent=245059"}],"curies":[{"name":"wp","href":"https:\/\/api.w.org\/{rel}","templated":true}]}}