{"id":245051,"date":"2021-11-30T18:55:00","date_gmt":"2021-11-30T18:55:48","guid":{"rendered":"https:\/\/lmetb.dev.webcore.cloud\/what-we-do\/etb-board-members\/"},"modified":"2024-08-26T11:51:24","modified_gmt":"2024-08-26T11:51:24","slug":"comhaltai-boird-boo","status":"publish","type":"page","link":"https:\/\/www.lmetb.ie\/ga\/cad-a-dheanaimid\/comhaltai-boird-boo\/","title":{"rendered":"Comhalta\u00ed Boird BOO"},"content":{"rendered":"<p>[et_pb_section fb_built=&#8221;1&#8243; fullwidth=&#8221;on&#8221; custom_padding_last_edited=&#8221;on|tablet&#8221; _builder_version=&#8221;4.16&#8243; _module_preset=&#8221;default&#8221; background_enable_color=&#8221;off&#8221; custom_padding=&#8221;|0px||0px|false|false&#8221; custom_padding_tablet=&#8221;&#8221; custom_padding_phone=&#8221;|0px||0px|false|false&#8221; bottom_divider_style=&#8221;triangle&#8221; bottom_divider_color=&#8221;#FFFFFF&#8221; bottom_divider_height=&#8221;50px&#8221; bottom_divider_height_tablet=&#8221;40px&#8221; bottom_divider_height_phone=&#8221;30px&#8221; bottom_divider_height_last_edited=&#8221;on|phone&#8221; da_disable_devices=&#8221;off|off|off&#8221; global_colors_info=&#8221;{}&#8221; da_is_popup=&#8221;off&#8221; da_exit_intent=&#8221;off&#8221; da_has_close=&#8221;on&#8221; da_alt_close=&#8221;off&#8221; da_dark_close=&#8221;off&#8221; da_not_modal=&#8221;on&#8221; da_is_singular=&#8221;off&#8221; da_with_loader=&#8221;off&#8221; da_has_shadow=&#8221;on&#8221;][et_pb_fullwidth_header title=&#8221;@ET-DC@eyJkeW5hbWljIjp0cnVlLCJjb250ZW50IjoicG9zdF90aXRsZSIsInNldHRpbmdzIjp7ImJlZm9yZSI6IiIsImFmdGVyIjoiIn19@&#8221; text_orientation=&#8221;center&#8221; button_one_url=&#8221;back()&#8221; background_overlay_color=&#8221;rgba(135,0,18,0.8)&#8221; _builder_version=&#8221;4.16&#8243; _dynamic_attributes=&#8221;title&#8221; _module_preset=&#8221;default&#8221; title_font=&#8221;Montserrat||||||||&#8221; title_text_align=&#8221;center&#8221; title_text_color=&#8221;#ffffff&#8221; title_font_size=&#8221;64px&#8221; title_line_height=&#8221;1.3em&#8221; content_font=&#8221;Montserrat||||||||&#8221; content_font_size=&#8221;32px&#8221; content_line_height=&#8221;1.4em&#8221; subhead_font=&#8221;Geometria Regular|300|||||||&#8221; subhead_text_color=&#8221;#FFFFFF&#8221; subhead_font_size=&#8221;32px&#8221; subhead_line_height=&#8221;1.1em&#8221; background_enable_color=&#8221;off&#8221; background_image=&#8221;https:\/\/www.lmetb.ie\/wp-content\/uploads\/2021\/09\/stock_businesslaw.jpg&#8221; parallax=&#8221;on&#8221; custom_button_one=&#8221;on&#8221; button_one_text_size=&#8221;20px&#8221; button_one_text_color=&#8221;#FFFFFF&#8221; button_one_bg_color=&#8221;#A81010&#8243; button_one_bg_use_color_gradient=&#8221;on&#8221; button_one_bg_color_gradient_stops=&#8221;#fc1010 0%|#a81010 100%&#8221; button_one_bg_color_gradient_start=&#8221;#fc1010&#8243; button_one_bg_color_gradient_end=&#8221;#a81010&#8243; button_one_border_width=&#8221;0px&#8221; button_one_border_color=&#8221;#FFFFFF&#8221; button_one_border_radius=&#8221;8px&#8221; button_one_font=&#8221;Geometria ExtraBold||||||||&#8221; button_one_icon=&#8221;&#x44;||divi||400&#8243; button_one_icon_placement=&#8221;left&#8221; button_one_on_hover=&#8221;off&#8221; button_one_custom_margin=&#8221;45px|||15px|false|false&#8221; button_one_custom_padding=&#8221;12px|30px|12px|45px|false|false&#8221; custom_button_two=&#8221;on&#8221; button_two_text_size=&#8221;17px&#8221; button_two_font=&#8221;TT Norms Light||||||||&#8221; button_two_icon=&#8221;&#x49;||divi||400&#8243; button_two_on_hover=&#8221;off&#8221; button_two_custom_margin=&#8221;45px||||false|false&#8221; button_two_custom_padding=&#8221;|30px||16px|false|false&#8221; vertical_offset=&#8221;50%&#8221; width=&#8221;100%&#8221; module_alignment=&#8221;center&#8221; min_height=&#8221;530px&#8221; height=&#8221;530px&#8221; max_height=&#8221;530px&#8221; custom_margin_tablet=&#8221;&#8221; custom_margin_phone=&#8221;|0px||0px|false|false&#8221; custom_margin_last_edited=&#8221;on|phone&#8221; custom_padding_tablet=&#8221;90px|0px||0px|false|false&#8221; custom_padding_phone=&#8221;90px|0px||0px|false|false&#8221; custom_padding_last_edited=&#8221;off|desktop&#8221; title_font_size_tablet=&#8221;54px&#8221; title_font_size_phone=&#8221;32px&#8221; title_font_size_last_edited=&#8221;on|desktop&#8221; content_font_size_tablet=&#8221;28px&#8221; content_font_size_phone=&#8221;17px&#8221; content_font_size_last_edited=&#8221;on|desktop&#8221; subhead_font_size_tablet=&#8221;28px&#8221; subhead_font_size_phone=&#8221;17px&#8221; subhead_font_size_last_edited=&#8221;on|phone&#8221; button_one_text_size_tablet=&#8221;&#8221; button_one_text_size_phone=&#8221;16px&#8221; button_one_text_size_last_edited=&#8221;on|phone&#8221; custom_css_main_element=&#8221;||&#8221; custom_css_header_container=&#8221;margin-top: 20px;&#8221; custom_css_title=&#8221;padding-bottom: 30px;&#8221; title_text_shadow_style=&#8221;preset3&#8243; subhead_text_shadow_style=&#8221;preset3&#8243; box_shadow_style_button_one=&#8221;preset3&#8243; global_colors_info=&#8221;{%22gcid-d3b67029-a63e-4d42-80dd-1eed13d1d216%22:%91%22background_overlay_color%22%93}&#8221; button_one_custom_margin__hover_enabled=&#8221;on|hover&#8221; button_two_custom_margin__hover_enabled=&#8221;on|desktop&#8221; custom_margin__hover_enabled=&#8221;off|desktop&#8221; custom_css_header_container_last_edited=&#8221;on|desktop&#8221; custom_css_header_container_tablet=&#8221;margin-top: 60px;&#8221; custom_css_header_container_phone=&#8221;margin-top: 60px;&#8221; button_one_border_radius__hover=&#8221;8px&#8221; button_one_border_radius__hover_enabled=&#8221;on|hover&#8221; button_one_bg_color__hover_enabled=&#8221;on|hover&#8221; button_one_border_color__hover=&#8221;#FFFFFF&#8221; button_one_border_color__hover_enabled=&#8221;on|hover&#8221; button_one_bg_color_gradient_start__hover=&#8221;#f3ab34&#8243; button_one_bg_use_color_gradient__hover=&#8221;on&#8221; button_one_bg_color_gradient_end__hover=&#8221;#f25800&#8243; button_one_custom_margin__hover=&#8221;45px|||15px|false|false&#8221; button_two_custom_margin__hover=&#8221;45px||||false|false&#8221; button_one_bg_color__hover=&#8221;#A81010&#8243; button_one_bg_color_gradient_stops__hover=&#8221;#f3ab34 0%|#f25800 100%&#8221;][\/et_pb_fullwidth_header][\/et_pb_section][et_pb_section fb_built=&#8221;1&#8243; _builder_version=&#8221;4.16&#8243; _module_preset=&#8221;default&#8221; custom_margin=&#8221;0px||||false|false&#8221; custom_padding=&#8221;50px||50px||false|false&#8221; da_disable_devices=&#8221;off|off|off&#8221; global_colors_info=&#8221;{}&#8221; da_is_popup=&#8221;off&#8221; da_exit_intent=&#8221;off&#8221; da_has_close=&#8221;on&#8221; da_alt_close=&#8221;off&#8221; da_dark_close=&#8221;off&#8221; da_not_modal=&#8221;on&#8221; da_is_singular=&#8221;off&#8221; da_with_loader=&#8221;off&#8221; da_has_shadow=&#8221;on&#8221;][et_pb_row _builder_version=&#8221;4.16&#8243; _module_preset=&#8221;default&#8221; custom_margin=&#8221;0px||||false|false&#8221; custom_padding=&#8221;0px||0px||false|false&#8221; global_colors_info=&#8221;{}&#8221;][et_pb_column type=&#8221;4_4&#8243; _builder_version=&#8221;4.16&#8243; _module_preset=&#8221;default&#8221; global_colors_info=&#8221;{}&#8221;][lwp_divi_breadcrumbs use_before_icon=&#8221;off&#8221; link_color=&#8221;#1C3041&#8243; separator_color=&#8221;#1C3041&#8243; current_text_color=&#8221;#880D1E&#8221; _builder_version=&#8221;4.16&#8243; _module_preset=&#8221;default&#8221; module_font=&#8221;Geometria Bold||||||||&#8221; module_font_size=&#8221;18px&#8221; module_line_height=&#8221;1.6em&#8221; text_orientation=&#8221;left&#8221; custom_margin=&#8221;||0px||false|false&#8221; custom_padding=&#8221;0px||0px||false|false&#8221; animation_style=&#8221;fade&#8221; global_colors_info=&#8221;{}&#8221;][\/lwp_divi_breadcrumbs][et_pb_divider color=&#8221;#1C3041&#8243; _builder_version=&#8221;4.16&#8243; _module_preset=&#8221;default&#8221; custom_margin=&#8221;-20px||||false|false&#8221; global_colors_info=&#8221;{}&#8221;][\/et_pb_divider][\/et_pb_column][\/et_pb_row][et_pb_row column_structure=&#8221;2_3,1_3&#8243; custom_padding_last_edited=&#8221;on|phone&#8221; module_class=&#8221;custom_row&#8221; _builder_version=&#8221;4.16&#8243; _module_preset=&#8221;default&#8221; custom_margin=&#8221;25px||||false|false&#8221; custom_padding=&#8221;0px||50px||false|false&#8221; custom_padding_tablet=&#8221;&#8221; custom_padding_phone=&#8221;0px||||false|false&#8221; locked=&#8221;off&#8221; global_colors_info=&#8221;{}&#8221;][et_pb_column type=&#8221;2_3&#8243; module_class=&#8221;second-on-mobile&#8221; _builder_version=&#8221;4.16&#8243; _module_preset=&#8221;default&#8221; custom_css_main_element=&#8221;margin: auto;&#8221; global_colors_info=&#8221;{}&#8221;][et_pb_text ul_type=&#8221;square&#8221; ul_item_indent=&#8221;32px&#8221; _builder_version=&#8221;4.25.0&#8243; _module_preset=&#8221;default&#8221; text_font=&#8221;Geometria Regular||||||||&#8221; text_font_size=&#8221;18px&#8221; text_line_height=&#8221;1.6em&#8221; ul_font=&#8221;Geometria Bold||||||||&#8221; ul_text_color=&#8221;#A81010&#8243; header_font=&#8221;Geometria Bold||||||||&#8221; header_text_align=&#8221;left&#8221; header_text_color=&#8221;#A81010&#8243; header_font_size=&#8221;28px&#8221; header_line_height=&#8221;1.4em&#8221; header_2_font=&#8221;Geometria ExtraBold||||||||&#8221; header_2_text_color=&#8221;#A81010&#8243; header_2_line_height=&#8221;1.1em&#8221; animation_style=&#8221;fade&#8221; animation_direction=&#8221;left&#8221; hover_enabled=&#8221;0&#8243; text_font_size_tablet=&#8221;&#8221; text_font_size_phone=&#8221;16px&#8221; text_font_size_last_edited=&#8221;on|tablet&#8221; global_colors_info=&#8221;{}&#8221; sticky_enabled=&#8221;0&#8243;]<\/p>\n<p><strong>\u00d3n 1 I\u00fail 2013, cuireadh deireadh le Coiste Gairmoideachais L\u00fa agus Coiste Gairmoideachais na M\u00ed agus buna\u00edodh eintiteas nua br\u00edomhar for\u00e1sach darb ainm Bord Oideachais agus Oili\u00fana L\u00fa agus na M\u00ed. Tion\u00f3ladh an ch\u00e9ad chruinni\u00fa den Bhord i gCol\u00e1iste Pobail Naomh Oilibh\u00e9ar, Droichead \u00c1tha D\u00e9ardaoin, an 25 I\u00fail 2013.<\/strong><\/p>\n<p>Is \u00e9 <strong>Martin G. O&#8217;Brien<\/strong> Pr\u00edomhfheidhmeannach Bhord Oideachais agus Oili\u00fana L\u00fa agus na M\u00ed.<\/p>\n<p>&nbsp;<\/p>\n<h1>Comhalta\u00ed Boird BOOLM<\/h1>\n<figure class=\"wp-block-table\">\n<table style=\"width: 100%; margin-top: 25px; height: 1872px;\">\n<tbody>\n<tr style=\"height: 24px;\">\n<td style=\"height: 24px; width: 50%;\"><strong>Ainm<\/strong><\/td>\n<td style=\"height: 24px; width: 46.6102%;\"><strong>Arna n-ainmni\u00fa ag<\/strong><\/td>\n<\/tr>\n<tr>\n<td width=\"441\" style=\"width: 50%;\">\n<p>An Clr. Andrea McKevitt<\/p>\n<\/td>\n<td width=\"441\" style=\"width: 46.6102%;\">\n<p>Comhairle Chontae L\u00fa<\/p>\n<\/td>\n<\/tr>\n<tr>\n<td width=\"441\" style=\"width: 50%;\">\n<p>An Clr. Anne-Marie Ford<\/p>\n<\/td>\n<td width=\"441\" style=\"width: 46.6102%;\">\n<p>Comhairle Chontae L\u00fa<\/p>\n<\/td>\n<\/tr>\n<tr>\n<td width=\"441\" style=\"width: 50%;\">\n<p>An Clr. John Sheridan<\/p>\n<\/td>\n<td width=\"441\" style=\"width: 46.6102%;\">\n<p>Comhairle Chontae L\u00fa<\/p>\n<\/td>\n<\/tr>\n<tr>\n<td width=\"441\" style=\"width: 50%;\">\n<p>An Clr. Ciar\u00e1n Fisher<\/p>\n<\/td>\n<td width=\"441\" style=\"width: 46.6102%;\">\n<p>Comhairle Chontae L\u00fa<\/p>\n<\/td>\n<\/tr>\n<tr>\n<td width=\"441\" style=\"width: 50%;\">\n<p>An Clr. Kevin Meenan<\/p>\n<\/td>\n<td width=\"441\" style=\"width: 46.6102%;\">\n<p>Comhairle Chontae L\u00fa<\/p>\n<\/td>\n<\/tr>\n<tr>\n<td width=\"441\" style=\"width: 50%;\">\n<p>An Clr. Carol Lennon<\/p>\n<\/td>\n<td width=\"441\" style=\"width: 46.6102%;\">\n<p>Comhairle Chontae na M\u00ed<\/p>\n<\/td>\n<\/tr>\n<tr>\n<td width=\"441\" style=\"width: 50%;\">\n<p>An Clr. Caroline O&#8217;Reilly<\/p>\n<\/td>\n<td width=\"441\" style=\"width: 46.6102%;\">\n<p>Comhairle Chontae na M\u00ed<\/p>\n<\/td>\n<\/tr>\n<tr>\n<td width=\"441\" style=\"width: 50%;\">\n<p>An Clr. Gerry O&#8217;Connor<\/p>\n<\/td>\n<td width=\"441\" style=\"width: 46.6102%;\">\n<p>Comhairle Chontae na M\u00ed<\/p>\n<\/td>\n<\/tr>\n<tr>\n<td width=\"441\" style=\"width: 50%;\">\n<p>An Clr. Maria Murphy<\/p>\n<\/td>\n<td width=\"441\" style=\"width: 46.6102%;\">\n<p>Comhairle Chontae na M\u00ed<\/p>\n<\/td>\n<\/tr>\n<tr>\n<td width=\"441\" style=\"width: 50%;\">\n<p>An Clr. Maria White<\/p>\n<\/td>\n<td width=\"441\" style=\"width: 46.6102%;\">\n<p>Comhairle Chontae na M\u00ed<\/p>\n<\/td>\n<\/tr>\n<tr>\n<td width=\"441\" style=\"width: 50%;\">\n<p>An Clr. Nick Killian<\/p>\n<\/td>\n<td width=\"441\" style=\"width: 46.6102%;\">\n<p>Comhairle Chontae na M\u00ed<\/p>\n<\/td>\n<\/tr>\n<tr>\n<td width=\"441\" style=\"width: 50%;\">\n<p>An Clr. Wayne Harding<\/p>\n<\/td>\n<td width=\"441\" style=\"width: 46.6102%;\">\n<p>Comhairle Chontae na M\u00ed<\/p>\n<\/td>\n<\/tr>\n<tr>\n<td width=\"441\" style=\"width: 50%;\">\n<p>Mr. Paul Harkin<\/p>\n<\/td>\n<td width=\"441\" style=\"width: 46.6102%;\">\n<p>Ainmn\u00ed Foirne BOOLM<\/p>\n<\/td>\n<\/tr>\n<tr>\n<td width=\"441\" style=\"width: 50%;\">\n<p>Ms. Paula Clinton<\/p>\n<\/td>\n<td width=\"441\" style=\"width: 46.6102%;\">\n<p>Ainmn\u00ed Foirne BOOLM<\/p>\n<\/td>\n<\/tr>\n<tr>\n<td width=\"441\" style=\"width: 50%;\">\n<p>Ms. Sin\u00e9ad Edmonds<\/p>\n<\/td>\n<td width=\"441\" style=\"width: 46.6102%;\">\n<p>Ainmn\u00ed Tuismitheoir BOOLM<\/p>\n<\/td>\n<\/tr>\n<tr>\n<td width=\"441\" style=\"width: 50%;\">\n<p>Mr. Se\u00e1n Peters<\/p>\n<\/td>\n<td width=\"441\" style=\"width: 46.6102%;\">\n<p>Ainmn\u00ed Tuismitheoir BOOLM<\/p>\n<\/td>\n<\/tr>\n<tr>\n<td width=\"441\" style=\"width: 50%;\">\n<p>M\u00e1ir\u00edn U\u00ed Fh\u00e1inn\u00edn, a Uasal<\/p>\n<\/td>\n<td width=\"441\" style=\"width: 46.6102%;\">\n<p>Ainmn\u00ed Pobail<\/p>\n<\/td>\n<\/tr>\n<tr>\n<td width=\"441\" style=\"width: 50%;\">\n<p>Mr. Bill Sweeney\u00a0<\/p>\n<\/td>\n<td width=\"441\" style=\"width: 46.6102%;\">\n<p>Ainmn\u00ed Pobail<\/p>\n<\/td>\n<\/tr>\n<tr>\n<td width=\"441\" style=\"width: 50%;\">\n<p>Mr. Barry Williams<\/p>\n<\/td>\n<td width=\"441\" style=\"width: 46.6102%;\">\n<p>Ainmn\u00ed Pobail<\/p>\n<\/td>\n<\/tr>\n<tr>\n<td width=\"441\" style=\"width: 50%;\">\n<p>Mr. Paul McCabe<\/p>\n<\/td>\n<td width=\"441\" style=\"width: 46.6102%;\">\n<p>Ainmn\u00ed Pobail<\/p>\n<\/td>\n<\/tr>\n<tr>\n<td width=\"441\" style=\"width: 50%;\">\n<p>Ms. Angela McGarvey<\/p>\n<\/td>\n<td width=\"441\" style=\"width: 46.6102%;\">\n<p>Ainmn\u00ed Pobail<\/p>\n<\/td>\n<\/tr>\n<\/tbody>\n<\/table>\n<\/figure>\n<p>[\/et_pb_text][\/et_pb_column][et_pb_column type=&#8221;1_3&#8243; module_class=&#8221;second-on-mobile&#8221; _builder_version=&#8221;4.16&#8243; _module_preset=&#8221;default&#8221; custom_css_main_element=&#8221;margin: auto;&#8221; global_colors_info=&#8221;{}&#8221;][et_pb_image src=&#8221;https:\/\/www.lmetb.ie\/wp-content\/uploads\/2021\/06\/partnerLogo_2.jpg&#8221; title_text=&#8221;partnerLogo_2&#8243; align=&#8221;right&#8221; align_tablet=&#8221;center&#8221; align_phone=&#8221;&#8221; align_last_edited=&#8221;on|tablet&#8221; _builder_version=&#8221;4.16&#8243; _module_preset=&#8221;default&#8221; custom_margin_tablet=&#8221;50px||||false|false&#8221; custom_margin_phone=&#8221;&#8221; custom_margin_last_edited=&#8221;on|tablet&#8221; global_colors_info=&#8221;{}&#8221;][\/et_pb_image][\/et_pb_column][\/et_pb_row][\/et_pb_section]<\/p>\n","protected":false},"excerpt":{"rendered":"<p><div class=\"et_pb_module lwp_divi_breadcrumbs lwp_divi_breadcrumbs_0 et_animated\">\n\t\t\t\t\n\t\t\t\t\n\t\t\t\t\n\t\t\t\t\n\t\t\t\t\n\t\t\t\t\n\t\t\t\t<div class=\"et_pb_module_inner\">\n\t\t\t\t\t<div class=\"lwp-breadcrumbs\"> <span class=\"before\"><\/span> <span vocab=\"https:\/\/schema.org\/\" typeof=\"BreadcrumbList\"><span property=\"itemListElement\" typeof=\"ListItem\"><a property=\"item\" typeof=\"WebPage\" href=\"https:\/\/www.lmetb.ie\/ga\/\" class=\"home\"><span property=\"name\">Home<\/span><\/a><meta property=\"position\" content=\"1\"><\/span> <span class=\"separator et-pb-icon\">&#x39;<\/span> <\/span><\/div>\n\t\t\t\t<\/div>\n\t\t\t<\/div>\u00d3n 1 I\u00fail 2013, cuireadh deireadh le Coiste Gairmoideachais L\u00fa agus Coiste Gairmoideachais na M\u00ed agus buna\u00edodh eintiteas nua br\u00edomhar for\u00e1sach darb ainm Bord Oideachais agus Oili\u00fana L\u00fa agus na M\u00ed. Tion\u00f3ladh an ch\u00e9ad chruinni\u00fa den Bhord i gCol\u00e1iste Pobail&hellip; <a class=\"continue\" href=\"https:\/\/www.lmetb.ie\/ga\/cad-a-dheanaimid\/comhaltai-boird-boo\/\">Continue Reading<span> Comhalta\u00ed Boird BOO<\/span><\/a><\/p>\n","protected":false},"author":1,"featured_media":0,"parent":245042,"menu_order":5,"comment_status":"closed","ping_status":"closed","template":"","meta":{"_acf_changed":false,"_et_pb_use_builder":"on","_et_pb_old_content":"","_et_gb_content_width":"","footnotes":""},"class_list":["post-245051","page","type-page","status-publish","hentry"],"acf":[],"yoast_head":"<!-- This site is optimized with the Yoast SEO plugin v26.1 - https:\/\/yoast.com\/wordpress\/plugins\/seo\/ -->\n<title>Comhalta\u00ed Boird BOO - Louth &amp; Meath Education and Training Board<\/title>\n<meta name=\"description\" content=\"Comhalta\u00ed Boird BOO\" \/>\n<meta name=\"robots\" content=\"index, follow, max-snippet:-1, max-image-preview:large, max-video-preview:-1\" \/>\n<link rel=\"canonical\" href=\"https:\/\/www.lmetb.ie\/ga\/cad-a-dheanaimid\/comhaltai-boird-boo\/\" \/>\n<meta property=\"og:locale\" content=\"ga_IE\" \/>\n<meta property=\"og:type\" content=\"article\" \/>\n<meta property=\"og:title\" content=\"Comhalta\u00ed Boird BOO - Louth &amp; Meath Education and Training Board\" \/>\n<meta property=\"og:description\" content=\"Comhalta\u00ed Boird BOO\" \/>\n<meta property=\"og:url\" content=\"https:\/\/www.lmetb.ie\/ga\/cad-a-dheanaimid\/comhaltai-boird-boo\/\" \/>\n<meta property=\"og:site_name\" content=\"Louth &amp; Meath Education and Training Board\" \/>\n<meta property=\"article:modified_time\" content=\"2024-08-26T11:51:24+00:00\" \/>\n<meta name=\"twitter:card\" content=\"summary_large_image\" \/>\n<meta name=\"twitter:label1\" content=\"Est. reading time\" \/>\n\t<meta name=\"twitter:data1\" content=\"7 minutes\" \/>\n<script type=\"application\/ld+json\" class=\"yoast-schema-graph\">{\"@context\":\"https:\/\/schema.org\",\"@graph\":[{\"@type\":\"WebPage\",\"@id\":\"https:\/\/www.lmetb.ie\/ga\/cad-a-dheanaimid\/comhaltai-boird-boo\/\",\"url\":\"https:\/\/www.lmetb.ie\/ga\/cad-a-dheanaimid\/comhaltai-boird-boo\/\",\"name\":\"Comhalta\u00ed Boird BOO - Louth &amp; Meath Education and Training Board\",\"isPartOf\":{\"@id\":\"https:\/\/www.lmetb.ie\/ga\/#website\"},\"datePublished\":\"2021-11-30T18:55:48+00:00\",\"dateModified\":\"2024-08-26T11:51:24+00:00\",\"description\":\"Comhalta\u00ed Boird BOO\",\"breadcrumb\":{\"@id\":\"https:\/\/www.lmetb.ie\/ga\/cad-a-dheanaimid\/comhaltai-boird-boo\/#breadcrumb\"},\"inLanguage\":\"ga-IE\",\"potentialAction\":[{\"@type\":\"ReadAction\",\"target\":[\"https:\/\/www.lmetb.ie\/ga\/cad-a-dheanaimid\/comhaltai-boird-boo\/\"]}]},{\"@type\":\"BreadcrumbList\",\"@id\":\"https:\/\/www.lmetb.ie\/ga\/cad-a-dheanaimid\/comhaltai-boird-boo\/#breadcrumb\",\"itemListElement\":[{\"@type\":\"ListItem\",\"position\":1,\"name\":\"Home\",\"item\":\"https:\/\/www.lmetb.ie\/ga\/\"},{\"@type\":\"ListItem\",\"position\":2,\"name\":\"Cad a Dh\u00e9anaimid\",\"item\":\"https:\/\/www.lmetb.ie\/ga\/cad-a-dheanaimid\/\"},{\"@type\":\"ListItem\",\"position\":3,\"name\":\"Comhalta\u00ed Boird BOO\"}]},{\"@type\":\"WebSite\",\"@id\":\"https:\/\/www.lmetb.ie\/ga\/#website\",\"url\":\"https:\/\/www.lmetb.ie\/ga\/\",\"name\":\"Louth & Meath Education and Training Board\",\"description\":\"Bord Oideachas agus Oili\u00fana L\u00fa agus na M\u00ed\",\"publisher\":{\"@id\":\"https:\/\/www.lmetb.ie\/ga\/#organization\"},\"potentialAction\":[{\"@type\":\"SearchAction\",\"target\":{\"@type\":\"EntryPoint\",\"urlTemplate\":\"https:\/\/www.lmetb.ie\/ga\/?s={search_term_string}\"},\"query-input\":{\"@type\":\"PropertyValueSpecification\",\"valueRequired\":true,\"valueName\":\"search_term_string\"}}],\"inLanguage\":\"ga-IE\"},{\"@type\":\"Organization\",\"@id\":\"https:\/\/www.lmetb.ie\/ga\/#organization\",\"name\":\"Louth & Meath Education and Training Board\",\"url\":\"https:\/\/www.lmetb.ie\/ga\/\",\"logo\":{\"@type\":\"ImageObject\",\"inLanguage\":\"ga-IE\",\"@id\":\"https:\/\/www.lmetb.ie\/ga\/#\/schema\/logo\/image\/\",\"url\":\"https:\/\/www.lmetb.ie\/wp-content\/uploads\/2021\/06\/partnerLogo_2.jpg\",\"contentUrl\":\"https:\/\/www.lmetb.ie\/wp-content\/uploads\/2021\/06\/partnerLogo_2.jpg\",\"width\":300,\"height\":150,\"caption\":\"Louth & Meath Education and Training Board\"},\"image\":{\"@id\":\"https:\/\/www.lmetb.ie\/ga\/#\/schema\/logo\/image\/\"}}]}<\/script>\n<!-- \/ Yoast SEO plugin. -->","yoast_head_json":{"title":"Comhalta\u00ed Boird BOO - Louth &amp; Meath Education and Training Board","description":"Comhalta\u00ed Boird BOO","robots":{"index":"index","follow":"follow","max-snippet":"max-snippet:-1","max-image-preview":"max-image-preview:large","max-video-preview":"max-video-preview:-1"},"canonical":"https:\/\/www.lmetb.ie\/ga\/cad-a-dheanaimid\/comhaltai-boird-boo\/","og_locale":"ga_IE","og_type":"article","og_title":"Comhalta\u00ed Boird BOO - Louth &amp; Meath Education and Training Board","og_description":"Comhalta\u00ed Boird BOO","og_url":"https:\/\/www.lmetb.ie\/ga\/cad-a-dheanaimid\/comhaltai-boird-boo\/","og_site_name":"Louth &amp; Meath Education and Training Board","article_modified_time":"2024-08-26T11:51:24+00:00","twitter_card":"summary_large_image","twitter_misc":{"Est. reading time":"7 minutes"},"schema":{"@context":"https:\/\/schema.org","@graph":[{"@type":"WebPage","@id":"https:\/\/www.lmetb.ie\/ga\/cad-a-dheanaimid\/comhaltai-boird-boo\/","url":"https:\/\/www.lmetb.ie\/ga\/cad-a-dheanaimid\/comhaltai-boird-boo\/","name":"Comhalta\u00ed Boird BOO - Louth &amp; Meath Education and Training Board","isPartOf":{"@id":"https:\/\/www.lmetb.ie\/ga\/#website"},"datePublished":"2021-11-30T18:55:48+00:00","dateModified":"2024-08-26T11:51:24+00:00","description":"Comhalta\u00ed Boird BOO","breadcrumb":{"@id":"https:\/\/www.lmetb.ie\/ga\/cad-a-dheanaimid\/comhaltai-boird-boo\/#breadcrumb"},"inLanguage":"ga-IE","potentialAction":[{"@type":"ReadAction","target":["https:\/\/www.lmetb.ie\/ga\/cad-a-dheanaimid\/comhaltai-boird-boo\/"]}]},{"@type":"BreadcrumbList","@id":"https:\/\/www.lmetb.ie\/ga\/cad-a-dheanaimid\/comhaltai-boird-boo\/#breadcrumb","itemListElement":[{"@type":"ListItem","position":1,"name":"Home","item":"https:\/\/www.lmetb.ie\/ga\/"},{"@type":"ListItem","position":2,"name":"Cad a Dh\u00e9anaimid","item":"https:\/\/www.lmetb.ie\/ga\/cad-a-dheanaimid\/"},{"@type":"ListItem","position":3,"name":"Comhalta\u00ed Boird BOO"}]},{"@type":"WebSite","@id":"https:\/\/www.lmetb.ie\/ga\/#website","url":"https:\/\/www.lmetb.ie\/ga\/","name":"Louth & Meath Education and Training Board","description":"Bord Oideachas agus Oili\u00fana L\u00fa agus na M\u00ed","publisher":{"@id":"https:\/\/www.lmetb.ie\/ga\/#organization"},"potentialAction":[{"@type":"SearchAction","target":{"@type":"EntryPoint","urlTemplate":"https:\/\/www.lmetb.ie\/ga\/?s={search_term_string}"},"query-input":{"@type":"PropertyValueSpecification","valueRequired":true,"valueName":"search_term_string"}}],"inLanguage":"ga-IE"},{"@type":"Organization","@id":"https:\/\/www.lmetb.ie\/ga\/#organization","name":"Louth & Meath Education and Training Board","url":"https:\/\/www.lmetb.ie\/ga\/","logo":{"@type":"ImageObject","inLanguage":"ga-IE","@id":"https:\/\/www.lmetb.ie\/ga\/#\/schema\/logo\/image\/","url":"https:\/\/www.lmetb.ie\/wp-content\/uploads\/2021\/06\/partnerLogo_2.jpg","contentUrl":"https:\/\/www.lmetb.ie\/wp-content\/uploads\/2021\/06\/partnerLogo_2.jpg","width":300,"height":150,"caption":"Louth & Meath Education and Training Board"},"image":{"@id":"https:\/\/www.lmetb.ie\/ga\/#\/schema\/logo\/image\/"}}]}},"_links":{"self":[{"href":"https:\/\/www.lmetb.ie\/ga\/wp-json\/wp\/v2\/pages\/245051","targetHints":{"allow":["GET"]}}],"collection":[{"href":"https:\/\/www.lmetb.ie\/ga\/wp-json\/wp\/v2\/pages"}],"about":[{"href":"https:\/\/www.lmetb.ie\/ga\/wp-json\/wp\/v2\/types\/page"}],"author":[{"embeddable":true,"href":"https:\/\/www.lmetb.ie\/ga\/wp-json\/wp\/v2\/users\/1"}],"replies":[{"embeddable":true,"href":"https:\/\/www.lmetb.ie\/ga\/wp-json\/wp\/v2\/comments?post=245051"}],"version-history":[{"count":10,"href":"https:\/\/www.lmetb.ie\/ga\/wp-json\/wp\/v2\/pages\/245051\/revisions"}],"predecessor-version":[{"id":268836,"href":"https:\/\/www.lmetb.ie\/ga\/wp-json\/wp\/v2\/pages\/245051\/revisions\/268836"}],"up":[{"embeddable":true,"href":"https:\/\/www.lmetb.ie\/ga\/wp-json\/wp\/v2\/pages\/245042"}],"wp:attachment":[{"href":"https:\/\/www.lmetb.ie\/ga\/wp-json\/wp\/v2\/media?parent=245051"}],"curies":[{"name":"wp","href":"https:\/\/api.w.org\/{rel}","templated":true}]}}