{"id":245045,"date":"2021-11-30T18:52:00","date_gmt":"2021-11-30T18:52:54","guid":{"rendered":"https:\/\/lmetb.dev.webcore.cloud\/what-we-do\/welcome-from-the-ceo\/"},"modified":"2024-02-01T10:20:25","modified_gmt":"2024-02-01T10:20:25","slug":"failte-on-bpriomhoifigeach-feidhmiuchain","status":"publish","type":"page","link":"https:\/\/www.lmetb.ie\/ga\/cad-a-dheanaimid\/failte-on-bpriomhoifigeach-feidhmiuchain\/","title":{"rendered":"F\u00e1ilte \u00f3n POF"},"content":{"rendered":"<p>[et_pb_section fb_built=&#8221;1&#8243; fullwidth=&#8221;on&#8221; custom_padding_last_edited=&#8221;on|tablet&#8221; _builder_version=&#8221;4.16&#8243; _module_preset=&#8221;default&#8221; background_enable_color=&#8221;off&#8221; custom_padding=&#8221;|0px||0px|false|false&#8221; custom_padding_tablet=&#8221;&#8221; custom_padding_phone=&#8221;|0px||0px|false|false&#8221; bottom_divider_style=&#8221;triangle&#8221; bottom_divider_color=&#8221;#FFFFFF&#8221; bottom_divider_height=&#8221;50px&#8221; bottom_divider_height_tablet=&#8221;40px&#8221; bottom_divider_height_phone=&#8221;30px&#8221; bottom_divider_height_last_edited=&#8221;on|phone&#8221; da_disable_devices=&#8221;off|off|off&#8221; global_colors_info=&#8221;{}&#8221; da_is_popup=&#8221;off&#8221; da_exit_intent=&#8221;off&#8221; da_has_close=&#8221;on&#8221; da_alt_close=&#8221;off&#8221; da_dark_close=&#8221;off&#8221; da_not_modal=&#8221;on&#8221; da_is_singular=&#8221;off&#8221; da_with_loader=&#8221;off&#8221; da_has_shadow=&#8221;on&#8221;][et_pb_fullwidth_header title=&#8221;@ET-DC@eyJkeW5hbWljIjp0cnVlLCJjb250ZW50IjoicG9zdF90aXRsZSIsInNldHRpbmdzIjp7ImJlZm9yZSI6IiIsImFmdGVyIjoiIn19@&#8221; text_orientation=&#8221;center&#8221; button_one_url=&#8221;back()&#8221; background_overlay_color=&#8221;rgba(135,0,18,0.8)&#8221; _builder_version=&#8221;4.16&#8243; _dynamic_attributes=&#8221;title&#8221; _module_preset=&#8221;default&#8221; title_font=&#8221;Montserrat||||||||&#8221; title_text_align=&#8221;center&#8221; title_text_color=&#8221;#ffffff&#8221; title_font_size=&#8221;64px&#8221; title_line_height=&#8221;1.3em&#8221; content_font=&#8221;Montserrat||||||||&#8221; content_font_size=&#8221;32px&#8221; content_line_height=&#8221;1.4em&#8221; subhead_font=&#8221;Geometria Regular|300|||||||&#8221; subhead_text_color=&#8221;#FFFFFF&#8221; subhead_font_size=&#8221;32px&#8221; subhead_line_height=&#8221;1.1em&#8221; background_enable_color=&#8221;off&#8221; background_image=&#8221;https:\/\/www.lmetb.ie\/wp-content\/uploads\/2021\/09\/stock_businesslaw.jpg&#8221; parallax=&#8221;on&#8221; custom_button_one=&#8221;on&#8221; button_one_text_size=&#8221;20px&#8221; button_one_text_color=&#8221;#FFFFFF&#8221; button_one_bg_color=&#8221;#A81010&#8243; button_one_bg_use_color_gradient=&#8221;on&#8221; button_one_bg_color_gradient_stops=&#8221;#fc1010 0%|#a81010 100%&#8221; button_one_bg_color_gradient_start=&#8221;#fc1010&#8243; button_one_bg_color_gradient_end=&#8221;#a81010&#8243; button_one_border_width=&#8221;0px&#8221; button_one_border_color=&#8221;#FFFFFF&#8221; button_one_border_radius=&#8221;8px&#8221; button_one_font=&#8221;Geometria ExtraBold||||||||&#8221; button_one_icon=&#8221;&#x44;||divi||400&#8243; button_one_icon_placement=&#8221;left&#8221; button_one_on_hover=&#8221;off&#8221; button_one_custom_margin=&#8221;45px|||15px|false|false&#8221; button_one_custom_padding=&#8221;12px|30px|12px|45px|false|false&#8221; custom_button_two=&#8221;on&#8221; button_two_text_size=&#8221;17px&#8221; button_two_font=&#8221;TT Norms Light||||||||&#8221; button_two_icon=&#8221;&#x49;||divi||400&#8243; button_two_on_hover=&#8221;off&#8221; button_two_custom_margin=&#8221;45px||||false|false&#8221; button_two_custom_padding=&#8221;|30px||16px|false|false&#8221; vertical_offset=&#8221;50%&#8221; width=&#8221;100%&#8221; module_alignment=&#8221;center&#8221; min_height=&#8221;530px&#8221; height=&#8221;530px&#8221; max_height=&#8221;530px&#8221; custom_margin_tablet=&#8221;&#8221; custom_margin_phone=&#8221;|0px||0px|false|false&#8221; custom_margin_last_edited=&#8221;on|phone&#8221; custom_padding_tablet=&#8221;90px|0px||0px|false|false&#8221; custom_padding_phone=&#8221;90px|0px||0px|false|false&#8221; custom_padding_last_edited=&#8221;off|desktop&#8221; title_font_size_tablet=&#8221;54px&#8221; title_font_size_phone=&#8221;32px&#8221; title_font_size_last_edited=&#8221;on|desktop&#8221; content_font_size_tablet=&#8221;28px&#8221; content_font_size_phone=&#8221;17px&#8221; content_font_size_last_edited=&#8221;on|desktop&#8221; subhead_font_size_tablet=&#8221;28px&#8221; subhead_font_size_phone=&#8221;17px&#8221; subhead_font_size_last_edited=&#8221;on|phone&#8221; button_one_text_size_tablet=&#8221;&#8221; button_one_text_size_phone=&#8221;16px&#8221; button_one_text_size_last_edited=&#8221;on|phone&#8221; custom_css_main_element=&#8221;||&#8221; custom_css_header_container=&#8221;margin-top: 20px;&#8221; custom_css_title=&#8221;padding-bottom: 30px;&#8221; title_text_shadow_style=&#8221;preset3&#8243; subhead_text_shadow_style=&#8221;preset3&#8243; box_shadow_style_button_one=&#8221;preset3&#8243; global_colors_info=&#8221;{%22gcid-d3b67029-a63e-4d42-80dd-1eed13d1d216%22:%91%22background_overlay_color%22%93}&#8221; button_one_custom_margin__hover_enabled=&#8221;on|hover&#8221; button_two_custom_margin__hover_enabled=&#8221;on|desktop&#8221; custom_margin__hover_enabled=&#8221;off|desktop&#8221; custom_css_header_container_last_edited=&#8221;on|tablet&#8221; custom_css_header_container_tablet=&#8221;margin-top: 60px;&#8221; custom_css_header_container_phone=&#8221;margin-top: 80px;&#8221; button_one_border_radius__hover=&#8221;8px&#8221; button_one_border_radius__hover_enabled=&#8221;on|hover&#8221; button_one_bg_color__hover_enabled=&#8221;on|hover&#8221; button_one_border_color__hover=&#8221;#FFFFFF&#8221; button_one_border_color__hover_enabled=&#8221;on|hover&#8221; button_one_bg_color_gradient_start__hover=&#8221;#f3ab34&#8243; button_one_bg_use_color_gradient__hover=&#8221;on&#8221; button_one_bg_color_gradient_end__hover=&#8221;#f25800&#8243; button_one_custom_margin__hover=&#8221;45px|||15px|false|false&#8221; button_two_custom_margin__hover=&#8221;45px||||false|false&#8221; button_one_bg_color__hover=&#8221;#A81010&#8243; button_one_bg_color_gradient_stops__hover=&#8221;#f3ab34 0%|#f25800 100%&#8221;][\/et_pb_fullwidth_header][\/et_pb_section][et_pb_section fb_built=&#8221;1&#8243; _builder_version=&#8221;4.16&#8243; _module_preset=&#8221;default&#8221; custom_margin=&#8221;0px||||false|false&#8221; custom_padding=&#8221;50px||50px||false|false&#8221; da_disable_devices=&#8221;off|off|off&#8221; global_colors_info=&#8221;{}&#8221; da_is_popup=&#8221;off&#8221; da_exit_intent=&#8221;off&#8221; da_has_close=&#8221;on&#8221; da_alt_close=&#8221;off&#8221; da_dark_close=&#8221;off&#8221; da_not_modal=&#8221;on&#8221; da_is_singular=&#8221;off&#8221; da_with_loader=&#8221;off&#8221; da_has_shadow=&#8221;on&#8221;][et_pb_row _builder_version=&#8221;4.16&#8243; _module_preset=&#8221;default&#8221; custom_margin=&#8221;0px||||false|false&#8221; custom_padding=&#8221;0px||0px||false|false&#8221; global_colors_info=&#8221;{}&#8221;][et_pb_column type=&#8221;4_4&#8243; _builder_version=&#8221;4.16&#8243; _module_preset=&#8221;default&#8221; global_colors_info=&#8221;{}&#8221;][lwp_divi_breadcrumbs use_before_icon=&#8221;off&#8221; link_color=&#8221;#1C3041&#8243; separator_color=&#8221;#1C3041&#8243; current_text_color=&#8221;#880D1E&#8221; _builder_version=&#8221;4.16&#8243; _module_preset=&#8221;default&#8221; module_font=&#8221;Geometria Bold||||||||&#8221; module_font_size=&#8221;18px&#8221; module_line_height=&#8221;1.6em&#8221; text_orientation=&#8221;left&#8221; custom_margin=&#8221;||0px||false|false&#8221; custom_padding=&#8221;0px||0px||false|false&#8221; animation_style=&#8221;fade&#8221; global_colors_info=&#8221;{}&#8221;][\/lwp_divi_breadcrumbs][et_pb_divider color=&#8221;#1C3041&#8243; _builder_version=&#8221;4.16&#8243; _module_preset=&#8221;default&#8221; custom_margin=&#8221;-20px||||false|false&#8221; global_colors_info=&#8221;{}&#8221;][\/et_pb_divider][\/et_pb_column][\/et_pb_row][et_pb_row column_structure=&#8221;2_3,1_3&#8243; custom_padding_last_edited=&#8221;on|phone&#8221; module_class=&#8221;custom_row&#8221; _builder_version=&#8221;4.16&#8243; _module_preset=&#8221;default&#8221; custom_margin=&#8221;25px||||false|false&#8221; custom_padding=&#8221;0px||50px||false|false&#8221; custom_padding_tablet=&#8221;&#8221; custom_padding_phone=&#8221;0px||||false|false&#8221; locked=&#8221;off&#8221; global_colors_info=&#8221;{}&#8221;][et_pb_column type=&#8221;2_3&#8243; module_class=&#8221;second-on-mobile&#8221; _builder_version=&#8221;4.16&#8243; _module_preset=&#8221;default&#8221; custom_css_main_element=&#8221;margin: auto;&#8221; global_colors_info=&#8221;{}&#8221;][et_pb_text ul_type=&#8221;square&#8221; ul_item_indent=&#8221;32px&#8221; module_class=&#8221;textbox &#8221; _builder_version=&#8221;4.16&#8243; _module_preset=&#8221;default&#8221; text_font=&#8221;Geometria Regular||||||||&#8221; text_font_size=&#8221;18px&#8221; text_line_height=&#8221;1.6em&#8221; ul_font=&#8221;Geometria Bold||||||||&#8221; ul_text_color=&#8221;#A81010&#8243; header_font=&#8221;Geometria Bold||||||||&#8221; header_text_align=&#8221;left&#8221; header_text_color=&#8221;#A81010&#8243; header_font_size=&#8221;28px&#8221; header_line_height=&#8221;1.4em&#8221; header_2_font=&#8221;Geometria ExtraBold||||||||&#8221; header_2_text_color=&#8221;#A81010&#8243; header_2_line_height=&#8221;1.4em&#8221; text_orientation=&#8221;justified&#8221; animation_style=&#8221;fade&#8221; animation_direction=&#8221;left&#8221; text_font_size_tablet=&#8221;&#8221; text_font_size_phone=&#8221;16px&#8221; text_font_size_last_edited=&#8221;on|tablet&#8221; text_orientation_tablet=&#8221;justified&#8221; text_orientation_phone=&#8221;justified&#8221; text_orientation_last_edited=&#8221;on|desktop&#8221; global_colors_info=&#8221;{}&#8221;]<\/p>\n<h2>T\u00e1 an-\u00e1thas orm f\u00e1ilte a chur romhat chuig tairseach ar l\u00edne Bhord Oideachais agus Oili\u00fana L\u00fa agus na M\u00ed (BOOLM).<\/h2>\n<p>Is \u00e9 BOOLM an sol\u00e1thra\u00ed oideachais agus oili\u00fana is m\u00f3 i L\u00fa agus sa Mh\u00ed, ag sol\u00e1thar r\u00e9imse seirbh\u00eds\u00ed oideachais ag an mbunleibh\u00e9al agus ag an iar-bhunleibh\u00e9al agus ag breisoideachas agus oili\u00faint freisin. T\u00e1imid mar chuid de dhl\u00fath agus d\u2019inneach L\u00fa agus na M\u00ed le l\u00e1ithreacht \u00e1iti\u00fail ar fud an r\u00e9igi\u00fain. T\u00e1 ceithre Scoil N\u00e1isi\u00fanta Phobail, Ionad um Scola\u00edocht Eorpach, ocht n-iar-bhunscoil d\u00e9ag againn lena n-\u00e1ir\u00edtear ceann le sol\u00e1thar iar-Ardteistim\u00e9ireachta, dh\u00e1 Chol\u00e1iste Iar-Ardteistim\u00e9ireachta, ocht nIonad \u00d3gtheagmh\u00e1la,\u00a0 Ionad R\u00e9igi\u00fanach Scileanna agus Oili\u00fana, Ionad Oili\u00fana Barr Feabhais agus Ardmhonara\u00edochta agus r\u00e9imse leathan de sheirbh\u00eds\u00ed breisoideachais ar fud L\u00fa agus na M\u00ed, lena n-\u00e1ir\u00edtear Seirbh\u00eds\u00ed Foghlama d\u2019Aosaigh,\u00a0 Oideachas Pobail, Tionscnaimh um Fhilleadh ar Oideachas (BTEI), SDOG agus Treoir d&#8217;Aosaigh. T\u00e1 oidhreacht fhada, bhr\u00f3d\u00fail ag BOOLM as freastal ar mhuintir an r\u00e9igi\u00fain. Cib\u00e9 acu in\u00e1r bhfreagairt ar an bpaind\u00e9im, n\u00f3 in\u00e1r gcomhord\u00fa ar chur i bhfeidhm fhreagra na hearn\u00e1la poibl\u00ed ar thuarasc\u00e1il Geiran ar Dhroichead \u00c1tha, feictear BOOLM mar chomhph\u00e1irt\u00ed iontaofa i measc na ndaoine a nd\u00e9anaimid freastal orthu.<\/p>\n<p>T\u00e1 BOOLM ar cheann de na BOOnna is m\u00f3 sa t\u00edr ina bhfosta\u00edtear beagnach 2,500 ball foirne agus a chuireann oideachas agus oili\u00faint ar f\u00e1il do bhreis agus 12,000 dalta agus scol\u00e1ire ag leibh\u00e9al na bunscoile, na hiar-bhunscoile agus na hiar-Ardteistim\u00e9ireachta agus do bheagnach 22,000 foghlaimeoir breisoideachais agus oili\u00fana. T\u00e1 foireann BOOLM, beag beann ar ghr\u00e1d n\u00f3 r\u00f3l, tiomanta don ts\u00e1rmhaitheas agus don nu\u00e1la\u00edocht chun freastal ar mhuintir L\u00fa agus na M\u00ed. Is comhl\u00e1n\u00fa ar ghairmi\u00falacht \u00e1r bhfoirne, \u00e1r mBoird agus bhaill \u00e1r mbord bainist\u00edochta na caighde\u00e1in rialachais agus chuntasachta is airde i ngach a nd\u00e9anaimid. B&#8217;ionann caiteachas in 2020 agus \u20ac141m, lena n-\u00e1ir\u00edtear \u20ac74m ar bhunscoileanna agus iar-bhunscoileanna agus riarach\u00e1n l\u00e1rnach, \u20ac41m ar bhreisoideachas agus oili\u00faint agus \u20ac19m ar thionscadail chaipitil.<\/p>\n<p>Is turas ar feadh an tsaoil \u00e9 oideachas agus oili\u00faint cib\u00e9 acu i su\u00edomh ranga traidisi\u00fanta, su\u00edomh cumaisc n\u00f3 in\u00e1r dtimpeallachta\u00ed oili\u00fana le r\u00e9altacht fh\u00edor\u00fail at\u00e1 ar th\u00fas cadhna\u00edochta i gc\u00farsa\u00ed tionscla\u00edochta. Cib\u00e9 acu at\u00e1 t\u00fa ag iarraidh bunscoil ilchreidmheach a aimsi\u00fa, n\u00f3 b&#8217;fh\u00e9idir iar-bhunscoil \u00farscothach le roghanna leathana \u00e1bhair, t\u00e1 roghanna againn duit. Cib\u00e9 acu at\u00e1 t\u00fa ag lorg c\u00e1il\u00edocht iar-Ardteistim\u00e9ireachta i l\u00e9iri\u00fa teilif\u00edse agus scann\u00e1in, ceird a fhoghlaim, uirlis a sheinm n\u00f3 m\u00e1 t\u00e1 c\u00e1il\u00edocht tionscaltreoraithe \u00e1 lorg agat sa r\u00f3bataic agus sa r\u00f3bataic chomhoibr\u00edoch t\u00e1 rud \u00e9igin againn a oireann duit. Brabhs\u00e1il \u00e1r su\u00edomh, d\u00e9an ini\u00fachadh ar \u00e1r dtairiscint\u00ed, lig d\u00fainn a bheith mar chomhph\u00e1irtithe agat san fhoghlaim ar feadh an tsaoil. Gu\u00edm gach rath ort i do thuras foghlama agus t\u00e1 s\u00fail agam go roghn\u00f3idh t\u00fa sinne le bheith mar ph\u00e1irt\u00ed oideachais agus oili\u00fana agat chun do spriocanna forbartha gairmi\u00fala agus pearsanta f\u00e9in a bhaint amach. Giorra\u00edonn beirt b\u00f3thar.<\/p>\n<p><strong>Martin G. O&#8217;Brien<br \/><\/strong><strong>Pr\u00edomhfheidhmeannach<\/strong><\/p>\n<p><strong><br \/><\/strong><\/p>\n<p>[\/et_pb_text][\/et_pb_column][et_pb_column type=&#8221;1_3&#8243; module_class=&#8221;second-on-mobile&#8221; _builder_version=&#8221;4.16&#8243; _module_preset=&#8221;default&#8221; custom_css_main_element=&#8221;margin: auto;&#8221; global_colors_info=&#8221;{}&#8221;][et_pb_image src=&#8221;https:\/\/www.lmetb.ie\/wp-content\/uploads\/2024\/02\/CE-Head-ampamp-Shoulders-e1706782766682-300&#215;300.png&#8221; title_text=&#8221;CE Head &amp;amp; Shoulders&#8221; align_tablet=&#8221;right&#8221; align_phone=&#8221;center&#8221; align_last_edited=&#8221;on|desktop&#8221; _builder_version=&#8221;4.23.4&#8243; _module_preset=&#8221;default&#8221; custom_margin_tablet=&#8221;25px||||false|false&#8221; custom_margin_phone=&#8221;50px||||false|false&#8221; custom_margin_last_edited=&#8221;on|phone&#8221; hover_enabled=&#8221;0&#8243; border_radii=&#8221;on|250px|250px|250px|250px&#8221; border_width_all=&#8221;3px&#8221; border_color_all=&#8221;#FFFFFF&#8221; box_shadow_style=&#8221;preset1&#8243; global_colors_info=&#8221;{}&#8221; align=&#8221;center&#8221; sticky_enabled=&#8221;0&#8243; alt=&#8221;LMETB CEO&#8221;][\/et_pb_image][\/et_pb_column][\/et_pb_row][\/et_pb_section]<\/p>\n","protected":false},"excerpt":{"rendered":"<p><div class=\"et_pb_module lwp_divi_breadcrumbs lwp_divi_breadcrumbs_0 et_animated\">\n\t\t\t\t\n\t\t\t\t\n\t\t\t\t\n\t\t\t\t\n\t\t\t\t\n\t\t\t\t\n\t\t\t\t<div class=\"et_pb_module_inner\">\n\t\t\t\t\t<div class=\"lwp-breadcrumbs\"> <span class=\"before\"><\/span> <span vocab=\"https:\/\/schema.org\/\" typeof=\"BreadcrumbList\"><span property=\"itemListElement\" typeof=\"ListItem\"><a property=\"item\" typeof=\"WebPage\" href=\"https:\/\/www.lmetb.ie\/ga\/\" class=\"home\"><span property=\"name\">Home<\/span><\/a><meta property=\"position\" content=\"1\"><\/span> <span class=\"separator et-pb-icon\">&#x39;<\/span> <\/span><\/div>\n\t\t\t\t<\/div>\n\t\t\t<\/div>T\u00e1 an-\u00e1thas orm f\u00e1ilte a chur romhat chuig tairseach ar l\u00edne Bhord Oideachais agus Oili\u00fana L\u00fa agus na M\u00ed (BOOLM). Is \u00e9 BOOLM an sol\u00e1thra\u00ed oideachais agus oili\u00fana is m\u00f3 i L\u00fa agus sa Mh\u00ed, ag sol\u00e1thar r\u00e9imse seirbh\u00eds\u00ed oideachais&hellip; <a class=\"continue\" href=\"https:\/\/www.lmetb.ie\/ga\/cad-a-dheanaimid\/failte-on-bpriomhoifigeach-feidhmiuchain\/\">Continue Reading<span> F\u00e1ilte \u00f3n POF<\/span><\/a><\/p>\n","protected":false},"author":1,"featured_media":0,"parent":245042,"menu_order":0,"comment_status":"closed","ping_status":"closed","template":"","meta":{"_acf_changed":false,"_et_pb_use_builder":"on","_et_pb_old_content":"","_et_gb_content_width":"","footnotes":""},"class_list":["post-245045","page","type-page","status-publish","hentry"],"acf":[],"yoast_head":"<!-- This site is optimized with the Yoast SEO plugin v26.1 - https:\/\/yoast.com\/wordpress\/plugins\/seo\/ -->\n<title>F\u00e1ilte \u00f3n POF - Louth &amp; Meath Education and Training Board<\/title>\n<meta name=\"description\" content=\"F\u00e1ilte \u00f3n POF\" \/>\n<meta name=\"robots\" content=\"index, follow, max-snippet:-1, max-image-preview:large, max-video-preview:-1\" \/>\n<link rel=\"canonical\" href=\"https:\/\/www.lmetb.ie\/ga\/cad-a-dheanaimid\/failte-on-bpriomhoifigeach-feidhmiuchain\/\" \/>\n<meta property=\"og:locale\" content=\"ga_IE\" \/>\n<meta property=\"og:type\" content=\"article\" \/>\n<meta property=\"og:title\" content=\"F\u00e1ilte \u00f3n POF - Louth &amp; Meath Education and Training Board\" \/>\n<meta property=\"og:description\" content=\"F\u00e1ilte \u00f3n POF\" \/>\n<meta property=\"og:url\" content=\"https:\/\/www.lmetb.ie\/ga\/cad-a-dheanaimid\/failte-on-bpriomhoifigeach-feidhmiuchain\/\" \/>\n<meta property=\"og:site_name\" content=\"Louth &amp; Meath Education and Training Board\" \/>\n<meta property=\"article:modified_time\" content=\"2024-02-01T10:20:25+00:00\" \/>\n<meta name=\"twitter:card\" content=\"summary_large_image\" \/>\n<meta name=\"twitter:label1\" content=\"Est. reading time\" \/>\n\t<meta name=\"twitter:data1\" content=\"9 minutes\" \/>\n<script type=\"application\/ld+json\" class=\"yoast-schema-graph\">{\"@context\":\"https:\/\/schema.org\",\"@graph\":[{\"@type\":\"WebPage\",\"@id\":\"https:\/\/www.lmetb.ie\/ga\/cad-a-dheanaimid\/failte-on-bpriomhoifigeach-feidhmiuchain\/\",\"url\":\"https:\/\/www.lmetb.ie\/ga\/cad-a-dheanaimid\/failte-on-bpriomhoifigeach-feidhmiuchain\/\",\"name\":\"F\u00e1ilte \u00f3n POF - Louth &amp; Meath Education and Training Board\",\"isPartOf\":{\"@id\":\"https:\/\/www.lmetb.ie\/ga\/#website\"},\"datePublished\":\"2021-11-30T18:52:54+00:00\",\"dateModified\":\"2024-02-01T10:20:25+00:00\",\"description\":\"F\u00e1ilte \u00f3n POF\",\"breadcrumb\":{\"@id\":\"https:\/\/www.lmetb.ie\/ga\/cad-a-dheanaimid\/failte-on-bpriomhoifigeach-feidhmiuchain\/#breadcrumb\"},\"inLanguage\":\"ga-IE\",\"potentialAction\":[{\"@type\":\"ReadAction\",\"target\":[\"https:\/\/www.lmetb.ie\/ga\/cad-a-dheanaimid\/failte-on-bpriomhoifigeach-feidhmiuchain\/\"]}]},{\"@type\":\"BreadcrumbList\",\"@id\":\"https:\/\/www.lmetb.ie\/ga\/cad-a-dheanaimid\/failte-on-bpriomhoifigeach-feidhmiuchain\/#breadcrumb\",\"itemListElement\":[{\"@type\":\"ListItem\",\"position\":1,\"name\":\"Home\",\"item\":\"https:\/\/www.lmetb.ie\/ga\/\"},{\"@type\":\"ListItem\",\"position\":2,\"name\":\"Cad a Dh\u00e9anaimid\",\"item\":\"https:\/\/www.lmetb.ie\/ga\/cad-a-dheanaimid\/\"},{\"@type\":\"ListItem\",\"position\":3,\"name\":\"F\u00e1ilte \u00f3n POF\"}]},{\"@type\":\"WebSite\",\"@id\":\"https:\/\/www.lmetb.ie\/ga\/#website\",\"url\":\"https:\/\/www.lmetb.ie\/ga\/\",\"name\":\"Louth & Meath Education and Training Board\",\"description\":\"Bord Oideachas agus Oili\u00fana L\u00fa agus na M\u00ed\",\"publisher\":{\"@id\":\"https:\/\/www.lmetb.ie\/ga\/#organization\"},\"potentialAction\":[{\"@type\":\"SearchAction\",\"target\":{\"@type\":\"EntryPoint\",\"urlTemplate\":\"https:\/\/www.lmetb.ie\/ga\/?s={search_term_string}\"},\"query-input\":{\"@type\":\"PropertyValueSpecification\",\"valueRequired\":true,\"valueName\":\"search_term_string\"}}],\"inLanguage\":\"ga-IE\"},{\"@type\":\"Organization\",\"@id\":\"https:\/\/www.lmetb.ie\/ga\/#organization\",\"name\":\"Louth & Meath Education and Training Board\",\"url\":\"https:\/\/www.lmetb.ie\/ga\/\",\"logo\":{\"@type\":\"ImageObject\",\"inLanguage\":\"ga-IE\",\"@id\":\"https:\/\/www.lmetb.ie\/ga\/#\/schema\/logo\/image\/\",\"url\":\"https:\/\/www.lmetb.ie\/wp-content\/uploads\/2021\/06\/partnerLogo_2.jpg\",\"contentUrl\":\"https:\/\/www.lmetb.ie\/wp-content\/uploads\/2021\/06\/partnerLogo_2.jpg\",\"width\":300,\"height\":150,\"caption\":\"Louth & Meath Education and Training Board\"},\"image\":{\"@id\":\"https:\/\/www.lmetb.ie\/ga\/#\/schema\/logo\/image\/\"}}]}<\/script>\n<!-- \/ Yoast SEO plugin. -->","yoast_head_json":{"title":"F\u00e1ilte \u00f3n POF - Louth &amp; Meath Education and Training Board","description":"F\u00e1ilte \u00f3n POF","robots":{"index":"index","follow":"follow","max-snippet":"max-snippet:-1","max-image-preview":"max-image-preview:large","max-video-preview":"max-video-preview:-1"},"canonical":"https:\/\/www.lmetb.ie\/ga\/cad-a-dheanaimid\/failte-on-bpriomhoifigeach-feidhmiuchain\/","og_locale":"ga_IE","og_type":"article","og_title":"F\u00e1ilte \u00f3n POF - Louth &amp; Meath Education and Training Board","og_description":"F\u00e1ilte \u00f3n POF","og_url":"https:\/\/www.lmetb.ie\/ga\/cad-a-dheanaimid\/failte-on-bpriomhoifigeach-feidhmiuchain\/","og_site_name":"Louth &amp; Meath Education and Training Board","article_modified_time":"2024-02-01T10:20:25+00:00","twitter_card":"summary_large_image","twitter_misc":{"Est. reading time":"9 minutes"},"schema":{"@context":"https:\/\/schema.org","@graph":[{"@type":"WebPage","@id":"https:\/\/www.lmetb.ie\/ga\/cad-a-dheanaimid\/failte-on-bpriomhoifigeach-feidhmiuchain\/","url":"https:\/\/www.lmetb.ie\/ga\/cad-a-dheanaimid\/failte-on-bpriomhoifigeach-feidhmiuchain\/","name":"F\u00e1ilte \u00f3n POF - Louth &amp; Meath Education and Training Board","isPartOf":{"@id":"https:\/\/www.lmetb.ie\/ga\/#website"},"datePublished":"2021-11-30T18:52:54+00:00","dateModified":"2024-02-01T10:20:25+00:00","description":"F\u00e1ilte \u00f3n POF","breadcrumb":{"@id":"https:\/\/www.lmetb.ie\/ga\/cad-a-dheanaimid\/failte-on-bpriomhoifigeach-feidhmiuchain\/#breadcrumb"},"inLanguage":"ga-IE","potentialAction":[{"@type":"ReadAction","target":["https:\/\/www.lmetb.ie\/ga\/cad-a-dheanaimid\/failte-on-bpriomhoifigeach-feidhmiuchain\/"]}]},{"@type":"BreadcrumbList","@id":"https:\/\/www.lmetb.ie\/ga\/cad-a-dheanaimid\/failte-on-bpriomhoifigeach-feidhmiuchain\/#breadcrumb","itemListElement":[{"@type":"ListItem","position":1,"name":"Home","item":"https:\/\/www.lmetb.ie\/ga\/"},{"@type":"ListItem","position":2,"name":"Cad a Dh\u00e9anaimid","item":"https:\/\/www.lmetb.ie\/ga\/cad-a-dheanaimid\/"},{"@type":"ListItem","position":3,"name":"F\u00e1ilte \u00f3n POF"}]},{"@type":"WebSite","@id":"https:\/\/www.lmetb.ie\/ga\/#website","url":"https:\/\/www.lmetb.ie\/ga\/","name":"Louth & Meath Education and Training Board","description":"Bord Oideachas agus Oili\u00fana L\u00fa agus na M\u00ed","publisher":{"@id":"https:\/\/www.lmetb.ie\/ga\/#organization"},"potentialAction":[{"@type":"SearchAction","target":{"@type":"EntryPoint","urlTemplate":"https:\/\/www.lmetb.ie\/ga\/?s={search_term_string}"},"query-input":{"@type":"PropertyValueSpecification","valueRequired":true,"valueName":"search_term_string"}}],"inLanguage":"ga-IE"},{"@type":"Organization","@id":"https:\/\/www.lmetb.ie\/ga\/#organization","name":"Louth & Meath Education and Training Board","url":"https:\/\/www.lmetb.ie\/ga\/","logo":{"@type":"ImageObject","inLanguage":"ga-IE","@id":"https:\/\/www.lmetb.ie\/ga\/#\/schema\/logo\/image\/","url":"https:\/\/www.lmetb.ie\/wp-content\/uploads\/2021\/06\/partnerLogo_2.jpg","contentUrl":"https:\/\/www.lmetb.ie\/wp-content\/uploads\/2021\/06\/partnerLogo_2.jpg","width":300,"height":150,"caption":"Louth & Meath Education and Training Board"},"image":{"@id":"https:\/\/www.lmetb.ie\/ga\/#\/schema\/logo\/image\/"}}]}},"_links":{"self":[{"href":"https:\/\/www.lmetb.ie\/ga\/wp-json\/wp\/v2\/pages\/245045","targetHints":{"allow":["GET"]}}],"collection":[{"href":"https:\/\/www.lmetb.ie\/ga\/wp-json\/wp\/v2\/pages"}],"about":[{"href":"https:\/\/www.lmetb.ie\/ga\/wp-json\/wp\/v2\/types\/page"}],"author":[{"embeddable":true,"href":"https:\/\/www.lmetb.ie\/ga\/wp-json\/wp\/v2\/users\/1"}],"replies":[{"embeddable":true,"href":"https:\/\/www.lmetb.ie\/ga\/wp-json\/wp\/v2\/comments?post=245045"}],"version-history":[{"count":7,"href":"https:\/\/www.lmetb.ie\/ga\/wp-json\/wp\/v2\/pages\/245045\/revisions"}],"predecessor-version":[{"id":267586,"href":"https:\/\/www.lmetb.ie\/ga\/wp-json\/wp\/v2\/pages\/245045\/revisions\/267586"}],"up":[{"embeddable":true,"href":"https:\/\/www.lmetb.ie\/ga\/wp-json\/wp\/v2\/pages\/245042"}],"wp:attachment":[{"href":"https:\/\/www.lmetb.ie\/ga\/wp-json\/wp\/v2\/media?parent=245045"}],"curies":[{"name":"wp","href":"https:\/\/api.w.org\/{rel}","templated":true}]}}