{"id":245044,"date":"2021-11-30T18:52:00","date_gmt":"2021-11-30T18:52:36","guid":{"rendered":"https:\/\/lmetb.dev.webcore.cloud\/what-we-do\/legislation\/"},"modified":"2021-12-09T17:38:47","modified_gmt":"2021-12-09T17:38:47","slug":"reachtaiocht","status":"publish","type":"page","link":"https:\/\/www.lmetb.ie\/ga\/cad-a-dheanaimid\/reachtaiocht\/","title":{"rendered":"Reachta\u00edocht"},"content":{"rendered":"<p>[et_pb_section fb_built=&#8221;1&#8243; fullwidth=&#8221;on&#8221; custom_padding_last_edited=&#8221;on|tablet&#8221; _builder_version=&#8221;4.10.7&#8243; _module_preset=&#8221;default&#8221; background_enable_color=&#8221;off&#8221; custom_padding=&#8221;|0px||0px|false|false&#8221; custom_padding_tablet=&#8221;&#8221; custom_padding_phone=&#8221;|0px||0px|false|false&#8221; bottom_divider_style=&#8221;triangle&#8221; bottom_divider_color=&#8221;#FFFFFF&#8221; bottom_divider_height=&#8221;50px&#8221; bottom_divider_height_tablet=&#8221;40px&#8221; bottom_divider_height_phone=&#8221;30px&#8221; bottom_divider_height_last_edited=&#8221;on|phone&#8221; da_disable_devices=&#8221;off|off|off&#8221; global_colors_info=&#8221;{}&#8221; da_is_popup=&#8221;off&#8221; da_exit_intent=&#8221;off&#8221; da_has_close=&#8221;on&#8221; da_alt_close=&#8221;off&#8221; da_dark_close=&#8221;off&#8221; da_not_modal=&#8221;on&#8221; da_is_singular=&#8221;off&#8221; da_with_loader=&#8221;off&#8221; da_has_shadow=&#8221;on&#8221;][et_pb_fullwidth_header title=&#8221;@ET-DC@eyJkeW5hbWljIjp0cnVlLCJjb250ZW50IjoicG9zdF90aXRsZSIsInNldHRpbmdzIjp7ImJlZm9yZSI6IiIsImFmdGVyIjoiIn19@&#8221; text_orientation=&#8221;center&#8221; button_one_url=&#8221;back()&#8221; background_overlay_color=&#8221;rgba(135,0,18,0.8)&#8221; _builder_version=&#8221;4.14.1&#8243; _dynamic_attributes=&#8221;title&#8221; _module_preset=&#8221;default&#8221; title_font=&#8221;Montserrat||||||||&#8221; title_text_align=&#8221;center&#8221; title_text_color=&#8221;#ffffff&#8221; title_font_size=&#8221;64px&#8221; title_line_height=&#8221;1.3em&#8221; content_font=&#8221;Montserrat||||||||&#8221; content_font_size=&#8221;32px&#8221; content_line_height=&#8221;1.4em&#8221; subhead_font=&#8221;Geometria Regular|300|||||||&#8221; subhead_text_color=&#8221;#FFFFFF&#8221; subhead_font_size=&#8221;32px&#8221; subhead_line_height=&#8221;1.1em&#8221; background_enable_color=&#8221;off&#8221; background_image=&#8221;https:\/\/www.lmetb.ie\/wp-content\/uploads\/2021\/10\/localtraininginitiatives.jpg&#8221; parallax=&#8221;on&#8221; custom_button_one=&#8221;on&#8221; button_one_text_size=&#8221;20px&#8221; button_one_text_color=&#8221;#FFFFFF&#8221; button_one_bg_color=&#8221;#A81010&#8243; button_one_bg_use_color_gradient=&#8221;on&#8221; button_one_bg_color_gradient_start=&#8221;#fc1010&#8243; button_one_bg_color_gradient_end=&#8221;#a81010&#8243; button_one_border_width=&#8221;0px&#8221; button_one_border_color=&#8221;#FFFFFF&#8221; button_one_border_radius=&#8221;8px&#8221; button_one_font=&#8221;Geometria ExtraBold||||||||&#8221; button_one_icon=&#8221;&#x44;||divi||400&#8243; button_one_icon_placement=&#8221;left&#8221; button_one_on_hover=&#8221;off&#8221; button_one_custom_margin=&#8221;45px|||15px|false|false&#8221; button_one_custom_padding=&#8221;12px|30px|12px|45px|false|false&#8221; custom_button_two=&#8221;on&#8221; button_two_text_size=&#8221;17px&#8221; button_two_font=&#8221;TT Norms Light||||||||&#8221; button_two_icon=&#8221;&#x49;||divi||400&#8243; button_two_on_hover=&#8221;off&#8221; button_two_custom_margin=&#8221;45px||||false|false&#8221; button_two_custom_padding=&#8221;|30px||16px|false|false&#8221; vertical_offset=&#8221;50%&#8221; width=&#8221;100%&#8221; module_alignment=&#8221;center&#8221; min_height=&#8221;530px&#8221; height=&#8221;530px&#8221; max_height=&#8221;530px&#8221; custom_margin_tablet=&#8221;&#8221; custom_margin_phone=&#8221;|0px||0px|false|false&#8221; custom_margin_last_edited=&#8221;on|phone&#8221; custom_padding_tablet=&#8221;90px|0px||0px|false|false&#8221; custom_padding_phone=&#8221;90px|0px||0px|false|false&#8221; custom_padding_last_edited=&#8221;off|desktop&#8221; title_font_size_tablet=&#8221;54px&#8221; title_font_size_phone=&#8221;32px&#8221; title_font_size_last_edited=&#8221;on|desktop&#8221; content_font_size_tablet=&#8221;28px&#8221; content_font_size_phone=&#8221;17px&#8221; content_font_size_last_edited=&#8221;on|desktop&#8221; subhead_font_size_tablet=&#8221;28px&#8221; subhead_font_size_phone=&#8221;17px&#8221; subhead_font_size_last_edited=&#8221;on|phone&#8221; button_one_text_size_tablet=&#8221;&#8221; button_one_text_size_phone=&#8221;16px&#8221; button_one_text_size_last_edited=&#8221;on|phone&#8221; custom_css_main_element=&#8221;||&#8221; custom_css_title=&#8221;padding-bottom: 30px;&#8221; title_text_shadow_style=&#8221;preset3&#8243; subhead_text_shadow_style=&#8221;preset3&#8243; box_shadow_style_button_one=&#8221;preset3&#8243; global_colors_info=&#8221;{%22gcid-d3b67029-a63e-4d42-80dd-1eed13d1d216%22:%91%22background_overlay_color%22%93}&#8221; button_one_custom_margin__hover_enabled=&#8221;on|hover&#8221; button_two_custom_margin__hover_enabled=&#8221;on|desktop&#8221; custom_margin__hover_enabled=&#8221;off|desktop&#8221; custom_css_header_container_last_edited=&#8221;on|phone&#8221; custom_css_header_container_tablet=&#8221;margin-top: 80px;&#8221; custom_css_header_container_phone=&#8221;margin-top: 80px;&#8221; button_one_border_radius__hover=&#8221;8px&#8221; button_one_border_radius__hover_enabled=&#8221;on|hover&#8221; button_one_bg_color__hover_enabled=&#8221;on|hover&#8221; button_one_border_color__hover=&#8221;#FFFFFF&#8221; button_one_border_color__hover_enabled=&#8221;on|hover&#8221; button_one_bg_color_gradient_start__hover=&#8221;#f3ab34&#8243; button_one_bg_use_color_gradient__hover=&#8221;on&#8221; button_one_bg_color_gradient_end__hover=&#8221;#f25800&#8243; button_one_custom_margin__hover=&#8221;45px|||15px|false|false&#8221; button_two_custom_margin__hover=&#8221;45px||||false|false&#8221; button_one_bg_color__hover=&#8221;#A81010&#8243;][\/et_pb_fullwidth_header][\/et_pb_section][et_pb_section fb_built=&#8221;1&#8243; _builder_version=&#8221;4.8.2&#8243; _module_preset=&#8221;default&#8221; custom_margin=&#8221;0px||||false|false&#8221; custom_padding=&#8221;50px||50px||false|false&#8221; da_disable_devices=&#8221;off|off|off&#8221; global_colors_info=&#8221;{}&#8221; da_is_popup=&#8221;off&#8221; da_exit_intent=&#8221;off&#8221; da_has_close=&#8221;on&#8221; da_alt_close=&#8221;off&#8221; da_dark_close=&#8221;off&#8221; da_not_modal=&#8221;on&#8221; da_is_singular=&#8221;off&#8221; da_with_loader=&#8221;off&#8221; da_has_shadow=&#8221;on&#8221;][et_pb_row _builder_version=&#8221;4.10.7&#8243; _module_preset=&#8221;default&#8221; custom_margin=&#8221;0px||||false|false&#8221; custom_padding=&#8221;0px||0px||false|false&#8221; global_colors_info=&#8221;{}&#8221;][et_pb_column type=&#8221;4_4&#8243; _builder_version=&#8221;4.10.7&#8243; _module_preset=&#8221;default&#8221; global_colors_info=&#8221;{}&#8221;][lwp_divi_breadcrumbs use_before_icon=&#8221;off&#8221; link_color=&#8221;#1C3041&#8243; separator_color=&#8221;#1C3041&#8243; current_text_color=&#8221;#880D1E&#8221; _builder_version=&#8221;4.10.7&#8243; _module_preset=&#8221;default&#8221; module_font=&#8221;Geometria Bold||||||||&#8221; module_font_size=&#8221;18px&#8221; module_line_height=&#8221;1.6em&#8221; text_orientation=&#8221;left&#8221; custom_margin=&#8221;||0px||false|false&#8221; custom_padding=&#8221;0px||0px||false|false&#8221; animation_style=&#8221;fade&#8221; global_colors_info=&#8221;{}&#8221;][\/lwp_divi_breadcrumbs][et_pb_divider color=&#8221;#1C3041&#8243; _builder_version=&#8221;4.10.7&#8243; _module_preset=&#8221;default&#8221; custom_margin=&#8221;-20px||||false|false&#8221; global_colors_info=&#8221;{}&#8221;][\/et_pb_divider][\/et_pb_column][\/et_pb_row][et_pb_row use_custom_gutter=&#8221;on&#8221; gutter_width=&#8221;4&#8243; make_equal=&#8221;on&#8221; custom_padding_last_edited=&#8221;on|phone&#8221; module_class=&#8221;custom_row&#8221; _builder_version=&#8221;4.13.1&#8243; _module_preset=&#8221;default&#8221; custom_margin=&#8221;50px||||false|false&#8221; custom_padding=&#8221;0px||25px||false|false&#8221; custom_padding_tablet=&#8221;&#8221; custom_padding_phone=&#8221;0px||||false|false&#8221; locked=&#8221;off&#8221; global_colors_info=&#8221;{}&#8221;][et_pb_column type=&#8221;4_4&#8243; module_class=&#8221;second-on-mobile&#8221; _builder_version=&#8221;4.13.1&#8243; _module_preset=&#8221;default&#8221; custom_css_main_element=&#8221;margin: auto;&#8221; global_colors_info=&#8221;{}&#8221;][et_pb_text ul_type=&#8221;square&#8221; ul_item_indent=&#8221;45px&#8221; ol_type=&#8221;lower-latin&#8221; ol_position=&#8221;outside&#8221; ol_item_indent=&#8221;20px&#8221; _builder_version=&#8221;4.14.2&#8243; _module_preset=&#8221;default&#8221; text_font=&#8221;Geometria Regular||||||||&#8221; text_font_size=&#8221;18px&#8221; text_line_height=&#8221;1.6em&#8221; ul_font=&#8221;Geometria Regular||||||||&#8221; ul_text_color=&#8221;#000000&#8243; ol_text_color=&#8221;#000000&#8243; header_font=&#8221;Geometria Bold||||||||&#8221; header_text_align=&#8221;left&#8221; header_text_color=&#8221;#A81010&#8243; header_font_size=&#8221;28px&#8221; header_line_height=&#8221;1.4em&#8221; header_2_font=&#8221;Geometria ExtraBold||||||||&#8221; header_2_text_color=&#8221;#A81010&#8243; header_2_line_height=&#8221;1.1em&#8221; custom_padding=&#8221;0px|||||&#8221; animation_style=&#8221;fade&#8221; animation_direction=&#8221;left&#8221; hover_enabled=&#8221;0&#8243; text_font_size_tablet=&#8221;&#8221; text_font_size_phone=&#8221;16px&#8221; text_font_size_last_edited=&#8221;on|tablet&#8221; global_colors_info=&#8221;{}&#8221; sticky_enabled=&#8221;0&#8243;]<\/p>\n<h2>Forl\u00e9argas<\/h2>\n<p>Is comhlacht reacht\u00fail \u00e9 BOOLM. T\u00e1 a r\u00f3l agus a fheidhmeanna leagtha amach san Acht um Boird Oideachais agus Oili\u00fana, 2013. T\u00e1 feidhmeanna an Bhoird leagtha amach in alt 10 den Acht. Is iad seo \u2013<\/p>\n<ol>\n<li>scoileanna aitheanta, ionaid oideachais agus saor\u00e1id\u00ed oideachais n\u00f3 oili\u00fana a bhun\u00fa agus a chothabh\u00e1il ina limist\u00e9ar feidhme<\/li>\n<li>nuair a orda\u00edonn an tAire d\u00f3 \u00e9 sin a dh\u00e9anamh faoi alt 20 \u2014<br \/>i.\u00a0scoileanna aitheanta a bhun\u00fa agus a chothabh\u00e1il ina limist\u00e9ar feidhme,<br \/>ii. ionaid oideachais a bhun\u00fa agus a chothabh\u00e1il ina limist\u00e9ar feidhme,<br \/>iii. ionaid oideachais n\u00f3 scoileanna aitheanta a chothabh\u00e1il ina limist\u00e9ar feidhme, agus<br \/>iv. saor\u00e1id\u00ed oideachais n\u00f3 oili\u00fana a bhun\u00fa, a chothabh\u00e1il n\u00f3 acmhainn\u00ed a chur ar f\u00e1il d\u00f3ibh ina limist\u00e9ar feidhme,<\/li>\n<li>sol\u00e1thar oideachais agus oili\u00fana a phlean\u00e1il, a shol\u00e1thar, a chomhord\u00fa agus a athbhreithni\u00fa, lena n-\u00e1ir\u00edtear oideachas agus oili\u00faint chun cr\u00edche fosta\u00edochta, agus seirbh\u00eds\u00ed at\u00e1 coimhdeach leis sin ina limist\u00e9ar feidhme i\u2014<br \/>i. scoileanna n\u00f3 ionaid aitheanta oideachais at\u00e1 \u00e1 gcothabh\u00e1il aige,<br \/>ii. saor\u00e1id\u00ed oideachais n\u00f3 oili\u00fana at\u00e1 \u00e1 gcothabh\u00e1il n\u00f3 a bhfuil acmhainn\u00ed \u00e1 gcur ar f\u00e1il d\u00f3ibh aige,<br \/>iii. scoileanna coinne\u00e1la leana\u00ed,<br \/>iv. pr\u00edos\u00fain, agus<br \/>v. saor\u00e1id\u00ed at\u00e1 \u00e1 gcothabh\u00e1il ag comhlachta\u00ed seirbh\u00edse poibl\u00ed eile,<\/li>\n<li>socruithe a dh\u00e9anamh le sol\u00e1thraithe oideachais n\u00f3 oili\u00fana, agus seirbh\u00eds\u00ed taca\u00edochta a chur ar f\u00e1il d\u00f3ibh, de r\u00e9ir alt 22,<\/li>\n<li>scol\u00e1ireachta\u00ed a bhun\u00fa de r\u00e9ir alt 24,<\/li>\n<li>r\u00e1iteas strait\u00e9ise a ghlacadh de r\u00e9ir alt 27,<\/li>\n<li>plean seirbh\u00edse bliant\u00fail a ghlacadh de r\u00e9ir alt 47,<\/li>\n<li>comhoibri\u00fa le haon chomhlacht a ainmn\u00edtear chun na feidhmeanna ini\u00fachta inmhe\u00e1nacha a chur i gcr\u00edch faoi alt 52<\/li>\n<li>oideachas agus oili\u00faint a chur ar f\u00e1il ar iarratas \u00f3 aon chomhlacht, agus thar a cheann, a mhaoin\u00edonn oili\u00faint as airgead a shol\u00e1thra\u00edonn an tOireachtas don chomhlacht sin<\/li>\n<li>tac\u00fa le sol\u00e1thar, comhord\u00fa, riarach\u00e1n agus meas\u00fan\u00fa seirbh\u00eds\u00ed oibre don aos \u00f3g ina limist\u00e9ar feidhme agus cib\u00e9 faisn\u00e9is a shol\u00e1thar a iarrfaidh an tAire Leana\u00ed agus Gn\u00f3tha\u00ed \u00d3ige maidir leis an taca\u00edocht sin, agus<\/li>\n<li>meas\u00fan\u00fa a dh\u00e9anamh c\u00e9 acu at\u00e1 an bealach ina gcomhl\u00edonann s\u00e9 a fheidhmeanna eacnama\u00edoch, \u00e9ifeacht\u00fail agus \u00e9ifeachtach.<\/li>\n<li>Rachaidh bord oideachais agus oili\u00fana i gcomhairle, i gcomhl\u00edonadh a fheidhmeanna nuair is cu\u00ed leis, leis na nithe seo a leanas\u2014<\/li>\n<\/ol>\n<div><\/div>\n<div>\n<p>T\u00e1 BOOnna \u00e1 rial\u00fa ag Ciorcl\u00e1n 2 na Roinne Oideachais de 2019, an &#8220;C\u00f3d Cleachtais chun Boird Oideachais agus Oili\u00fana a Rial\u00fa&#8221;, agus baineann raon leathan sol\u00e1thar reachtach i r\u00e9ims\u00ed amhail riarach\u00e1n poibl\u00ed, dl\u00ed na gconartha\u00ed agus dl\u00ed fosta\u00edochta le gn\u00edomha\u00edochta\u00ed gach BOO. Sna gn\u00edomhartha \u00e9ags\u00fala agus sna hionstraim\u00ed reacht\u00fala at\u00e1 liostaithe th\u00edos t\u00e1 na for\u00e1lacha reachtacha sin is suntasa\u00ed do BOOLM. N\u00edl an liosta uileghabh\u00e1lach.<\/p>\n<\/div>\n<ul>\n<li>An tAcht Oideachais, 1998<\/li>\n<li>An tAcht Oideachais (Leas\u00fa), 2000<\/li>\n<li>Na hAchtanna um Oideachas do Dhaoine a bhfuil Riachtanais Speisialta Oideachais acu 2004<\/li>\n<li>Acht na gC\u00e1il\u00edochta\u00ed (Oideachas agus Oili\u00faint), 1999<\/li>\n<li>An tAcht um Obair \u00d3gra, 2001<\/li>\n<li>An tAcht um Chomhairle Mh\u00fainteoireachta, 2001<\/li>\n<li>An tAcht Breisoideachais agus Oili\u00fana, 2013<\/li>\n<li>Acht an Ard-Reachtaire Cuntas agus Ciste (Leas\u00fa), 1993<\/li>\n<li>An tAcht um Eitic in Oifig\u00ed Poibl\u00ed, 1995<\/li>\n<li>An tAcht um Chaighde\u00e1in in Oifig\u00ed Poibl\u00ed, 2001<\/li>\n<li>Acht na dTeangacha Oifigi\u00fala, 2003<\/li>\n<li>Acht na Leana\u00ed, 2001<\/li>\n<li>An tAcht um Ombudsman do Leana\u00ed, 2002<\/li>\n<li>An tAcht um Chosaint Sonra\u00ed, 2018<\/li>\n<li>Na hAchtanna um Shaor\u00e1il Faisn\u00e9ise, 1997-2014<\/li>\n<li>Na hAchtanna um Bainist\u00edocht na Seirbh\u00edse Poibl\u00ed (Earca\u00edocht agus Ceapach\u00e1in), 2004<\/li>\n<li>Na hAchtanna um Bearta Airgeadais \u00c9igeand\u00e1la ar Mhaithe le Leas an Phobail, 2009-2013<\/li>\n<li>An tAcht um Nochtadh Cosanta, 2014<\/li>\n<li>Na hAchtanna Ombudsman 1980-2012<\/li>\n<li>An tAcht um Eagr\u00fa Ama Oibre, 1997<\/li>\n<li>An tAcht um Chomhionannas Fosta\u00edochta, 1998 (agus An Bille, 2004)<\/li>\n<li>An tAcht um St\u00e1das Comhionann, 2000<\/li>\n<li>An tAcht um Chosaint Fostaithe (Obair Ph\u00e1irtaimseartha), 2001<\/li>\n<li>An tAcht um Chosaint Fostaithe (Obair Th\u00e9arma Shocraithe), 2003<\/li>\n<li>An tAcht um Chosaint Mh\u00e1ithreachais (Leas\u00fa), 2004<\/li>\n<li>An tAcht um \u00cdoca\u00edocht Iomarca\u00edochta, 1967-1991<\/li>\n<li>An tAcht um Fh\u00f3gra \u00cdosta agus T\u00e9arma\u00ed Fosta\u00edochta, 1973-2001 S\u00e1bh\u00e1ilteacht,<\/li>\n<li>An tAcht Sl\u00e1inte &amp; Leasa ag an Obair, 1989 agus Rialach\u00e1in ghaolmhara<\/li>\n<li>An tAcht Caidrimh Thionscail, 1990<\/li>\n<li>Acht Teanga Chomhartha\u00edochta na h\u00c9ireann, 2017<\/li>\n<li>An tAcht um Choimisi\u00fan na h\u00c9ireann um Chearta an Duine agus Comhionannas, 2014<\/li>\n<li>An tAcht um \u00cdoc P\u00e1, 1991<\/li>\n<li>An tAcht um Chosaint Mh\u00e1ithreachais, 1994<\/li>\n<li>An tAcht um Th\u00e9arma\u00ed Fosta\u00edochta (Faisn\u00e9is), 1994<\/li>\n<li>An tAcht um Shaoire Uchta\u00edoch, 1995<\/li>\n<li>An tAcht um Chosaint Daoine \u00d3ga (Fosta\u00edocht), 1996<\/li>\n<li>An tAcht um \u00cdoc Pras Cuntas, 1996<\/li>\n<li>Na hAchtanna um Dh\u00edfhost\u00fa \u00c9ag\u00f3rach, 1997-1993<\/li>\n<li>An tAcht um Shaoire do Thuismitheoir\u00ed, 1998<\/li>\n<li>An tAcht um Shaoire C\u00faram\u00f3ir\u00ed, 2001<\/li>\n<li>Na hAchtanna Airgeadais, blianta \u00e9ags\u00fala<\/li>\n<li>An tAcht Carthanas 2001<\/li>\n<\/ul>\n<p>T\u00e1 BOOLM feasach ar an r\u00f3l l\u00e1rnach at\u00e1 aige maidir le baint amach phr\u00edomhcheart an duine chun oideachais a chur chun cinn, a chosaint agus a dhearbh\u00fa mar cheart. T\u00e1 an ceart chun oideachais le f\u00e1il sa Choinbhinsi\u00fan Idirn\u00e1isi\u00fanta um Chearta Eacnama\u00edocha, S\u00f3isialta agus Cult\u00fartha (Airteagal 13). T\u00e1 freagracht ar gach comhlacht poibl\u00ed in \u00c9irinn comhionannas a chur chun cinn, idirdheal\u00fa a chosc agus cearta daonna a bhfostaithe, a gcustaim\u00e9ir\u00ed, a n-\u00fas\u00e1ideoir\u00ed seirbh\u00edse agus gach duine a nd\u00e9anann a mbeartais agus a bpleananna difear d\u00f3ibh a chosaint. Is oibleag\u00e1id dhl\u00edthi\u00fail \u00ed seo, ar a dtugtar Dualgas na hEarn\u00e1la Poibl\u00ed um Chomhionannas agus Cearta an Duine, agus th\u00e1inig s\u00ed \u00f3 Alt 42 den Acht um Choimisi\u00fan na h\u00c9ireann um Chearta an Duine agus Comhionannas, 2014.<\/p>\n<p>Aithn\u00edtear in Acht na dTeangacha Comhartha\u00edochta, 2017 (Acht 40 de 2017), a sh\u00ednigh an tUachtar\u00e1n Miche\u00e1l D. \u00d3 hUig\u00ednn ina dhl\u00ed ar 24 Nollaig 2017 agus ar cuireadh t\u00fas leis ar an 15 Nollaig 2020, Teanga Chomhartha\u00edochta na h\u00c9ireann mar theanga oifigi\u00fail in \u00c9irinn.\u00a0 Leagtar amach san Acht \u00a0teidl\u00edocht daoine bodhra ar ateangaireacht chun rochtain a fh\u00e1il ar fhaisn\u00e9is agus ar sheirbh\u00eds\u00ed a shol\u00e1thra\u00edonn comhlachta\u00ed poibl\u00ed.<\/p>\n<p>Leagtar amach san Acht an riachtanas at\u00e1 ann do ch\u00fairteanna agus do chomhlachta\u00ed poibl\u00ed ateangair\u00ed a \u00fas\u00e1id a bhfuil a gc\u00e1il\u00edochta\u00ed f\u00edoraithe ag Cl\u00e1r na nAteangair\u00ed Comhartha\u00edochta (RISLI). Beidh feabhs\u00fa ar shol\u00e1thar seirbh\u00eds\u00ed tr\u00ed Ghaeilge ar aon dul le sc\u00e9imeanna faoin OLA in 2013 mar chomhth\u00e9acs don r\u00e1iteas strait\u00e9ise freisin.<\/p>\n<p>[\/et_pb_text][\/et_pb_column][\/et_pb_row][\/et_pb_section]<\/p>\n","protected":false},"excerpt":{"rendered":"<p><div class=\"et_pb_module lwp_divi_breadcrumbs lwp_divi_breadcrumbs_0 et_animated\">\n\t\t\t\t\n\t\t\t\t\n\t\t\t\t\n\t\t\t\t\n\t\t\t\t\n\t\t\t\t\n\t\t\t\t<div class=\"et_pb_module_inner\">\n\t\t\t\t\t<div class=\"lwp-breadcrumbs\"> <span class=\"before\"><\/span> <span vocab=\"https:\/\/schema.org\/\" typeof=\"BreadcrumbList\"><span property=\"itemListElement\" typeof=\"ListItem\"><a property=\"item\" typeof=\"WebPage\" href=\"https:\/\/www.lmetb.ie\/ga\/\" class=\"home\"><span property=\"name\">Home<\/span><\/a><meta property=\"position\" content=\"1\"><\/span> <span class=\"separator et-pb-icon\">&#x39;<\/span> <\/span><\/div>\n\t\t\t\t<\/div>\n\t\t\t<\/div>Forl\u00e9argas Is comhlacht reacht\u00fail \u00e9 BOOLM. T\u00e1 a r\u00f3l agus a fheidhmeanna leagtha amach san Acht um Boird Oideachais agus Oili\u00fana, 2013. T\u00e1 feidhmeanna an Bhoird leagtha amach in alt 10 den Acht. Is iad seo \u2013 scoileanna aitheanta, ionaid&hellip; <a class=\"continue\" href=\"https:\/\/www.lmetb.ie\/ga\/cad-a-dheanaimid\/reachtaiocht\/\">Continue Reading<span> Reachta\u00edocht<\/span><\/a><\/p>\n","protected":false},"author":1,"featured_media":0,"parent":245042,"menu_order":3,"comment_status":"closed","ping_status":"closed","template":"","meta":{"_acf_changed":false,"_et_pb_use_builder":"on","_et_pb_old_content":"","_et_gb_content_width":"","footnotes":""},"class_list":["post-245044","page","type-page","status-publish","hentry"],"acf":[],"yoast_head":"<!-- This site is optimized with the Yoast SEO plugin v26.1 - https:\/\/yoast.com\/wordpress\/plugins\/seo\/ -->\n<title>Reachta\u00edocht - Louth &amp; Meath Education and Training Board<\/title>\n<meta name=\"description\" content=\"Reachta\u00edocht\" \/>\n<meta name=\"robots\" content=\"index, follow, max-snippet:-1, max-image-preview:large, max-video-preview:-1\" \/>\n<link rel=\"canonical\" href=\"https:\/\/www.lmetb.ie\/ga\/cad-a-dheanaimid\/reachtaiocht\/\" \/>\n<meta property=\"og:locale\" content=\"ga_IE\" \/>\n<meta property=\"og:type\" content=\"article\" \/>\n<meta property=\"og:title\" content=\"Reachta\u00edocht - Louth &amp; Meath Education and Training Board\" \/>\n<meta property=\"og:description\" content=\"Reachta\u00edocht\" \/>\n<meta property=\"og:url\" content=\"https:\/\/www.lmetb.ie\/ga\/cad-a-dheanaimid\/reachtaiocht\/\" \/>\n<meta property=\"og:site_name\" content=\"Louth &amp; Meath Education and Training Board\" \/>\n<meta property=\"article:modified_time\" content=\"2021-12-09T17:38:47+00:00\" \/>\n<meta name=\"twitter:card\" content=\"summary_large_image\" \/>\n<meta name=\"twitter:label1\" content=\"Est. reading time\" \/>\n\t<meta name=\"twitter:data1\" content=\"11 minutes\" \/>\n<script type=\"application\/ld+json\" class=\"yoast-schema-graph\">{\"@context\":\"https:\/\/schema.org\",\"@graph\":[{\"@type\":\"WebPage\",\"@id\":\"https:\/\/www.lmetb.ie\/ga\/cad-a-dheanaimid\/reachtaiocht\/\",\"url\":\"https:\/\/www.lmetb.ie\/ga\/cad-a-dheanaimid\/reachtaiocht\/\",\"name\":\"Reachta\u00edocht - Louth &amp; Meath Education and Training Board\",\"isPartOf\":{\"@id\":\"https:\/\/www.lmetb.ie\/ga\/#website\"},\"datePublished\":\"2021-11-30T18:52:36+00:00\",\"dateModified\":\"2021-12-09T17:38:47+00:00\",\"description\":\"Reachta\u00edocht\",\"breadcrumb\":{\"@id\":\"https:\/\/www.lmetb.ie\/ga\/cad-a-dheanaimid\/reachtaiocht\/#breadcrumb\"},\"inLanguage\":\"ga-IE\",\"potentialAction\":[{\"@type\":\"ReadAction\",\"target\":[\"https:\/\/www.lmetb.ie\/ga\/cad-a-dheanaimid\/reachtaiocht\/\"]}]},{\"@type\":\"BreadcrumbList\",\"@id\":\"https:\/\/www.lmetb.ie\/ga\/cad-a-dheanaimid\/reachtaiocht\/#breadcrumb\",\"itemListElement\":[{\"@type\":\"ListItem\",\"position\":1,\"name\":\"Home\",\"item\":\"https:\/\/www.lmetb.ie\/ga\/\"},{\"@type\":\"ListItem\",\"position\":2,\"name\":\"Cad a Dh\u00e9anaimid\",\"item\":\"https:\/\/www.lmetb.ie\/ga\/cad-a-dheanaimid\/\"},{\"@type\":\"ListItem\",\"position\":3,\"name\":\"Reachta\u00edocht\"}]},{\"@type\":\"WebSite\",\"@id\":\"https:\/\/www.lmetb.ie\/ga\/#website\",\"url\":\"https:\/\/www.lmetb.ie\/ga\/\",\"name\":\"Louth & Meath Education and Training Board\",\"description\":\"Bord Oideachas agus Oili\u00fana L\u00fa agus na M\u00ed\",\"publisher\":{\"@id\":\"https:\/\/www.lmetb.ie\/ga\/#organization\"},\"potentialAction\":[{\"@type\":\"SearchAction\",\"target\":{\"@type\":\"EntryPoint\",\"urlTemplate\":\"https:\/\/www.lmetb.ie\/ga\/?s={search_term_string}\"},\"query-input\":{\"@type\":\"PropertyValueSpecification\",\"valueRequired\":true,\"valueName\":\"search_term_string\"}}],\"inLanguage\":\"ga-IE\"},{\"@type\":\"Organization\",\"@id\":\"https:\/\/www.lmetb.ie\/ga\/#organization\",\"name\":\"Louth & Meath Education and Training Board\",\"url\":\"https:\/\/www.lmetb.ie\/ga\/\",\"logo\":{\"@type\":\"ImageObject\",\"inLanguage\":\"ga-IE\",\"@id\":\"https:\/\/www.lmetb.ie\/ga\/#\/schema\/logo\/image\/\",\"url\":\"https:\/\/www.lmetb.ie\/wp-content\/uploads\/2021\/06\/partnerLogo_2.jpg\",\"contentUrl\":\"https:\/\/www.lmetb.ie\/wp-content\/uploads\/2021\/06\/partnerLogo_2.jpg\",\"width\":300,\"height\":150,\"caption\":\"Louth & Meath Education and Training Board\"},\"image\":{\"@id\":\"https:\/\/www.lmetb.ie\/ga\/#\/schema\/logo\/image\/\"}}]}<\/script>\n<!-- \/ Yoast SEO plugin. -->","yoast_head_json":{"title":"Reachta\u00edocht - Louth &amp; Meath Education and Training Board","description":"Reachta\u00edocht","robots":{"index":"index","follow":"follow","max-snippet":"max-snippet:-1","max-image-preview":"max-image-preview:large","max-video-preview":"max-video-preview:-1"},"canonical":"https:\/\/www.lmetb.ie\/ga\/cad-a-dheanaimid\/reachtaiocht\/","og_locale":"ga_IE","og_type":"article","og_title":"Reachta\u00edocht - Louth &amp; Meath Education and Training Board","og_description":"Reachta\u00edocht","og_url":"https:\/\/www.lmetb.ie\/ga\/cad-a-dheanaimid\/reachtaiocht\/","og_site_name":"Louth &amp; Meath Education and Training Board","article_modified_time":"2021-12-09T17:38:47+00:00","twitter_card":"summary_large_image","twitter_misc":{"Est. reading time":"11 minutes"},"schema":{"@context":"https:\/\/schema.org","@graph":[{"@type":"WebPage","@id":"https:\/\/www.lmetb.ie\/ga\/cad-a-dheanaimid\/reachtaiocht\/","url":"https:\/\/www.lmetb.ie\/ga\/cad-a-dheanaimid\/reachtaiocht\/","name":"Reachta\u00edocht - Louth &amp; Meath Education and Training Board","isPartOf":{"@id":"https:\/\/www.lmetb.ie\/ga\/#website"},"datePublished":"2021-11-30T18:52:36+00:00","dateModified":"2021-12-09T17:38:47+00:00","description":"Reachta\u00edocht","breadcrumb":{"@id":"https:\/\/www.lmetb.ie\/ga\/cad-a-dheanaimid\/reachtaiocht\/#breadcrumb"},"inLanguage":"ga-IE","potentialAction":[{"@type":"ReadAction","target":["https:\/\/www.lmetb.ie\/ga\/cad-a-dheanaimid\/reachtaiocht\/"]}]},{"@type":"BreadcrumbList","@id":"https:\/\/www.lmetb.ie\/ga\/cad-a-dheanaimid\/reachtaiocht\/#breadcrumb","itemListElement":[{"@type":"ListItem","position":1,"name":"Home","item":"https:\/\/www.lmetb.ie\/ga\/"},{"@type":"ListItem","position":2,"name":"Cad a Dh\u00e9anaimid","item":"https:\/\/www.lmetb.ie\/ga\/cad-a-dheanaimid\/"},{"@type":"ListItem","position":3,"name":"Reachta\u00edocht"}]},{"@type":"WebSite","@id":"https:\/\/www.lmetb.ie\/ga\/#website","url":"https:\/\/www.lmetb.ie\/ga\/","name":"Louth & Meath Education and Training Board","description":"Bord Oideachas agus Oili\u00fana L\u00fa agus na M\u00ed","publisher":{"@id":"https:\/\/www.lmetb.ie\/ga\/#organization"},"potentialAction":[{"@type":"SearchAction","target":{"@type":"EntryPoint","urlTemplate":"https:\/\/www.lmetb.ie\/ga\/?s={search_term_string}"},"query-input":{"@type":"PropertyValueSpecification","valueRequired":true,"valueName":"search_term_string"}}],"inLanguage":"ga-IE"},{"@type":"Organization","@id":"https:\/\/www.lmetb.ie\/ga\/#organization","name":"Louth & Meath Education and Training Board","url":"https:\/\/www.lmetb.ie\/ga\/","logo":{"@type":"ImageObject","inLanguage":"ga-IE","@id":"https:\/\/www.lmetb.ie\/ga\/#\/schema\/logo\/image\/","url":"https:\/\/www.lmetb.ie\/wp-content\/uploads\/2021\/06\/partnerLogo_2.jpg","contentUrl":"https:\/\/www.lmetb.ie\/wp-content\/uploads\/2021\/06\/partnerLogo_2.jpg","width":300,"height":150,"caption":"Louth & Meath Education and Training Board"},"image":{"@id":"https:\/\/www.lmetb.ie\/ga\/#\/schema\/logo\/image\/"}}]}},"_links":{"self":[{"href":"https:\/\/www.lmetb.ie\/ga\/wp-json\/wp\/v2\/pages\/245044","targetHints":{"allow":["GET"]}}],"collection":[{"href":"https:\/\/www.lmetb.ie\/ga\/wp-json\/wp\/v2\/pages"}],"about":[{"href":"https:\/\/www.lmetb.ie\/ga\/wp-json\/wp\/v2\/types\/page"}],"author":[{"embeddable":true,"href":"https:\/\/www.lmetb.ie\/ga\/wp-json\/wp\/v2\/users\/1"}],"replies":[{"embeddable":true,"href":"https:\/\/www.lmetb.ie\/ga\/wp-json\/wp\/v2\/comments?post=245044"}],"version-history":[{"count":3,"href":"https:\/\/www.lmetb.ie\/ga\/wp-json\/wp\/v2\/pages\/245044\/revisions"}],"predecessor-version":[{"id":262515,"href":"https:\/\/www.lmetb.ie\/ga\/wp-json\/wp\/v2\/pages\/245044\/revisions\/262515"}],"up":[{"embeddable":true,"href":"https:\/\/www.lmetb.ie\/ga\/wp-json\/wp\/v2\/pages\/245042"}],"wp:attachment":[{"href":"https:\/\/www.lmetb.ie\/ga\/wp-json\/wp\/v2\/media?parent=245044"}],"curies":[{"name":"wp","href":"https:\/\/api.w.org\/{rel}","templated":true}]}}